{"id":74301,"date":"2025-10-25T16:23:28","date_gmt":"2025-10-25T16:23:28","guid":{"rendered":"https:\/\/complior.se\/?page_id=74301"},"modified":"2026-01-20T04:18:15","modified_gmt":"2026-01-20T03:18:15","slug":"hardware-security-module","status":"publish","type":"page","link":"https:\/\/complior.se\/en\/hardware-security-module\/","title":{"rendered":"Hardware encryption (HSM)"},"content":{"rendered":"<div class=\"wp-block-cover is-light\" style=\"margin-top:0;margin-bottom:0\"><span aria-hidden=\"true\" class=\"wp-block-cover__background has-background-dim-100 has-background-dim\" style=\"background-color:#f9f9f9\"><\/span><div class=\"wp-block-cover__inner-container has-global-padding is-layout-constrained wp-container-core-cover-is-layout-19c400f2 wp-block-cover-is-layout-constrained\">\n<div class=\"wp-block-columns alignwide blockera-block blockera-block-1r7mwyh is-layout-flex wp-container-core-columns-is-layout-bbbd7ad0 wp-block-columns-is-layout-flex\" style=\"margin-top:0;margin-bottom:0;padding-top:var(--wp--preset--spacing--superbspacing-xsmall);padding-bottom:var(--wp--preset--spacing--superbspacing-xsmall)\">\n<div class=\"wp-block-column is-vertically-aligned-center blockera-block blockera-block-889lrs is-layout-flow wp-container-core-column-is-layout-344ebfd7 wp-block-column-is-layout-flow\" style=\"padding-top:0;padding-right:0;padding-bottom:0;padding-left:0;flex-basis:50%\">\n<div class=\"wp-block-group has-global-padding is-content-justification-left is-layout-constrained wp-container-core-group-is-layout-3540e7cd wp-block-group-is-layout-constrained\">\n<h1 class=\"kt-adv-heading74301_67f31b-a2 wp-block-kadence-advancedheading\" data-kb-block=\"kb-adv-heading74301_67f31b-a2\">Hardware encryption (HSM)<\/h1>\n\n\n\n<div class=\"wp-block-group has-global-padding is-content-justification-left is-layout-constrained wp-container-core-group-is-layout-d73614d0 wp-block-group-is-layout-constrained\" style=\"border-left-color:#0d875c;border-left-width:6px;margin-top:var(--wp--preset--spacing--superbspacing-xsmall);margin-bottom:var(--wp--preset--spacing--superbspacing-xsmall);padding-top:1px;padding-right:var(--wp--preset--spacing--superbspacing-xsmall);padding-left:var(--wp--preset--spacing--superbspacing-xsmall)\">\n<p class=\"kt-adv-heading74301_0910bf-25 wp-block-kadence-advancedheading\" data-kb-block=\"kb-adv-heading74301_0910bf-25\"><strong>Ett kompromissl\u00f6st, fysiskt skydd f\u00f6r er mest kritiska data<\/strong><\/p>\n<\/div>\n\n\n\n<p class=\"kt-adv-heading74301_dafd15-c4 wp-block-kadence-advancedheading\" data-kb-block=\"kb-adv-heading74301_dafd15-c4\">N\u00e4r mjukvarubaserad s\u00e4kerhet inte r\u00e4cker till. En HSM (Hardware Security Module) agerar som ert &#8221;Root of Trust&#8221; \u2013 en dedikerad, sabotageskyddad h\u00e5rdvara som hanterar era kryptografiska processer helt isolerat fr\u00e5n omv\u00e4rlden.<br><br>Complior erbjuder HSM som tj\u00e4nst baserad p\u00e5 marknadsledande, FIPS-certifierad teknik. Ni f\u00e5r tillg\u00e5ng till <strong>tv\u00e5 helt privata partitioner<\/strong>, speglade mellan v\u00e5ra geografiskt \u00e5tskilda svenska datacenter. Detta garanterar inte bara h\u00f6gsta m\u00f6jliga s\u00e4kerhetsniv\u00e5 f\u00f6r era nycklar, utan \u00e4ven maximal tillg\u00e4nglighet och redundans.<\/p>\n<\/div>\n\n\n\n<div class=\"wp-block-uagb-buttons uagb-buttons__outer-wrap uagb-btn__default-btn uagb-btn-tablet__default-btn uagb-btn-mobile__default-btn uagb-block-b10e4784\"><div class=\"uagb-buttons__wrap uagb-buttons-layout-wrap\">\n<div class=\"wp-block-uagb-buttons-child uagb-buttons__outer-wrap uagb-block-e51d2f16 wp-block-button scale-hover\"><div class=\"uagb-button__wrapper\"><a class=\"uagb-buttons-repeater wp-block-button__link\" aria-label=\"\" href=\"https:\/\/www.complior.se\/wp-content\/uploads\/2023\/07\/HSM-one-pager_EN-2023.pdf\" rel=\"follow noopener\" target=\"_self\" role=\"button\"><div class=\"uagb-button__link\">Download Product Guide<\/div><span class=\"uagb-button__icon uagb-button__icon-position-after\"><svg xmlns=\"https:\/\/www.w3.org\/2000\/svg\" viewbox=\"0 0 448 512\" aria-hidden=\"true\" focussable=\"false\"><path d=\"M438.6 278.6l-160 160C272.4 444.9 264.2 448 256 448s-16.38-3.125-22.62-9.375c-12.5-12.5-12.5-32.75 0-45.25L338.8 288H32C14.33 288 .0016 273.7 .0016 256S14.33 224 32 224h306.8l-105.4-105.4c-12.5-12.5-12.5-32.75 0-45.25s32.75-12.5 45.25 0l160 160C451.1 245.9 451.1 266.1 438.6 278.6z\"><\/path><\/svg><\/span><\/a><\/div><\/div>\n<\/div><\/div>\n<\/div>\n\n\n\n<div class=\"wp-block-column is-vertically-aligned-center blockera-block blockera-block-13tl10c is-horizontal is-content-justification-right is-layout-flow wp-container-core-column-is-layout-10b4d9ed wp-block-column-is-layout-flow\" style=\"padding-right:0;padding-bottom:0;padding-left:0\">\n<figure class=\"wp-block-kadence-image kb-image74301_7d199e-5c\"><img loading=\"lazy\" decoding=\"async\" width=\"1280\" height=\"800\" src=\"https:\/\/complior.se\/wp-content\/uploads\/2025\/12\/HSM_Module.png\" alt=\"HSM Module as a service, en bild p\u00e5 en HSM modul med lysande lampor\" class=\"kb-img wp-image-77305\" srcset=\"https:\/\/complior.se\/wp-content\/uploads\/2025\/12\/HSM_Module.png 1280w, https:\/\/complior.se\/wp-content\/uploads\/2025\/12\/HSM_Module-300x188.png 300w, https:\/\/complior.se\/wp-content\/uploads\/2025\/12\/HSM_Module-1024x640.png 1024w, https:\/\/complior.se\/wp-content\/uploads\/2025\/12\/HSM_Module-768x480.png 768w, https:\/\/complior.se\/wp-content\/uploads\/2025\/12\/HSM_Module-18x12.png 18w\" sizes=\"auto, (max-width: 1280px) 100vw, 1280px\" \/><\/figure>\n<\/div>\n<\/div>\n<\/div><\/div>\n\n\n\n<div class=\"wp-block-group has-global-padding is-layout-constrained wp-block-group-is-layout-constrained\">\n<div class=\"wp-block-uagb-container uagb-block-de077aed alignfull uagb-is-root-container\"><div class=\"uagb-container-inner-blocks-wrap\">\n<div class=\"wp-block-group blockera-block blockera-block-1wjf6r3 has-global-padding is-content-justification-left is-layout-constrained wp-container-core-group-is-layout-b1db944d wp-block-group-is-layout-constrained\" style=\"margin-bottom:32px\">\n<h2 class=\"kt-adv-heading74301_e1fb5a-11 wp-block-kadence-advancedheading\" data-kb-block=\"kb-adv-heading74301_e1fb5a-11\">Varf\u00f6r v\u00e4lja HSM som tj\u00e4nst?<\/h2>\n\n\n\n<p class=\"kt-adv-heading74301_16eb42-c7 wp-block-kadence-advancedheading\" data-kb-block=\"kb-adv-heading74301_16eb42-c7\">Att \u00e4ga och drifta egna HSM:er kr\u00e4ver specialistkompetens, tunga investeringar och rigor\u00f6sa fysiska          s\u00e4kerhetsrutiner. Genom att konsumera HSM som tj\u00e4nst fr\u00e5n Complior f\u00e5r ni tillg\u00e5ng till marknadens s\u00e4kraste h\u00e5rdvara utan driftansvaret \u2013 placerad i svenska s\u00e4kra datacenter i l\u00e5sta burar och rack.<\/p>\n<\/div>\n\n\n\n<div class=\"wp-block-group blockera-block blockera-block-1ypsxl5 is-nowrap is-layout-flex wp-container-core-group-is-layout-a4be8777 wp-block-group-is-layout-flex\">\n<div class=\"wp-block-group blockera-block blockera-block-1q8quzb is-vertical is-content-justification-left is-layout-flex wp-container-core-group-is-layout-d021f6f5 wp-block-group-is-layout-flex\" style=\"padding-top:0;padding-bottom:0\">\n<h3 class=\"kt-adv-heading74301_1f0216-0e wp-block-kadence-advancedheading\" data-kb-block=\"kb-adv-heading74301_1f0216-0e\">FIPS-certifierad trygghet<\/h3>\n\n\n\n<p class=\"kt-adv-heading74301_598643-bc wp-block-kadence-advancedheading\" data-kb-block=\"kb-adv-heading74301_598643-bc\"><strong>Certifierad h\u00f6gsta s\u00e4kerhet<\/strong><br>V\u00e5ra HSM:er \u00e4r certifierade enligt <strong>FIPS 140-2 Level 3<\/strong>, vilket \u00e4r branschstandard f\u00f6r h\u00f6gsta s\u00e4kerhet. Det g\u00f6r att ni direkt uppfyller strikta h\u00e5rdvarukrav i regelverk som PCI DSS, eIDAS och GDPR utan egna investeringar.<\/p>\n<\/div>\n\n\n\n<div class=\"wp-block-group blockera-block blockera-block-gg6eo9 is-vertical is-content-justification-left is-layout-flex wp-container-core-group-is-layout-a4633baa wp-block-group-is-layout-flex\">\n<h3 class=\"kt-adv-heading74301_360609-06 wp-block-kadence-advancedheading\" data-kb-block=\"kb-adv-heading74301_360609-06\">Separation av ansvar<\/h3>\n\n\n\n<p class=\"kt-adv-heading74301_e181ac-61 wp-block-kadence-advancedheading\" data-kb-block=\"kb-adv-heading74301_e181ac-61\"><strong>Vi driftar, ni kontrollerar<\/strong><br>Vi ansvarar f\u00f6r h\u00e5rdvaran, str\u00f6mf\u00f6rs\u00f6rjningen och skalskyddet \u2013 men vi har <strong>aldrig<\/strong> tillg\u00e5ng till era nycklar. Genom strikt rollf\u00f6rdelning (Separation of Duties) garanterar vi att endast ni kan dekryptera er data.<\/p>\n<\/div>\n\n\n\n<div class=\"wp-block-group blockera-block blockera-block-k4b4ky is-vertical is-content-justification-left is-layout-flex wp-container-core-group-is-layout-a4633baa wp-block-group-is-layout-flex\">\n<h3 class=\"kt-adv-heading74301_eb345b-49 wp-block-kadence-advancedheading\" data-kb-block=\"kb-adv-heading74301_eb345b-49\">Kostnadseffektivitet <\/h3>\n\n\n\n<p class=\"kt-adv-heading74301_4d5139-7f wp-block-kadence-advancedheading\" data-kb-block=\"kb-adv-heading74301_4d5139-7f\"><strong>Fr\u00e5n CapEx till f\u00f6ruts\u00e4gbar OpEx<\/strong><br>Slipp tunga initiala investeringar i h\u00e5rdvara, licenser och utbildning. Med v\u00e5r tj\u00e4nstemodell betalar ni en fast m\u00e5nadskostnad f\u00f6r kapacitet och support, vilket frig\u00f6r kapital och g\u00f6r budgeteringen enkel.<\/p>\n<\/div>\n\n\n\n<div class=\"wp-block-group blockera-block blockera-block-1vyyqvl is-vertical is-content-justification-left is-layout-flex wp-container-core-group-is-layout-a4633baa wp-block-group-is-layout-flex\">\n<h3 class=\"kt-adv-heading74301_d80e0e-79 wp-block-kadence-advancedheading\" data-kb-block=\"kb-adv-heading74301_d80e0e-79\">Integration &amp; Flexibilitet<\/h3>\n\n\n\n<p class=\"kt-adv-heading74301_30dfe3-ef wp-block-kadence-advancedheading\" data-kb-block=\"kb-adv-heading74301_30dfe3-ef\"><strong>S\u00f6ml\u00f6s integration<\/strong><br>Anslut era applikationer via industristandarder som <strong>PKCS#11<\/strong>, Java (JCA\/JCE), Microsoft CNG eller REST API. Oavsett om ni k\u00f6r applikationerna i v\u00e5rt moln eller on-premise \u00e4r integrationen enkel och dokumenterad.<\/p>\n<\/div>\n<\/div>\n<\/div><\/div>\n\n\n\n<div class=\"wp-block-uagb-container uagb-block-d17992f4 alignfull uagb-is-root-container\"><div class=\"uagb-container-inner-blocks-wrap\">\n<div class=\"wp-block-columns blockera-block blockera-block-c7bgss is-layout-flex wp-container-core-columns-is-layout-1b896e15 wp-block-columns-is-layout-flex\">\n<div class=\"wp-block-column is-layout-flow wp-block-column-is-layout-flow\" style=\"flex-basis:66.66%\">\n<div class=\"wp-block-group blockera-block blockera-block-1miiw77 has-global-padding is-layout-constrained wp-container-core-group-is-layout-c4530e5b wp-block-group-is-layout-constrained\" style=\"margin-bottom:32px\">\n<h2 class=\"kt-adv-heading74301_8bb2d3-10 wp-block-kadence-advancedheading\" data-kb-block=\"kb-adv-heading74301_8bb2d3-10\">Complior erbjuder flera olika HSM-tj\u00e4nster<\/h2>\n\n\n\n<p class=\"kt-adv-heading74301_446ed8-43 wp-block-kadence-advancedheading\" data-kb-block=\"kb-adv-heading74301_446ed8-43\">Our HSM service offers the highest possible level of security to protect your sensitive data and keys. We can customize our solution to meet your specific security and compliance requirements while providing a cost-effective solution.<br><br><strong>To get started with an HSM as a service, you can choose from three different options depending on your needs and preferences:<br><\/strong><\/p>\n<\/div>\n\n\n\n<div class=\"wp-block-group blockera-block blockera-block-g81qh3 has-global-padding is-layout-constrained wp-container-core-group-is-layout-bdcbbb17 wp-block-group-is-layout-constrained\">\n<div class=\"wp-block-group blockera-block blockera-block-157g3kt is-nowrap is-layout-flex wp-container-core-group-is-layout-8bab3664 wp-block-group-is-layout-flex\">\n<p class=\"kt-adv-heading74301_bbe116-6a wp-block-kadence-advancedheading\" data-kb-block=\"kb-adv-heading74301_bbe116-6a\">1<\/p>\n\n\n\n<p class=\"kt-adv-heading74301_dc54af-91 wp-block-kadence-advancedheading\" data-kb-block=\"kb-adv-heading74301_dc54af-91\"><strong>HSM as a Service<\/strong>, a private partition in a physical HSM that synchronizes with a partition in a geographically separated data center to secure your keys. The partition is activated by you and meets high security and regulatory compliance requirements.<\/p>\n<\/div>\n\n\n\n<div class=\"wp-block-group blockera-block blockera-block-157g3kt is-nowrap is-layout-flex wp-container-core-group-is-layout-8bab3664 wp-block-group-is-layout-flex\">\n<p class=\"kt-adv-heading74301_8a0a22-47 wp-block-kadence-advancedheading\" data-kb-block=\"kb-adv-heading74301_8a0a22-47\">2<\/p>\n\n\n\n<p class=\"kt-adv-heading74301_451fea-c1 wp-block-kadence-advancedheading\" data-kb-block=\"kb-adv-heading74301_451fea-c1\"><strong>Dedicated HSM<\/strong> as a service, where the customer purchases a dedicated physical HSM as a service that is monitored, maintained, and managed within the service. Backup and clustering solutions are available.<\/p>\n<\/div>\n\n\n\n<div class=\"wp-block-group blockera-block blockera-block-157g3kt is-nowrap is-layout-flex wp-container-core-group-is-layout-8bab3664 wp-block-group-is-layout-flex\">\n<p class=\"kt-adv-heading74301_9ffedd-78 wp-block-kadence-advancedheading\" data-kb-block=\"kb-adv-heading74301_9ffedd-78\">3<\/p>\n\n\n\n<p class=\"kt-adv-heading74301_4b35b1-8e wp-block-kadence-advancedheading\" data-kb-block=\"kb-adv-heading74301_4b35b1-8e\"><strong>Purchase your own HSM<\/strong>, place it in our secure data centers, and let us help you monitor and maintain the device according to an agreement.<\/p>\n<\/div>\n<\/div>\n\n\n\n<p class=\"kt-adv-heading74301_8d5115-2f wp-block-kadence-advancedheading\" data-kb-block=\"kb-adv-heading74301_8d5115-2f\">Planering och design: Vi kan hj\u00e4lpa dig att identifiera dina specifika behov och planera en l\u00e4mplig HSM-l\u00f6sning baserat p\u00e5 dina krav p\u00e5 s\u00e4kerhet och efterlevnad av regler och standarder<\/p>\n<\/div>\n\n\n\n<div class=\"wp-block-column is-vertically-aligned-center blockera-block blockera-block-j8rhui has-background is-layout-flow wp-block-column-is-layout-flow\" style=\"border-radius:8px;background-color:#e8e8e8;flex-basis:33.33%\"><div class=\"cl-layout-container align\" style=\"--cl-layout-padding:0px;--cl-layout-margin:5px;--cl-layout-background-color:#cf2d2d00;\"><div  class=\"cl-layout cl-layout--grid  cl-layout--equal-rows  cl-layout--col-l-1 cl-layout--col-m-1 cl-layout--col-s-2 cl-layout--col-xs-1\"  style=\"--cl-layout-gap-c: 10px;--cl-layout-gap-r: 10px;\t\t\" ><div  class=\"cl-layout__item cl-layout__item--id-49733\" ><div  class=\"cl-template cl-template--post cl-template--id-75076 cl-template--image-top\" ><div class=\"cl-element cl-element-featured_media cl-element--instance-1005  cl-element-featured_media--sizing-aspect_ratio\"><a class=\"cl-element-featured_media__anchor\" href=\"https:\/\/complior.se\/en\/varfor-du-bor-overvaga-en-hsm-som-tjanst\/\" title=\"Why You Should Consider HSM as a Service\"><div class=\"cl-element-featured_media__image\" style=\"background-image: url(https:\/\/complior.se\/wp-content\/uploads\/2023\/04\/why-hsm-04-300x160.webp)\" role=\"img\" aria-label=\"2 people talking about HSM, one is holding a key and one is working on a laptop\"><\/div><\/a><\/div><div class=\"cl-element cl-element-section cl-element--instance-1006\"><div class=\"cl-element cl-element-taxonomy cl-element--instance-1001\"><div\t\t\t class=\"cl-element-taxonomy__term\" \t\t\t>\n\t\t\t\tBlog\t\t\t<\/div><\/div><h4 class=\"cl-element cl-element-title cl-element--instance-1002\"><a class=\"cl-element-title__anchor\" href=\"https:\/\/complior.se\/en\/varfor-du-bor-overvaga-en-hsm-som-tjanst\/\" target=\"_blank\">Why You Should Consider HSM as a Service<\/a><\/h4><div class=\"cl-element cl-element-excerpt cl-element--instance-1003\">If you want to protect your sensitive data with encryption, you need a secure place to store and manage your encryption keys.<\/div><div class=\"cl-element cl-element-link cl-element--instance-1004\"><a class=\"cl-element-link__anchor\" href=\"https:\/\/complior.se\/en\/varfor-du-bor-overvaga-en-hsm-som-tjanst\/\">L\u00e4s mer \u203a<\/a><\/div><\/div><\/div><\/div><\/div><\/div><\/div>\n<\/div>\n<\/div><\/div>\n<\/div>","protected":false},"excerpt":{"rendered":"<p>Varf\u00f6r v\u00e4lja HSM som tj\u00e4nst? Att \u00e4ga och drifta egna HSM:er kr\u00e4ver specialistkompetens, tunga investeringar och rigor\u00f6sa fysiska s\u00e4kerhetsrutiner. Genom att konsumera HSM som tj\u00e4nst fr\u00e5n Complior f\u00e5r ni tillg\u00e5ng till marknadens s\u00e4kraste h\u00e5rdvara utan driftansvaret \u2013 placerad i svenska s\u00e4kra datacenter i l\u00e5sta burar och rack. FIPS-certifierad trygghet Certifierad h\u00f6gsta s\u00e4kerhetV\u00e5ra HSM:er \u00e4r certifierade [&hellip;]<\/p>\n","protected":false},"author":3,"featured_media":0,"parent":0,"menu_order":0,"comment_status":"closed","ping_status":"closed","template":"blank","meta":{"_editorskit_title_hidden":false,"_editorskit_reading_time":0,"_editorskit_is_block_options_detached":false,"_editorskit_block_options_position":"{}","_eb_attr":"","inline_featured_image":false,"_uag_custom_page_level_css":"","wpm_timeformat":"","_wpm_styles":"","footnotes":""},"class_list":["post-74301","page","type-page","status-publish","hentry"],"yoast_head":"<!-- This site is optimized with the Yoast SEO plugin v27.4 - https:\/\/yoast.com\/product\/yoast-seo-wordpress\/ -->\n<title>H\u00e5rdvarukryptering (HSM) - Complior<\/title>\n<meta name=\"robots\" content=\"index, follow, max-snippet:-1, max-image-preview:large, max-video-preview:-1\" \/>\n<link rel=\"canonical\" href=\"https:\/\/complior.se\/en\/hardware-security-module\/\" \/>\n<meta property=\"og:locale\" content=\"en_GB\" \/>\n<meta property=\"og:type\" content=\"article\" \/>\n<meta property=\"og:title\" content=\"H\u00e5rdvarukryptering (HSM) - Complior\" \/>\n<meta property=\"og:description\" content=\"Varf\u00f6r v\u00e4lja HSM som tj\u00e4nst? Att \u00e4ga och drifta egna HSM:er kr\u00e4ver specialistkompetens, tunga investeringar och rigor\u00f6sa fysiska s\u00e4kerhetsrutiner. Genom att konsumera HSM som tj\u00e4nst fr\u00e5n Complior f\u00e5r ni tillg\u00e5ng till marknadens s\u00e4kraste h\u00e5rdvara utan driftansvaret \u2013 placerad i svenska s\u00e4kra datacenter i l\u00e5sta burar och rack. FIPS-certifierad trygghet Certifierad h\u00f6gsta s\u00e4kerhetV\u00e5ra HSM:er \u00e4r certifierade [&hellip;]\" \/>\n<meta property=\"og:url\" content=\"https:\/\/complior.se\/en\/hardware-security-module\/\" \/>\n<meta property=\"og:site_name\" content=\"Complior\" \/>\n<meta property=\"article:modified_time\" content=\"2026-01-20T03:18:15+00:00\" \/>\n<meta property=\"og:image\" content=\"https:\/\/complior.se\/wp-content\/uploads\/2025\/12\/HSM_Module.png\" \/>\n\t<meta property=\"og:image:width\" content=\"1280\" \/>\n\t<meta property=\"og:image:height\" content=\"800\" \/>\n\t<meta property=\"og:image:type\" content=\"image\/png\" \/>\n<meta name=\"twitter:card\" content=\"summary_large_image\" \/>\n<meta name=\"twitter:label1\" content=\"Estimated reading time\" \/>\n\t<meta name=\"twitter:data1\" content=\"3 minutes\" \/>\n<script type=\"application\/ld+json\" class=\"yoast-schema-graph\">{\"@context\":\"https:\\\/\\\/schema.org\",\"@graph\":[{\"@type\":\"WebPage\",\"@id\":\"https:\\\/\\\/complior.se\\\/hardware-security-module\\\/\",\"url\":\"https:\\\/\\\/complior.se\\\/hardware-security-module\\\/\",\"name\":\"H\u00e5rdvarukryptering (HSM) - Complior\",\"isPartOf\":{\"@id\":\"https:\\\/\\\/complior.se\\\/#website\"},\"primaryImageOfPage\":{\"@id\":\"https:\\\/\\\/complior.se\\\/hardware-security-module\\\/#primaryimage\"},\"image\":{\"@id\":\"https:\\\/\\\/complior.se\\\/hardware-security-module\\\/#primaryimage\"},\"thumbnailUrl\":\"https:\\\/\\\/complior.se\\\/wp-content\\\/uploads\\\/2025\\\/12\\\/HSM_Module.png\",\"datePublished\":\"2025-10-25T16:23:28+00:00\",\"dateModified\":\"2026-01-20T03:18:15+00:00\",\"breadcrumb\":{\"@id\":\"https:\\\/\\\/complior.se\\\/hardware-security-module\\\/#breadcrumb\"},\"inLanguage\":\"en-GB\",\"potentialAction\":[{\"@type\":\"ReadAction\",\"target\":[\"https:\\\/\\\/complior.se\\\/hardware-security-module\\\/\"]}]},{\"@type\":\"ImageObject\",\"inLanguage\":\"en-GB\",\"@id\":\"https:\\\/\\\/complior.se\\\/hardware-security-module\\\/#primaryimage\",\"url\":\"https:\\\/\\\/complior.se\\\/wp-content\\\/uploads\\\/2025\\\/12\\\/HSM_Module.png\",\"contentUrl\":\"https:\\\/\\\/complior.se\\\/wp-content\\\/uploads\\\/2025\\\/12\\\/HSM_Module.png\"},{\"@type\":\"BreadcrumbList\",\"@id\":\"https:\\\/\\\/complior.se\\\/hardware-security-module\\\/#breadcrumb\",\"itemListElement\":[{\"@type\":\"ListItem\",\"position\":1,\"name\":\"Home\",\"item\":\"https:\\\/\\\/complior.se\\\/\"},{\"@type\":\"ListItem\",\"position\":2,\"name\":\"H\u00e5rdvarukryptering (HSM)\"}]},{\"@type\":\"WebSite\",\"@id\":\"https:\\\/\\\/complior.se\\\/#website\",\"url\":\"https:\\\/\\\/complior.se\\\/\",\"name\":\"Complior\",\"description\":\"Security beyond compliance\",\"publisher\":{\"@id\":\"https:\\\/\\\/complior.se\\\/#organization\"},\"potentialAction\":[{\"@type\":\"SearchAction\",\"target\":{\"@type\":\"EntryPoint\",\"urlTemplate\":\"https:\\\/\\\/complior.se\\\/?s={search_term_string}\"},\"query-input\":{\"@type\":\"PropertyValueSpecification\",\"valueRequired\":true,\"valueName\":\"search_term_string\"}}],\"inLanguage\":\"en-GB\"},{\"@type\":\"Organization\",\"@id\":\"https:\\\/\\\/complior.se\\\/#organization\",\"name\":\"Complior\",\"url\":\"https:\\\/\\\/complior.se\\\/\",\"logo\":{\"@type\":\"ImageObject\",\"inLanguage\":\"en-GB\",\"@id\":\"https:\\\/\\\/complior.se\\\/#\\\/schema\\\/logo\\\/image\\\/\",\"url\":\"https:\\\/\\\/complior.se\\\/wp-content\\\/uploads\\\/2025\\\/06\\\/Complior_logo_dark-scaled.png\",\"contentUrl\":\"https:\\\/\\\/complior.se\\\/wp-content\\\/uploads\\\/2025\\\/06\\\/Complior_logo_dark-scaled.png\",\"width\":2560,\"height\":960,\"caption\":\"Complior\"},\"image\":{\"@id\":\"https:\\\/\\\/complior.se\\\/#\\\/schema\\\/logo\\\/image\\\/\"}}]}<\/script>\n<!-- \/ Yoast SEO plugin. -->","yoast_head_json":{"title":"H\u00e5rdvarukryptering (HSM) - Complior","robots":{"index":"index","follow":"follow","max-snippet":"max-snippet:-1","max-image-preview":"max-image-preview:large","max-video-preview":"max-video-preview:-1"},"canonical":"https:\/\/complior.se\/en\/hardware-security-module\/","og_locale":"en_GB","og_type":"article","og_title":"H\u00e5rdvarukryptering (HSM) - Complior","og_description":"Varf\u00f6r v\u00e4lja HSM som tj\u00e4nst? Att \u00e4ga och drifta egna HSM:er kr\u00e4ver specialistkompetens, tunga investeringar och rigor\u00f6sa fysiska s\u00e4kerhetsrutiner. Genom att konsumera HSM som tj\u00e4nst fr\u00e5n Complior f\u00e5r ni tillg\u00e5ng till marknadens s\u00e4kraste h\u00e5rdvara utan driftansvaret \u2013 placerad i svenska s\u00e4kra datacenter i l\u00e5sta burar och rack. FIPS-certifierad trygghet Certifierad h\u00f6gsta s\u00e4kerhetV\u00e5ra HSM:er \u00e4r certifierade [&hellip;]","og_url":"https:\/\/complior.se\/en\/hardware-security-module\/","og_site_name":"Complior","article_modified_time":"2026-01-20T03:18:15+00:00","og_image":[{"width":1280,"height":800,"url":"https:\/\/complior.se\/wp-content\/uploads\/2025\/12\/HSM_Module.png","type":"image\/png"}],"twitter_card":"summary_large_image","twitter_misc":{"Estimated reading time":"3 minutes"},"schema":{"@context":"https:\/\/schema.org","@graph":[{"@type":"WebPage","@id":"https:\/\/complior.se\/hardware-security-module\/","url":"https:\/\/complior.se\/hardware-security-module\/","name":"H\u00e5rdvarukryptering (HSM) - Complior","isPartOf":{"@id":"https:\/\/complior.se\/#website"},"primaryImageOfPage":{"@id":"https:\/\/complior.se\/hardware-security-module\/#primaryimage"},"image":{"@id":"https:\/\/complior.se\/hardware-security-module\/#primaryimage"},"thumbnailUrl":"https:\/\/complior.se\/wp-content\/uploads\/2025\/12\/HSM_Module.png","datePublished":"2025-10-25T16:23:28+00:00","dateModified":"2026-01-20T03:18:15+00:00","breadcrumb":{"@id":"https:\/\/complior.se\/hardware-security-module\/#breadcrumb"},"inLanguage":"en-GB","potentialAction":[{"@type":"ReadAction","target":["https:\/\/complior.se\/hardware-security-module\/"]}]},{"@type":"ImageObject","inLanguage":"en-GB","@id":"https:\/\/complior.se\/hardware-security-module\/#primaryimage","url":"https:\/\/complior.se\/wp-content\/uploads\/2025\/12\/HSM_Module.png","contentUrl":"https:\/\/complior.se\/wp-content\/uploads\/2025\/12\/HSM_Module.png"},{"@type":"BreadcrumbList","@id":"https:\/\/complior.se\/hardware-security-module\/#breadcrumb","itemListElement":[{"@type":"ListItem","position":1,"name":"Home","item":"https:\/\/complior.se\/"},{"@type":"ListItem","position":2,"name":"H\u00e5rdvarukryptering (HSM)"}]},{"@type":"WebSite","@id":"https:\/\/complior.se\/#website","url":"https:\/\/complior.se\/","name":"Complior","description":"Security beyond compliance","publisher":{"@id":"https:\/\/complior.se\/#organization"},"potentialAction":[{"@type":"SearchAction","target":{"@type":"EntryPoint","urlTemplate":"https:\/\/complior.se\/?s={search_term_string}"},"query-input":{"@type":"PropertyValueSpecification","valueRequired":true,"valueName":"search_term_string"}}],"inLanguage":"en-GB"},{"@type":"Organization","@id":"https:\/\/complior.se\/#organization","name":"Complior","url":"https:\/\/complior.se\/","logo":{"@type":"ImageObject","inLanguage":"en-GB","@id":"https:\/\/complior.se\/#\/schema\/logo\/image\/","url":"https:\/\/complior.se\/wp-content\/uploads\/2025\/06\/Complior_logo_dark-scaled.png","contentUrl":"https:\/\/complior.se\/wp-content\/uploads\/2025\/06\/Complior_logo_dark-scaled.png","width":2560,"height":960,"caption":"Complior"},"image":{"@id":"https:\/\/complior.se\/#\/schema\/logo\/image\/"}}]}},"uagb_featured_image_src":{"full":false,"thumbnail":false,"medium":false,"medium_large":false,"large":false,"1536x1536":false,"2048x2048":false,"trp-custom-language-flag":false},"uagb_author_info":{"display_name":"Johan Challita","author_link":"https:\/\/complior.se\/en\/author\/johan-challita\/"},"uagb_comment_info":0,"uagb_excerpt":"Varf\u00f6r v\u00e4lja HSM som tj\u00e4nst? Att \u00e4ga och drifta egna HSM:er kr\u00e4ver specialistkompetens, tunga investeringar och rigor\u00f6sa fysiska s\u00e4kerhetsrutiner. Genom att konsumera HSM som tj\u00e4nst fr\u00e5n Complior f\u00e5r ni tillg\u00e5ng till marknadens s\u00e4kraste h\u00e5rdvara utan driftansvaret \u2013 placerad i svenska s\u00e4kra datacenter i l\u00e5sta burar och rack. FIPS-certifierad trygghet Certifierad h\u00f6gsta s\u00e4kerhetV\u00e5ra HSM:er \u00e4r certifierade&hellip;","_links":{"self":[{"href":"https:\/\/complior.se\/en\/wp-json\/wp\/v2\/pages\/74301","targetHints":{"allow":["GET"]}}],"collection":[{"href":"https:\/\/complior.se\/en\/wp-json\/wp\/v2\/pages"}],"about":[{"href":"https:\/\/complior.se\/en\/wp-json\/wp\/v2\/types\/page"}],"author":[{"embeddable":true,"href":"https:\/\/complior.se\/en\/wp-json\/wp\/v2\/users\/3"}],"replies":[{"embeddable":true,"href":"https:\/\/complior.se\/en\/wp-json\/wp\/v2\/comments?post=74301"}],"version-history":[{"count":48,"href":"https:\/\/complior.se\/en\/wp-json\/wp\/v2\/pages\/74301\/revisions"}],"predecessor-version":[{"id":79272,"href":"https:\/\/complior.se\/en\/wp-json\/wp\/v2\/pages\/74301\/revisions\/79272"}],"wp:attachment":[{"href":"https:\/\/complior.se\/en\/wp-json\/wp\/v2\/media?parent=74301"}],"curies":[{"name":"wp","href":"https:\/\/api.w.org\/{rel}","templated":true}]}}