{"id":74305,"date":"2025-10-25T16:26:30","date_gmt":"2025-10-25T16:26:30","guid":{"rendered":"https:\/\/complior.se\/?page_id=74305"},"modified":"2026-01-20T04:43:50","modified_gmt":"2026-01-20T03:43:50","slug":"siem","status":"publish","type":"page","link":"https:\/\/complior.se\/en\/siem\/","title":{"rendered":"Logganalys (SIEM)"},"content":{"rendered":"<div class=\"wp-block-cover is-light blockera-block blockera-block--472ip2\" style=\"margin-top:0px;margin-bottom:0px\"><span aria-hidden=\"true\" class=\"wp-block-cover__background has-background-dim-100 has-background-dim\" style=\"background-color:#f9f9f9\"><\/span><div class=\"wp-block-cover__inner-container has-global-padding is-layout-constrained wp-container-core-cover-is-layout-06b2d336 wp-block-cover-is-layout-constrained\">\n<div class=\"wp-block-columns alignwide are-vertically-aligned-center blockera-block blockera-block-z9yys1 is-layout-flex wp-container-core-columns-is-layout-bbbd7ad0 wp-block-columns-is-layout-flex\" style=\"margin-top:0;margin-bottom:0;padding-top:var(--wp--preset--spacing--superbspacing-xsmall);padding-bottom:var(--wp--preset--spacing--superbspacing-xsmall)\">\n<div class=\"wp-block-column is-vertically-aligned-center blockera-block blockera-block-p95ndw is-layout-flow wp-container-core-column-is-layout-344ebfd7 wp-block-column-is-layout-flow\" style=\"padding-top:0;padding-right:0;padding-bottom:0;padding-left:0;flex-basis:50%\">\n<div class=\"wp-block-group has-global-padding is-content-justification-left is-layout-constrained wp-container-core-group-is-layout-3540e7cd wp-block-group-is-layout-constrained\">\n<h1 class=\"kt-adv-heading74305_62af9a-37 wp-block-kadence-advancedheading\" data-kb-block=\"kb-adv-heading74305_62af9a-37\">Logganalys (SIEM)<\/h1>\n\n\n\n<div class=\"wp-block-group has-global-padding is-content-justification-left is-layout-constrained wp-container-core-group-is-layout-d73614d0 wp-block-group-is-layout-constrained\" style=\"border-left-color:#0d875c;border-left-width:6px;margin-top:var(--wp--preset--spacing--superbspacing-xsmall);margin-bottom:var(--wp--preset--spacing--superbspacing-xsmall);padding-top:1px;padding-right:var(--wp--preset--spacing--superbspacing-xsmall);padding-left:var(--wp--preset--spacing--superbspacing-xsmall)\">\n<p class=\"kt-adv-heading74305_6a9e3a-78 wp-block-kadence-advancedheading\" data-kb-block=\"kb-adv-heading74305_6a9e3a-78\"><strong>Full insyn och sp\u00e5rbarhet i realtid<\/strong><\/p>\n<\/div>\n\n\n\n<p class=\"kt-adv-heading74305_3ffd2d-0f wp-block-kadence-advancedheading\" data-kb-block=\"kb-adv-heading74305_3ffd2d-0f\">Att samla in loggar \u00e4r ofta ett lagkrav, men att hitta hoten i informationsfl\u00f6det \u00e4r en konst. Utan intelligent analys \u00e4r loggar bara brus.<br><br>Complior erbjuder en kraftfull SIEM-tj\u00e4nst som samlar in, korrelerar och analyserar data fr\u00e5n hela er infrastruktur i realtid. Vi omvandlar miljontals loggrader till tydliga insikter, vilket g\u00f6r att ni kan uppt\u00e4cka intr\u00e5ngsf\u00f6rs\u00f6k och avvikelser <em>innan<\/em> skadan \u00e4r skedd.<br><br><strong>Svensk Compliance:<\/strong> F\u00f6r er inom bank, finans och e-handel \u00e4r sp\u00e5rbarhet (krav 10 i PCI DSS) aff\u00e4rskritiskt. Eftersom loggdata ofta inneh\u00e5ller personuppgifter, lagrar vi all information i svenska datacenter. Det ger er en GDPR-s\u00e4ker l\u00f6sning utan exponering mot tredje land.<\/p>\n<\/div>\n\n\n\n<div class=\"wp-block-uagb-buttons uagb-buttons__outer-wrap uagb-btn__default-btn uagb-btn-tablet__default-btn uagb-btn-mobile__default-btn uagb-block-b10e4784\"><div class=\"uagb-buttons__wrap uagb-buttons-layout-wrap\">\n<div class=\"wp-block-uagb-buttons-child uagb-buttons__outer-wrap uagb-block-e51d2f16 wp-block-button scale-hover\"><div class=\"uagb-button__wrapper\"><a class=\"uagb-buttons-repeater wp-block-button__link\" aria-label=\"\" href=\"https:\/\/complior.se\/en\/contact\/\" rel=\"follow noopener\" target=\"_self\" role=\"button\"><div class=\"uagb-button__link\">Contact us<\/div><span class=\"uagb-button__icon uagb-button__icon-position-after\"><svg xmlns=\"https:\/\/www.w3.org\/2000\/svg\" viewbox=\"0 0 448 512\" aria-hidden=\"true\" focussable=\"false\"><path d=\"M438.6 278.6l-160 160C272.4 444.9 264.2 448 256 448s-16.38-3.125-22.62-9.375c-12.5-12.5-12.5-32.75 0-45.25L338.8 288H32C14.33 288 .0016 273.7 .0016 256S14.33 224 32 224h306.8l-105.4-105.4c-12.5-12.5-12.5-32.75 0-45.25s32.75-12.5 45.25 0l160 160C451.1 245.9 451.1 266.1 438.6 278.6z\"><\/path><\/svg><\/span><\/a><\/div><\/div>\n<\/div><\/div>\n<\/div>\n\n\n\n<div class=\"wp-block-column is-vertically-aligned-center blockera-block blockera-block-p921e4 is-horizontal is-content-justification-right is-layout-flow wp-container-core-column-is-layout-3ad7135e wp-block-column-is-layout-flow\" style=\"padding-right:0;padding-bottom:0;padding-left:0\">\n<div class=\"wp-block-kadence-image kb-image74305_5942e8-c6\"><figure class=\"aligncenter\"><img loading=\"lazy\" decoding=\"async\" width=\"1248\" height=\"832\" src=\"https:\/\/complior.se\/wp-content\/uploads\/2025\/12\/SIEM_Log.png\" alt=\"SIEM - Logg as a service , symbol i ett datacenter f\u00f6r logghantering\" class=\"kb-img wp-image-77311\" srcset=\"https:\/\/complior.se\/wp-content\/uploads\/2025\/12\/SIEM_Log.png 1248w, https:\/\/complior.se\/wp-content\/uploads\/2025\/12\/SIEM_Log-300x200.png 300w, https:\/\/complior.se\/wp-content\/uploads\/2025\/12\/SIEM_Log-1024x683.png 1024w, https:\/\/complior.se\/wp-content\/uploads\/2025\/12\/SIEM_Log-768x512.png 768w, https:\/\/complior.se\/wp-content\/uploads\/2025\/12\/SIEM_Log-18x12.png 18w\" sizes=\"auto, (max-width: 1248px) 100vw, 1248px\" \/><\/figure><\/div>\n<\/div>\n<\/div>\n<\/div><\/div>\n\n\n\n<div class=\"wp-block-group blockera-block blockera-block-rt01dd has-global-padding is-layout-constrained wp-container-core-group-is-layout-e555385e wp-block-group-is-layout-constrained\">\n<div class=\"wp-block-uagb-container uagb-block-7ffa5b03 alignfull uagb-is-root-container\"><div class=\"uagb-container-inner-blocks-wrap\">\n<div class=\"wp-block-group blockera-block blockera-block-zqyg88 is-content-justification-space-between is-nowrap is-layout-flex wp-container-core-group-is-layout-08b5c971 wp-block-group-is-layout-flex\" style=\"padding-right:0;padding-left:0\">\n<div class=\"wp-block-uagb-container uagb-block-0211ae7b\">\n<div class=\"wp-block-group has-global-padding is-content-justification-left is-layout-constrained wp-container-core-group-is-layout-b1ab7395 wp-block-group-is-layout-constrained\" style=\"padding-top:0;padding-bottom:0\">\n<h2 class=\"kt-adv-heading74305_c7c822-88 wp-block-kadence-advancedheading\" data-kb-block=\"kb-adv-heading74305_c7c822-88\">Sp\u00e5rbarhet som klarar revisionen<\/h2>\n\n\n\n<p class=\"kt-adv-heading74305_186f3d-b7 wp-block-kadence-advancedheading\" data-kb-block=\"kb-adv-heading74305_186f3d-b7\">F\u00f6r att uppfylla kraven i PCI DSS (Krav 10), GDPR och NIS 2 r\u00e4cker det inte att bara lagra loggar \u2013 de m\u00e5ste granskas f\u00f6r att vara giltiga.<br><br>Manuell granskning \u00e4r n\u00e4stintill om\u00f6jligt i dagens datam\u00e4ngder. V\u00e5r l\u00f6sning automatiserar analysen och flaggar endast relevanta avvikelser. Eftersom loggdata ofta klassas som k\u00e4nslig information (personuppgifter), garanterar vi att all lagring och analys sker uteslutande i v\u00e5ra svenska datacenter. Det ger er en fullt sp\u00e5rbar beviskedja utan juridiska risker.<\/p>\n\n\n\n<div class=\"wp-block-uagb-buttons uagb-buttons__outer-wrap uagb-btn__default-btn uagb-btn-tablet__default-btn uagb-btn-mobile__default-btn uagb-block-2ab15fae\"><div class=\"uagb-buttons__wrap uagb-buttons-layout-wrap\">\n<div class=\"wp-block-uagb-buttons-child uagb-buttons__outer-wrap uagb-block-d12e540a wp-block-button scale-hover\"><div class=\"uagb-button__wrapper\"><a class=\"uagb-buttons-repeater wp-block-button__link\" aria-label=\"\" href=\"https:\/\/complior.se\/en\/contact\/\" rel=\"follow noopener\" target=\"_self\" role=\"button\"><div class=\"uagb-button__link\">Get started<\/div><\/a><\/div><\/div>\n<\/div><\/div>\n<\/div>\n<\/div>\n\n\n\n<div class=\"wp-block-uagb-container uagb-block-99b3c5e8\">\n<div class=\"wp-block-group blockera-block blockera-block-1fq0aeu is-vertical is-layout-flex wp-container-core-group-is-layout-13e57698 wp-block-group-is-layout-flex\" style=\"margin-top:0;margin-bottom:0;padding-top:0;padding-bottom:0\">\n<h2 class=\"kt-adv-heading74305_8b6ea1-8c wp-block-kadence-advancedheading\" data-kb-block=\"kb-adv-heading74305_8b6ea1-8c\">Vad SIEM hj\u00e4lper med:<\/h2>\n\n\n\n<div class=\"wp-block-group has-global-padding is-content-justification-left is-layout-constrained wp-container-core-group-is-layout-a4818bd4 wp-block-group-is-layout-constrained\" style=\"margin-top:0;margin-bottom:0\"><p class=\"kt-adv-heading74305_2bd785-59 wp-block-kadence-advancedheading kt-adv-heading-has-icon\" data-kb-block=\"kb-adv-heading74305_2bd785-59\"><span class=\"kb-svg-icon-wrap kb-adv-heading-icon kb-svg-icon-fe_checkCircle kb-adv-heading-icon-side-left\"><svg viewbox=\"0 0 24 24\"  fill=\"none\" stroke=\"currentColor\" stroke-width=\"2\" stroke-linecap=\"round\" stroke-linejoin=\"round\" xmlns=\"http:\/\/www.w3.org\/2000\/svg\"  aria-hidden=\"true\"><path d=\"M22 11.08V12a10 10 0 1 1-5.93-9.14\"\/><polyline points=\"22 4 12 14.01 9 11.01\"\/><\/svg><\/span><span class=\"kb-adv-text-inner\"><strong>Centraliserad \u00f6verblick:<\/strong> Vi aggregerar loggar fr\u00e5n n\u00e4tverk, servrar och applikationer till en enda, s\u00f6kbar vy.<\/span><\/p>\n\n<p class=\"kt-adv-heading74305_a20971-4d wp-block-kadence-advancedheading kt-adv-heading-has-icon\" data-kb-block=\"kb-adv-heading74305_a20971-4d\"><span class=\"kb-svg-icon-wrap kb-adv-heading-icon kb-svg-icon-fe_checkCircle kb-adv-heading-icon-side-left\"><svg viewbox=\"0 0 24 24\"  fill=\"none\" stroke=\"currentColor\" stroke-width=\"2\" stroke-linecap=\"round\" stroke-linejoin=\"round\" xmlns=\"http:\/\/www.w3.org\/2000\/svg\"  aria-hidden=\"true\"><path d=\"M22 11.08V12a10 10 0 1 1-5.93-9.14\"\/><polyline points=\"22 4 12 14.01 9 11.01\"\/><\/svg><\/span><span class=\"kb-adv-text-inner\"><strong>Realtidsanalys:<\/strong> Detektion som uppt\u00e4cker och larmar om hot millisekunder efter att de intr\u00e4ffat.<\/span><\/p>\n\n<p class=\"kt-adv-heading74305_0e2c33-1e wp-block-kadence-advancedheading kt-adv-heading-has-icon\" data-kb-block=\"kb-adv-heading74305_0e2c33-1e\"><span class=\"kb-svg-icon-wrap kb-adv-heading-icon kb-svg-icon-fe_checkCircle kb-adv-heading-icon-side-left\"><svg viewbox=\"0 0 24 24\"  fill=\"none\" stroke=\"currentColor\" stroke-width=\"2\" stroke-linecap=\"round\" stroke-linejoin=\"round\" xmlns=\"http:\/\/www.w3.org\/2000\/svg\"  aria-hidden=\"true\"><path d=\"M22 11.08V12a10 10 0 1 1-5.93-9.14\"\/><polyline points=\"22 4 12 14.01 9 11.01\"\/><\/svg><\/span><span class=\"kb-adv-text-inner\"><strong>Automatiserad Compliance:<\/strong> F\u00e4rdiga rapportmallar f\u00f6r PCI DSS, GDPR och ISO 27001 som g\u00f6r revisionen sm\u00e4rtfri.<\/span><\/p>\n\n<p class=\"kt-adv-heading74305_1f251b-aa wp-block-kadence-advancedheading kt-adv-heading-has-icon\" data-kb-block=\"kb-adv-heading74305_1f251b-aa\"><span class=\"kb-svg-icon-wrap kb-adv-heading-icon kb-svg-icon-fe_checkCircle kb-adv-heading-icon-side-left\"><svg viewbox=\"0 0 24 24\"  fill=\"none\" stroke=\"currentColor\" stroke-width=\"2\" stroke-linecap=\"round\" stroke-linejoin=\"round\" xmlns=\"http:\/\/www.w3.org\/2000\/svg\"  aria-hidden=\"true\"><path d=\"M22 11.08V12a10 10 0 1 1-5.93-9.14\"\/><polyline points=\"22 4 12 14.01 9 11.01\"\/><\/svg><\/span><span class=\"kb-adv-text-inner\"><strong>Svensk Datasuver\u00e4nitet:<\/strong> Ingen export av loggdata till tredje land (USA), vilket s\u00e4krar er mot Schrems II-problematik.<\/span><\/p><\/div>\n<\/div>\n<\/div>\n<\/div>\n<\/div><\/div>\n\n\n\n<div class=\"wp-block-uagb-container uagb-block-d17992f4 alignfull uagb-is-root-container\"><div class=\"uagb-container-inner-blocks-wrap\">\n<div class=\"wp-block-columns blockera-block blockera-block-11cwjof is-layout-flex wp-container-core-columns-is-layout-1b896e15 wp-block-columns-is-layout-flex\">\n<div class=\"wp-block-column blockera-block blockera-block-n0rxdz is-layout-flow wp-block-column-is-layout-flow\" style=\"flex-basis:50%\">\n<div class=\"wp-block-group blockera-block blockera-block-1vpo2pw has-global-padding is-layout-constrained wp-container-core-group-is-layout-c4530e5b wp-block-group-is-layout-constrained\" style=\"margin-bottom:32px\">\n<h2 class=\"kt-adv-heading74305_a2d320-1f wp-block-kadence-advancedheading\" data-kb-block=\"kb-adv-heading74305_a2d320-1f\">Ensure traceability according to GDPR<\/h2>\n\n\n\n<p class=\"kt-adv-heading74305_0aca73-4f wp-block-kadence-advancedheading\" data-kb-block=\"kb-adv-heading74305_0aca73-4f\">Log management is not only critical to PCI DSS compliance. With log management, you can facilitate reporting and secure traceability in your systems, which in turn facilitates compliance with the GDPR. Log management makes it easier to report personal data incidents, and allows you to control and monitor access in your systems.<\/p>\n<\/div>\n\n\n\n<div class=\"wp-block-group blockera-block blockera-block-11em2l1 has-global-padding is-layout-constrained wp-container-core-group-is-layout-bdcbbb17 wp-block-group-is-layout-constrained\">\n<h3 class=\"kt-adv-heading74305_533578-cf wp-block-kadence-advancedheading\" data-kb-block=\"kb-adv-heading74305_533578-cf\">Prevent involuntary changes<\/h3>\n\n\n\n<p class=\"kt-adv-heading74305_d050fb-12 wp-block-kadence-advancedheading\" data-kb-block=\"kb-adv-heading74305_d050fb-12\">Complior's sophisticated log management prevents unintended changes to code, so your operation is secured. Let us take care of your company's log management, which is a critical component, not least in the payment card industry, so you know for sure that the service is always monitored and that everything is done in accordance with PCI DSS requirements.<\/p>\n<\/div>\n<\/div>\n\n\n\n<div class=\"wp-block-column blockera-block blockera-block-12aj8gf is-horizontal is-content-justification-right is-layout-flow wp-block-column-is-layout-flow\" style=\"flex-basis:50%\">\n<figure class=\"wp-block-kadence-image kb-image74305_3c6800-ae size-full\"><div class=\"kb-image-has-overlay\"><img loading=\"lazy\" decoding=\"async\" width=\"2267\" height=\"1322\" src=\"https:\/\/complior.se\/wp-content\/uploads\/2025\/11\/istock-gdpr-concept-image.jpg\" alt=\"EU flagga med stj\u00e4rnor som symboliserar staterna, i mitten finns ett h\u00e4ngl\u00e5s som symboliserar s\u00e4kerhet inom EU.\" class=\"kb-img wp-image-77234\" srcset=\"https:\/\/complior.se\/wp-content\/uploads\/2025\/11\/istock-gdpr-concept-image.jpg 2267w, https:\/\/complior.se\/wp-content\/uploads\/2025\/11\/istock-gdpr-concept-image-300x175.jpg 300w, https:\/\/complior.se\/wp-content\/uploads\/2025\/11\/istock-gdpr-concept-image-1024x597.jpg 1024w, https:\/\/complior.se\/wp-content\/uploads\/2025\/11\/istock-gdpr-concept-image-768x448.jpg 768w, https:\/\/complior.se\/wp-content\/uploads\/2025\/11\/istock-gdpr-concept-image-1536x896.jpg 1536w, https:\/\/complior.se\/wp-content\/uploads\/2025\/11\/istock-gdpr-concept-image-2048x1194.jpg 2048w, https:\/\/complior.se\/wp-content\/uploads\/2025\/11\/istock-gdpr-concept-image-18x10.jpg 18w\" sizes=\"auto, (max-width: 2267px) 100vw, 2267px\" \/><\/div><\/figure>\n<\/div>\n<\/div>\n<\/div><\/div>\n<\/div>","protected":false},"excerpt":{"rendered":"<p>Sp\u00e5rbarhet som klarar revisionen F\u00f6r att uppfylla kraven i PCI DSS (Krav 10), GDPR och NIS 2 r\u00e4cker det inte att bara lagra loggar \u2013 de m\u00e5ste granskas f\u00f6r att vara giltiga. Manuell granskning \u00e4r n\u00e4stintill om\u00f6jligt i dagens datam\u00e4ngder. V\u00e5r l\u00f6sning automatiserar analysen och flaggar endast relevanta avvikelser. Eftersom loggdata ofta klassas som k\u00e4nslig [&hellip;]<\/p>\n","protected":false},"author":3,"featured_media":0,"parent":0,"menu_order":0,"comment_status":"closed","ping_status":"closed","template":"blank","meta":{"_editorskit_title_hidden":false,"_editorskit_reading_time":0,"_editorskit_is_block_options_detached":false,"_editorskit_block_options_position":"{}","_eb_attr":"","inline_featured_image":false,"_uag_custom_page_level_css":"","wpm_timeformat":"","_wpm_styles":"","footnotes":""},"class_list":["post-74305","page","type-page","status-publish","hentry"],"yoast_head":"<!-- This site is optimized with the Yoast SEO plugin v27.4 - https:\/\/yoast.com\/product\/yoast-seo-wordpress\/ -->\n<title>Logganalys (SIEM) - Complior<\/title>\n<meta name=\"robots\" content=\"index, follow, max-snippet:-1, max-image-preview:large, max-video-preview:-1\" \/>\n<link rel=\"canonical\" href=\"https:\/\/complior.se\/en\/siem\/\" \/>\n<meta property=\"og:locale\" content=\"en_GB\" \/>\n<meta property=\"og:type\" content=\"article\" \/>\n<meta property=\"og:title\" content=\"Logganalys (SIEM) - Complior\" \/>\n<meta property=\"og:description\" content=\"Sp\u00e5rbarhet som klarar revisionen F\u00f6r att uppfylla kraven i PCI DSS (Krav 10), GDPR och NIS 2 r\u00e4cker det inte att bara lagra loggar \u2013 de m\u00e5ste granskas f\u00f6r att vara giltiga. Manuell granskning \u00e4r n\u00e4stintill om\u00f6jligt i dagens datam\u00e4ngder. V\u00e5r l\u00f6sning automatiserar analysen och flaggar endast relevanta avvikelser. Eftersom loggdata ofta klassas som k\u00e4nslig [&hellip;]\" \/>\n<meta property=\"og:url\" content=\"https:\/\/complior.se\/en\/siem\/\" \/>\n<meta property=\"og:site_name\" content=\"Complior\" \/>\n<meta property=\"article:modified_time\" content=\"2026-01-20T03:43:50+00:00\" \/>\n<meta property=\"og:image\" content=\"https:\/\/complior.se\/wp-content\/uploads\/2025\/12\/SIEM_Log.png\" \/>\n\t<meta property=\"og:image:width\" content=\"1248\" \/>\n\t<meta property=\"og:image:height\" content=\"832\" \/>\n\t<meta property=\"og:image:type\" content=\"image\/png\" \/>\n<meta name=\"twitter:card\" content=\"summary_large_image\" \/>\n<meta name=\"twitter:label1\" content=\"Estimated reading time\" \/>\n\t<meta name=\"twitter:data1\" content=\"3 minutes\" \/>\n<script type=\"application\/ld+json\" class=\"yoast-schema-graph\">{\"@context\":\"https:\\\/\\\/schema.org\",\"@graph\":[{\"@type\":\"WebPage\",\"@id\":\"https:\\\/\\\/complior.se\\\/siem\\\/\",\"url\":\"https:\\\/\\\/complior.se\\\/siem\\\/\",\"name\":\"Logganalys (SIEM) - Complior\",\"isPartOf\":{\"@id\":\"https:\\\/\\\/complior.se\\\/#website\"},\"primaryImageOfPage\":{\"@id\":\"https:\\\/\\\/complior.se\\\/siem\\\/#primaryimage\"},\"image\":{\"@id\":\"https:\\\/\\\/complior.se\\\/siem\\\/#primaryimage\"},\"thumbnailUrl\":\"https:\\\/\\\/complior.se\\\/wp-content\\\/uploads\\\/2025\\\/12\\\/SIEM_Log.png\",\"datePublished\":\"2025-10-25T16:26:30+00:00\",\"dateModified\":\"2026-01-20T03:43:50+00:00\",\"breadcrumb\":{\"@id\":\"https:\\\/\\\/complior.se\\\/siem\\\/#breadcrumb\"},\"inLanguage\":\"en-GB\",\"potentialAction\":[{\"@type\":\"ReadAction\",\"target\":[\"https:\\\/\\\/complior.se\\\/siem\\\/\"]}]},{\"@type\":\"ImageObject\",\"inLanguage\":\"en-GB\",\"@id\":\"https:\\\/\\\/complior.se\\\/siem\\\/#primaryimage\",\"url\":\"https:\\\/\\\/complior.se\\\/wp-content\\\/uploads\\\/2025\\\/12\\\/SIEM_Log.png\",\"contentUrl\":\"https:\\\/\\\/complior.se\\\/wp-content\\\/uploads\\\/2025\\\/12\\\/SIEM_Log.png\"},{\"@type\":\"BreadcrumbList\",\"@id\":\"https:\\\/\\\/complior.se\\\/siem\\\/#breadcrumb\",\"itemListElement\":[{\"@type\":\"ListItem\",\"position\":1,\"name\":\"Home\",\"item\":\"https:\\\/\\\/complior.se\\\/\"},{\"@type\":\"ListItem\",\"position\":2,\"name\":\"Logganalys (SIEM)\"}]},{\"@type\":\"WebSite\",\"@id\":\"https:\\\/\\\/complior.se\\\/#website\",\"url\":\"https:\\\/\\\/complior.se\\\/\",\"name\":\"Complior\",\"description\":\"Security beyond compliance\",\"publisher\":{\"@id\":\"https:\\\/\\\/complior.se\\\/#organization\"},\"potentialAction\":[{\"@type\":\"SearchAction\",\"target\":{\"@type\":\"EntryPoint\",\"urlTemplate\":\"https:\\\/\\\/complior.se\\\/?s={search_term_string}\"},\"query-input\":{\"@type\":\"PropertyValueSpecification\",\"valueRequired\":true,\"valueName\":\"search_term_string\"}}],\"inLanguage\":\"en-GB\"},{\"@type\":\"Organization\",\"@id\":\"https:\\\/\\\/complior.se\\\/#organization\",\"name\":\"Complior\",\"url\":\"https:\\\/\\\/complior.se\\\/\",\"logo\":{\"@type\":\"ImageObject\",\"inLanguage\":\"en-GB\",\"@id\":\"https:\\\/\\\/complior.se\\\/#\\\/schema\\\/logo\\\/image\\\/\",\"url\":\"https:\\\/\\\/complior.se\\\/wp-content\\\/uploads\\\/2025\\\/06\\\/Complior_logo_dark-scaled.png\",\"contentUrl\":\"https:\\\/\\\/complior.se\\\/wp-content\\\/uploads\\\/2025\\\/06\\\/Complior_logo_dark-scaled.png\",\"width\":2560,\"height\":960,\"caption\":\"Complior\"},\"image\":{\"@id\":\"https:\\\/\\\/complior.se\\\/#\\\/schema\\\/logo\\\/image\\\/\"}}]}<\/script>\n<!-- \/ Yoast SEO plugin. -->","yoast_head_json":{"title":"Logganalys (SIEM) - Complior","robots":{"index":"index","follow":"follow","max-snippet":"max-snippet:-1","max-image-preview":"max-image-preview:large","max-video-preview":"max-video-preview:-1"},"canonical":"https:\/\/complior.se\/en\/siem\/","og_locale":"en_GB","og_type":"article","og_title":"Logganalys (SIEM) - Complior","og_description":"Sp\u00e5rbarhet som klarar revisionen F\u00f6r att uppfylla kraven i PCI DSS (Krav 10), GDPR och NIS 2 r\u00e4cker det inte att bara lagra loggar \u2013 de m\u00e5ste granskas f\u00f6r att vara giltiga. Manuell granskning \u00e4r n\u00e4stintill om\u00f6jligt i dagens datam\u00e4ngder. V\u00e5r l\u00f6sning automatiserar analysen och flaggar endast relevanta avvikelser. Eftersom loggdata ofta klassas som k\u00e4nslig [&hellip;]","og_url":"https:\/\/complior.se\/en\/siem\/","og_site_name":"Complior","article_modified_time":"2026-01-20T03:43:50+00:00","og_image":[{"width":1248,"height":832,"url":"https:\/\/complior.se\/wp-content\/uploads\/2025\/12\/SIEM_Log.png","type":"image\/png"}],"twitter_card":"summary_large_image","twitter_misc":{"Estimated reading time":"3 minutes"},"schema":{"@context":"https:\/\/schema.org","@graph":[{"@type":"WebPage","@id":"https:\/\/complior.se\/siem\/","url":"https:\/\/complior.se\/siem\/","name":"Logganalys (SIEM) - Complior","isPartOf":{"@id":"https:\/\/complior.se\/#website"},"primaryImageOfPage":{"@id":"https:\/\/complior.se\/siem\/#primaryimage"},"image":{"@id":"https:\/\/complior.se\/siem\/#primaryimage"},"thumbnailUrl":"https:\/\/complior.se\/wp-content\/uploads\/2025\/12\/SIEM_Log.png","datePublished":"2025-10-25T16:26:30+00:00","dateModified":"2026-01-20T03:43:50+00:00","breadcrumb":{"@id":"https:\/\/complior.se\/siem\/#breadcrumb"},"inLanguage":"en-GB","potentialAction":[{"@type":"ReadAction","target":["https:\/\/complior.se\/siem\/"]}]},{"@type":"ImageObject","inLanguage":"en-GB","@id":"https:\/\/complior.se\/siem\/#primaryimage","url":"https:\/\/complior.se\/wp-content\/uploads\/2025\/12\/SIEM_Log.png","contentUrl":"https:\/\/complior.se\/wp-content\/uploads\/2025\/12\/SIEM_Log.png"},{"@type":"BreadcrumbList","@id":"https:\/\/complior.se\/siem\/#breadcrumb","itemListElement":[{"@type":"ListItem","position":1,"name":"Home","item":"https:\/\/complior.se\/"},{"@type":"ListItem","position":2,"name":"Logganalys (SIEM)"}]},{"@type":"WebSite","@id":"https:\/\/complior.se\/#website","url":"https:\/\/complior.se\/","name":"Complior","description":"Security beyond compliance","publisher":{"@id":"https:\/\/complior.se\/#organization"},"potentialAction":[{"@type":"SearchAction","target":{"@type":"EntryPoint","urlTemplate":"https:\/\/complior.se\/?s={search_term_string}"},"query-input":{"@type":"PropertyValueSpecification","valueRequired":true,"valueName":"search_term_string"}}],"inLanguage":"en-GB"},{"@type":"Organization","@id":"https:\/\/complior.se\/#organization","name":"Complior","url":"https:\/\/complior.se\/","logo":{"@type":"ImageObject","inLanguage":"en-GB","@id":"https:\/\/complior.se\/#\/schema\/logo\/image\/","url":"https:\/\/complior.se\/wp-content\/uploads\/2025\/06\/Complior_logo_dark-scaled.png","contentUrl":"https:\/\/complior.se\/wp-content\/uploads\/2025\/06\/Complior_logo_dark-scaled.png","width":2560,"height":960,"caption":"Complior"},"image":{"@id":"https:\/\/complior.se\/#\/schema\/logo\/image\/"}}]}},"uagb_featured_image_src":{"full":false,"thumbnail":false,"medium":false,"medium_large":false,"large":false,"1536x1536":false,"2048x2048":false,"trp-custom-language-flag":false},"uagb_author_info":{"display_name":"Johan Challita","author_link":"https:\/\/complior.se\/en\/author\/johan-challita\/"},"uagb_comment_info":0,"uagb_excerpt":"Sp\u00e5rbarhet som klarar revisionen F\u00f6r att uppfylla kraven i PCI DSS (Krav 10), GDPR och NIS 2 r\u00e4cker det inte att bara lagra loggar \u2013 de m\u00e5ste granskas f\u00f6r att vara giltiga. Manuell granskning \u00e4r n\u00e4stintill om\u00f6jligt i dagens datam\u00e4ngder. V\u00e5r l\u00f6sning automatiserar analysen och flaggar endast relevanta avvikelser. Eftersom loggdata ofta klassas som k\u00e4nslig&hellip;","_links":{"self":[{"href":"https:\/\/complior.se\/en\/wp-json\/wp\/v2\/pages\/74305","targetHints":{"allow":["GET"]}}],"collection":[{"href":"https:\/\/complior.se\/en\/wp-json\/wp\/v2\/pages"}],"about":[{"href":"https:\/\/complior.se\/en\/wp-json\/wp\/v2\/types\/page"}],"author":[{"embeddable":true,"href":"https:\/\/complior.se\/en\/wp-json\/wp\/v2\/users\/3"}],"replies":[{"embeddable":true,"href":"https:\/\/complior.se\/en\/wp-json\/wp\/v2\/comments?post=74305"}],"version-history":[{"count":25,"href":"https:\/\/complior.se\/en\/wp-json\/wp\/v2\/pages\/74305\/revisions"}],"predecessor-version":[{"id":79313,"href":"https:\/\/complior.se\/en\/wp-json\/wp\/v2\/pages\/74305\/revisions\/79313"}],"wp:attachment":[{"href":"https:\/\/complior.se\/en\/wp-json\/wp\/v2\/media?parent=74305"}],"curies":[{"name":"wp","href":"https:\/\/api.w.org\/{rel}","templated":true}]}}