{"id":74331,"date":"2025-10-25T16:50:35","date_gmt":"2025-10-25T16:50:35","guid":{"rendered":"https:\/\/complior.se\/?page_id=74331"},"modified":"2026-01-20T04:12:53","modified_gmt":"2026-01-20T03:12:53","slug":"gdpr","status":"publish","type":"page","link":"https:\/\/complior.se\/en\/compliance\/gdpr\/","title":{"rendered":"GDPR"},"content":{"rendered":"<div class=\"wp-block-cover is-light\" style=\"margin-top:0;margin-bottom:0;padding-right:10px;padding-left:10px\"><span aria-hidden=\"true\" class=\"wp-block-cover__background has-background-dim-100 has-background-dim\" style=\"background-color:#f9f9f9\"><\/span><div class=\"wp-block-cover__inner-container has-global-padding is-layout-constrained wp-container-core-cover-is-layout-ce6a8914 wp-block-cover-is-layout-constrained\">\n<div class=\"wp-block-columns alignwide blockera-block blockera-block--k6d8z4 is-layout-flex wp-container-core-columns-is-layout-20ae995c wp-block-columns-is-layout-flex\" style=\"margin-top:0;margin-bottom:0;padding-top:var(--wp--preset--spacing--superbspacing-xsmall);padding-bottom:var(--wp--preset--spacing--superbspacing-xsmall)\">\n<div class=\"wp-block-column is-vertically-aligned-center blockera-block blockera-block-6r1pba is-layout-flow wp-container-core-column-is-layout-a1628350 wp-block-column-is-layout-flow\" style=\"padding-top:0;padding-right:0;padding-bottom:0;padding-left:0;flex-basis:50%\">\n<div class=\"wp-block-group blockera-block blockera-block-1a2j3mt has-global-padding is-content-justification-left is-layout-constrained wp-container-core-group-is-layout-3540e7cd wp-block-group-is-layout-constrained\">\n<h1 class=\"kt-adv-heading74331_d65dda-ea wp-block-kadence-advancedheading\" data-kb-block=\"kb-adv-heading74331_d65dda-ea\">GDPR-s\u00e4ker infrastruktur och datasuver\u00e4nitet<\/h1>\n\n\n\n<div class=\"wp-block-group has-global-padding is-content-justification-left is-layout-constrained wp-container-core-group-is-layout-d73614d0 wp-block-group-is-layout-constrained\" style=\"border-left-color:#0d875c;border-left-width:6px;margin-top:var(--wp--preset--spacing--superbspacing-xsmall);margin-bottom:var(--wp--preset--spacing--superbspacing-xsmall);padding-top:1px;padding-right:var(--wp--preset--spacing--superbspacing-xsmall);padding-left:var(--wp--preset--spacing--superbspacing-xsmall)\">\n<p class=\"kt-adv-heading74331_94f44c-85 wp-block-kadence-advancedheading\" data-kb-block=\"kb-adv-heading74331_94f44c-85\">Dataskyddsf\u00f6rordningen (GDPR) st\u00e4ller str\u00e4nga krav p\u00e5 hur personuppgifter lagras och skyddas. Vi levererar den tekniska s\u00e4kerhet, kryptering och svenska drift som kr\u00e4vs f\u00f6r att ni ska uppfylla lagens krav \u2013 helt utan oro f\u00f6r tredjelandsproblematik.<\/p>\n<\/div>\n\n\n\n<p class=\"kt-adv-heading74331_a11331-43 wp-block-kadence-advancedheading\" data-kb-block=\"kb-adv-heading74331_a11331-43\">Sedan 25 maj 2018 g\u00e4ller GDPR, en lag som skyddar personuppgifter f\u00f6r EU\/EES-medborgare. Att f\u00f6lja reglerna kr\u00e4ver b\u00e5de juridisk, organisatorisk och teknisk kunskap.<strong> Complior<\/strong> har l\u00e5ng erfarenhet av att hj\u00e4lpa f\u00f6retag att uppfylla GDPR-kraven \u2013 vi kan st\u00f6tta dig med det mesta inom dataskydd!<\/p>\n<\/div>\n\n\n\n<div class=\"wp-block-uagb-buttons uagb-buttons__outer-wrap uagb-btn__default-btn uagb-btn-tablet__default-btn uagb-btn-mobile__default-btn uagb-block-2ab15fae\"><div class=\"uagb-buttons__wrap uagb-buttons-layout-wrap\">\n<div class=\"wp-block-uagb-buttons-child uagb-buttons__outer-wrap uagb-block-d12e540a wp-block-button scale-hover\"><div class=\"uagb-button__wrapper\"><a class=\"uagb-buttons-repeater wp-block-button__link\" aria-label=\"\" href=\"http:\/\/complior.se\/en\/contact\/\" rel=\"follow noopener\" target=\"_self\" role=\"button\"><div class=\"uagb-button__link\">Contact us<\/div><span class=\"uagb-button__icon uagb-button__icon-position-after\"><svg xmlns=\"https:\/\/www.w3.org\/2000\/svg\" viewbox=\"0 0 448 512\" aria-hidden=\"true\" focussable=\"false\"><path d=\"M438.6 278.6l-160 160C272.4 444.9 264.2 448 256 448s-16.38-3.125-22.62-9.375c-12.5-12.5-12.5-32.75 0-45.25L338.8 288H32C14.33 288 .0016 273.7 .0016 256S14.33 224 32 224h306.8l-105.4-105.4c-12.5-12.5-12.5-32.75 0-45.25s32.75-12.5 45.25 0l160 160C451.1 245.9 451.1 266.1 438.6 278.6z\"><\/path><\/svg><\/span><\/a><\/div><\/div>\n<\/div><\/div>\n<\/div>\n\n\n\n<div class=\"wp-block-column is-vertically-aligned-center is-layout-flow wp-container-core-column-is-layout-40a2a7e8 wp-block-column-is-layout-flow\" style=\"padding-right:0;padding-bottom:0;padding-left:0\">\n<div class=\"wp-block-kadence-image kb-image74331_42a497-ef\"><figure class=\"aligncenter size-full\"><img loading=\"lazy\" decoding=\"async\" width=\"800\" height=\"533\" src=\"https:\/\/complior.se\/wp-content\/uploads\/2025\/06\/hand-holding-cloud-system-with-data-protection-e1716464021195.webp\" alt=\"\" class=\"kb-img wp-image-21\" srcset=\"https:\/\/complior.se\/wp-content\/uploads\/2025\/06\/hand-holding-cloud-system-with-data-protection-e1716464021195.webp 800w, https:\/\/complior.se\/wp-content\/uploads\/2025\/06\/hand-holding-cloud-system-with-data-protection-e1716464021195-300x200.webp 300w, https:\/\/complior.se\/wp-content\/uploads\/2025\/06\/hand-holding-cloud-system-with-data-protection-e1716464021195-768x512.webp 768w\" sizes=\"auto, (max-width: 800px) 100vw, 800px\" \/><\/figure><\/div>\n<\/div>\n<\/div>\n<\/div><\/div>\n\n\n\n<div class=\"wp-block-group blockera-block blockera-block-4nhdd5 has-global-padding is-layout-constrained wp-container-core-group-is-layout-e555385e wp-block-group-is-layout-constrained\">\n<div class=\"wp-block-uagb-container uagb-block-7ffa5b03 alignfull uagb-is-root-container\"><div class=\"uagb-container-inner-blocks-wrap\">\n<div class=\"wp-block-group blockera-block blockera-block-x3v7oh is-content-justification-space-between is-nowrap is-layout-flex wp-container-core-group-is-layout-08b5c971 wp-block-group-is-layout-flex\" style=\"padding-right:0;padding-left:0\">\n<div class=\"wp-block-uagb-container uagb-block-0211ae7b\">\n<div class=\"wp-block-group has-global-padding is-content-justification-left is-layout-constrained wp-container-core-group-is-layout-b1ab7395 wp-block-group-is-layout-constrained\" style=\"padding-top:0;padding-bottom:0\">\n<h2 class=\"kt-adv-heading74331_a9f0f5-9c wp-block-kadence-advancedheading\" data-kb-block=\"kb-adv-heading74331_a9f0f5-9c\">Vad inneb\u00e4r GDPR f\u00f6r din IT-milj\u00f6?<\/h2>\n\n\n\n<p class=\"kt-adv-heading74331_2eec7f-63 wp-block-kadence-advancedheading\" data-kb-block=\"kb-adv-heading74331_2eec7f-63\">Complior erbjuder inte juridisk r\u00e5dgivning eller DPO-tj\u00e4nster. Ist\u00e4llet fokuserar vi p\u00e5 det vi \u00e4r b\u00e4st p\u00e5: att leverera den <strong>tekniska plattform<\/strong> som g\u00f6r det m\u00f6jligt f\u00f6r er att f\u00f6lja regelverket i praktiken. Vi hj\u00e4lper er att st\u00e4nga gapet mellan juridiska krav och teknisk verklighet.<\/p>\n<\/div>\n<\/div>\n<\/div>\n<\/div><\/div>\n\n\n\n<div class=\"wp-block-uagb-container uagb-block-5cfe6f47 alignfull uagb-is-root-container\"><div class=\"uagb-container-inner-blocks-wrap\">\n<div class=\"wp-block-columns blockera-block blockera-block-hr5b74 is-horizontal is-content-justification-left is-layout-flow wp-container-core-columns-is-layout-7be3c6f2 wp-block-columns-is-layout-flow\">\n<div class=\"wp-block-column is-layout-flow wp-block-column-is-layout-flow\">\n<div class=\"wp-block-group blockera-block blockera-block-dkimj1 is-vertical is-content-justification-left is-layout-flex wp-container-core-group-is-layout-d93f5f5f wp-block-group-is-layout-flex\">\n<h2 class=\"kt-adv-heading74331_9c5454-af wp-block-kadence-advancedheading\" data-kb-block=\"kb-adv-heading74331_9c5454-af\">Svensk Datasuver\u00e4nitet<br><\/h2>\n\n\n\n<p class=\"kt-adv-heading74331_07738e-f2 wp-block-kadence-advancedheading\" data-kb-block=\"kb-adv-heading74331_07738e-f2\">Genom att drifta era system i v\u00e5ra svenska datacenter, under svensk jurisdiktion, eliminerar ni risken f\u00f6r otill\u00e5tna \u00f6verf\u00f6ringar till tredjeland (t.ex. USA) som annars \u00e4r ett problem med m\u00e5nga globala molntj\u00e4nster.<\/p>\n<\/div>\n<\/div>\n\n\n\n<div class=\"wp-block-column is-layout-flow wp-block-column-is-layout-flow\">\n<div class=\"wp-block-group blockera-block blockera-block-1bnn8a0 is-vertical is-layout-flex wp-container-core-group-is-layout-bb6baf30 wp-block-group-is-layout-flex\">\n<h2 class=\"kt-adv-heading74331_c9a432-49 wp-block-kadence-advancedheading\" data-kb-block=\"kb-adv-heading74331_c9a432-49\">\u00c5tkomstkontroll &amp; Stark Autentisering<\/h2>\n\n\n\n<p class=\"kt-adv-heading74331_74da08-aa wp-block-kadence-advancedheading\" data-kb-block=\"kb-adv-heading74331_74da08-aa\">Med v\u00e5r <strong>IdP-tj\u00e4nst<\/strong> s\u00e4kerst\u00e4ller ni att r\u00e4tt person kommer \u00e5t r\u00e4tt data. Vi erbjuder inloggning med BankID och Freja eID samt multifaktorautentisering (MFA), vilket minimerar risken f\u00f6r datal\u00e4ckor orsakade av stulna l\u00f6senord.<\/p>\n<\/div>\n<\/div>\n\n\n\n<div class=\"wp-block-column is-layout-flow wp-block-column-is-layout-flow\">\n<div class=\"wp-block-group blockera-block blockera-block-1p6jzo is-vertical is-layout-flex wp-container-core-group-is-layout-bb6baf30 wp-block-group-is-layout-flex\">\n<h2 class=\"kt-adv-heading74331_2b2366-1a wp-block-kadence-advancedheading\" data-kb-block=\"kb-adv-heading74331_2b2366-1a\">Kryptering &amp; Nyckelhantering<\/h2>\n\n\n\n<p class=\"kt-adv-heading74331_3add53-5a wp-block-kadence-advancedheading\" data-kb-block=\"kb-adv-heading74331_3add53-5a\">F\u00f6r k\u00e4nsliga personuppgifter erbjuder vi avancerad kryptering d\u00e4r nycklarna skyddas i dedikerad h\u00e5rdvara (HSM). Detta \u00e4r ofta ett krav f\u00f6r att skydda data mot obeh\u00f6rig insyn, \u00e4ven fr\u00e5n driftpersonal.<\/p>\n<\/div>\n<\/div>\n\n\n\n<div class=\"wp-block-column is-layout-flow wp-block-column-is-layout-flow\">\n<div class=\"wp-block-group blockera-block blockera-block-uoxuzw is-vertical is-content-justification-left is-layout-flex wp-container-core-group-is-layout-13882d57 wp-block-group-is-layout-flex\">\n<h2 class=\"kt-adv-heading74331_79177b-c2 wp-block-kadence-advancedheading\" data-kb-block=\"kb-adv-heading74331_79177b-c2\">Regelbundna S\u00e4kerhetstester<\/h2>\n<\/div>\n\n\n\n<p class=\"kt-adv-heading74331_b2ba8c-c4 wp-block-kadence-advancedheading\" data-kb-block=\"kb-adv-heading74331_b2ba8c-c4\">F\u00f6r k\u00e4nsliga personuppgifter erbjuder vi avancerad kryptering d\u00e4r nycklarna skyddas i dedikerad h\u00e5rdvara (HSM). Detta \u00e4r ofta ett krav f\u00f6r att skydda data mot obeh\u00f6rig insyn, \u00e4ven fr\u00e5n driftpersonal.<\/p>\n<\/div>\n<\/div>\n<\/div><\/div>\n<\/div>","protected":false},"excerpt":{"rendered":"<p>Vad inneb\u00e4r GDPR f\u00f6r din IT-milj\u00f6? Complior erbjuder inte juridisk r\u00e5dgivning eller DPO-tj\u00e4nster. Ist\u00e4llet fokuserar vi p\u00e5 det vi \u00e4r b\u00e4st p\u00e5: att leverera den tekniska plattform som g\u00f6r det m\u00f6jligt f\u00f6r er att f\u00f6lja regelverket i praktiken. Vi hj\u00e4lper er att st\u00e4nga gapet mellan juridiska krav och teknisk verklighet. Svensk Datasuver\u00e4nitet Genom att drifta [&hellip;]<\/p>\n","protected":false},"author":3,"featured_media":0,"parent":74361,"menu_order":0,"comment_status":"closed","ping_status":"closed","template":"blank","meta":{"_editorskit_title_hidden":false,"_editorskit_reading_time":0,"_editorskit_is_block_options_detached":false,"_editorskit_block_options_position":"{}","_eb_attr":"","inline_featured_image":false,"_uag_custom_page_level_css":"","wpm_timeformat":"","_wpm_styles":"","footnotes":""},"class_list":["post-74331","page","type-page","status-publish","hentry"],"yoast_head":"<!-- This site is optimized with the Yoast SEO plugin v27.4 - https:\/\/yoast.com\/product\/yoast-seo-wordpress\/ -->\n<title>GDPR - Complior<\/title>\n<meta name=\"robots\" content=\"index, follow, max-snippet:-1, max-image-preview:large, max-video-preview:-1\" \/>\n<link rel=\"canonical\" href=\"https:\/\/complior.se\/en\/compliance\/gdpr\/\" \/>\n<meta property=\"og:locale\" content=\"en_GB\" \/>\n<meta property=\"og:type\" content=\"article\" \/>\n<meta property=\"og:title\" content=\"GDPR - Complior\" \/>\n<meta property=\"og:description\" content=\"Vad inneb\u00e4r GDPR f\u00f6r din IT-milj\u00f6? Complior erbjuder inte juridisk r\u00e5dgivning eller DPO-tj\u00e4nster. Ist\u00e4llet fokuserar vi p\u00e5 det vi \u00e4r b\u00e4st p\u00e5: att leverera den tekniska plattform som g\u00f6r det m\u00f6jligt f\u00f6r er att f\u00f6lja regelverket i praktiken. Vi hj\u00e4lper er att st\u00e4nga gapet mellan juridiska krav och teknisk verklighet. Svensk Datasuver\u00e4nitet Genom att drifta [&hellip;]\" \/>\n<meta property=\"og:url\" content=\"https:\/\/complior.se\/en\/compliance\/gdpr\/\" \/>\n<meta property=\"og:site_name\" content=\"Complior\" \/>\n<meta property=\"article:modified_time\" content=\"2026-01-20T03:12:53+00:00\" \/>\n<meta property=\"og:image\" content=\"https:\/\/complior.se\/wp-content\/uploads\/2025\/06\/hand-holding-cloud-system-with-data-protection-e1716464021195.webp\" \/>\n\t<meta property=\"og:image:width\" content=\"800\" \/>\n\t<meta property=\"og:image:height\" content=\"533\" \/>\n\t<meta property=\"og:image:type\" content=\"image\/webp\" \/>\n<meta name=\"twitter:card\" content=\"summary_large_image\" \/>\n<meta name=\"twitter:label1\" content=\"Estimated reading time\" \/>\n\t<meta name=\"twitter:data1\" content=\"2 minutes\" \/>\n<script type=\"application\/ld+json\" class=\"yoast-schema-graph\">{\"@context\":\"https:\\\/\\\/schema.org\",\"@graph\":[{\"@type\":\"WebPage\",\"@id\":\"https:\\\/\\\/complior.se\\\/compliance\\\/gdpr\\\/\",\"url\":\"https:\\\/\\\/complior.se\\\/compliance\\\/gdpr\\\/\",\"name\":\"GDPR - Complior\",\"isPartOf\":{\"@id\":\"https:\\\/\\\/complior.se\\\/#website\"},\"primaryImageOfPage\":{\"@id\":\"https:\\\/\\\/complior.se\\\/compliance\\\/gdpr\\\/#primaryimage\"},\"image\":{\"@id\":\"https:\\\/\\\/complior.se\\\/compliance\\\/gdpr\\\/#primaryimage\"},\"thumbnailUrl\":\"https:\\\/\\\/complior.se\\\/wp-content\\\/uploads\\\/2025\\\/06\\\/hand-holding-cloud-system-with-data-protection-e1716464021195.webp\",\"datePublished\":\"2025-10-25T16:50:35+00:00\",\"dateModified\":\"2026-01-20T03:12:53+00:00\",\"breadcrumb\":{\"@id\":\"https:\\\/\\\/complior.se\\\/compliance\\\/gdpr\\\/#breadcrumb\"},\"inLanguage\":\"en-GB\",\"potentialAction\":[{\"@type\":\"ReadAction\",\"target\":[\"https:\\\/\\\/complior.se\\\/compliance\\\/gdpr\\\/\"]}]},{\"@type\":\"ImageObject\",\"inLanguage\":\"en-GB\",\"@id\":\"https:\\\/\\\/complior.se\\\/compliance\\\/gdpr\\\/#primaryimage\",\"url\":\"https:\\\/\\\/complior.se\\\/wp-content\\\/uploads\\\/2025\\\/06\\\/hand-holding-cloud-system-with-data-protection-e1716464021195.webp\",\"contentUrl\":\"https:\\\/\\\/complior.se\\\/wp-content\\\/uploads\\\/2025\\\/06\\\/hand-holding-cloud-system-with-data-protection-e1716464021195.webp\"},{\"@type\":\"BreadcrumbList\",\"@id\":\"https:\\\/\\\/complior.se\\\/compliance\\\/gdpr\\\/#breadcrumb\",\"itemListElement\":[{\"@type\":\"ListItem\",\"position\":1,\"name\":\"Home\",\"item\":\"https:\\\/\\\/complior.se\\\/\"},{\"@type\":\"ListItem\",\"position\":2,\"name\":\"Compliance\",\"item\":\"https:\\\/\\\/complior.se\\\/compliance\\\/\"},{\"@type\":\"ListItem\",\"position\":3,\"name\":\"GDPR\"}]},{\"@type\":\"WebSite\",\"@id\":\"https:\\\/\\\/complior.se\\\/#website\",\"url\":\"https:\\\/\\\/complior.se\\\/\",\"name\":\"Complior\",\"description\":\"Security beyond compliance\",\"publisher\":{\"@id\":\"https:\\\/\\\/complior.se\\\/#organization\"},\"potentialAction\":[{\"@type\":\"SearchAction\",\"target\":{\"@type\":\"EntryPoint\",\"urlTemplate\":\"https:\\\/\\\/complior.se\\\/?s={search_term_string}\"},\"query-input\":{\"@type\":\"PropertyValueSpecification\",\"valueRequired\":true,\"valueName\":\"search_term_string\"}}],\"inLanguage\":\"en-GB\"},{\"@type\":\"Organization\",\"@id\":\"https:\\\/\\\/complior.se\\\/#organization\",\"name\":\"Complior\",\"url\":\"https:\\\/\\\/complior.se\\\/\",\"logo\":{\"@type\":\"ImageObject\",\"inLanguage\":\"en-GB\",\"@id\":\"https:\\\/\\\/complior.se\\\/#\\\/schema\\\/logo\\\/image\\\/\",\"url\":\"https:\\\/\\\/complior.se\\\/wp-content\\\/uploads\\\/2025\\\/06\\\/Complior_logo_dark-scaled.png\",\"contentUrl\":\"https:\\\/\\\/complior.se\\\/wp-content\\\/uploads\\\/2025\\\/06\\\/Complior_logo_dark-scaled.png\",\"width\":2560,\"height\":960,\"caption\":\"Complior\"},\"image\":{\"@id\":\"https:\\\/\\\/complior.se\\\/#\\\/schema\\\/logo\\\/image\\\/\"}}]}<\/script>\n<!-- \/ Yoast SEO plugin. -->","yoast_head_json":{"title":"GDPR - Complior","robots":{"index":"index","follow":"follow","max-snippet":"max-snippet:-1","max-image-preview":"max-image-preview:large","max-video-preview":"max-video-preview:-1"},"canonical":"https:\/\/complior.se\/en\/compliance\/gdpr\/","og_locale":"en_GB","og_type":"article","og_title":"GDPR - Complior","og_description":"Vad inneb\u00e4r GDPR f\u00f6r din IT-milj\u00f6? Complior erbjuder inte juridisk r\u00e5dgivning eller DPO-tj\u00e4nster. Ist\u00e4llet fokuserar vi p\u00e5 det vi \u00e4r b\u00e4st p\u00e5: att leverera den tekniska plattform som g\u00f6r det m\u00f6jligt f\u00f6r er att f\u00f6lja regelverket i praktiken. Vi hj\u00e4lper er att st\u00e4nga gapet mellan juridiska krav och teknisk verklighet. Svensk Datasuver\u00e4nitet Genom att drifta [&hellip;]","og_url":"https:\/\/complior.se\/en\/compliance\/gdpr\/","og_site_name":"Complior","article_modified_time":"2026-01-20T03:12:53+00:00","og_image":[{"width":800,"height":533,"url":"https:\/\/complior.se\/wp-content\/uploads\/2025\/06\/hand-holding-cloud-system-with-data-protection-e1716464021195.webp","type":"image\/webp"}],"twitter_card":"summary_large_image","twitter_misc":{"Estimated reading time":"2 minutes"},"schema":{"@context":"https:\/\/schema.org","@graph":[{"@type":"WebPage","@id":"https:\/\/complior.se\/compliance\/gdpr\/","url":"https:\/\/complior.se\/compliance\/gdpr\/","name":"GDPR - Complior","isPartOf":{"@id":"https:\/\/complior.se\/#website"},"primaryImageOfPage":{"@id":"https:\/\/complior.se\/compliance\/gdpr\/#primaryimage"},"image":{"@id":"https:\/\/complior.se\/compliance\/gdpr\/#primaryimage"},"thumbnailUrl":"https:\/\/complior.se\/wp-content\/uploads\/2025\/06\/hand-holding-cloud-system-with-data-protection-e1716464021195.webp","datePublished":"2025-10-25T16:50:35+00:00","dateModified":"2026-01-20T03:12:53+00:00","breadcrumb":{"@id":"https:\/\/complior.se\/compliance\/gdpr\/#breadcrumb"},"inLanguage":"en-GB","potentialAction":[{"@type":"ReadAction","target":["https:\/\/complior.se\/compliance\/gdpr\/"]}]},{"@type":"ImageObject","inLanguage":"en-GB","@id":"https:\/\/complior.se\/compliance\/gdpr\/#primaryimage","url":"https:\/\/complior.se\/wp-content\/uploads\/2025\/06\/hand-holding-cloud-system-with-data-protection-e1716464021195.webp","contentUrl":"https:\/\/complior.se\/wp-content\/uploads\/2025\/06\/hand-holding-cloud-system-with-data-protection-e1716464021195.webp"},{"@type":"BreadcrumbList","@id":"https:\/\/complior.se\/compliance\/gdpr\/#breadcrumb","itemListElement":[{"@type":"ListItem","position":1,"name":"Home","item":"https:\/\/complior.se\/"},{"@type":"ListItem","position":2,"name":"Compliance","item":"https:\/\/complior.se\/compliance\/"},{"@type":"ListItem","position":3,"name":"GDPR"}]},{"@type":"WebSite","@id":"https:\/\/complior.se\/#website","url":"https:\/\/complior.se\/","name":"Complior","description":"Security beyond compliance","publisher":{"@id":"https:\/\/complior.se\/#organization"},"potentialAction":[{"@type":"SearchAction","target":{"@type":"EntryPoint","urlTemplate":"https:\/\/complior.se\/?s={search_term_string}"},"query-input":{"@type":"PropertyValueSpecification","valueRequired":true,"valueName":"search_term_string"}}],"inLanguage":"en-GB"},{"@type":"Organization","@id":"https:\/\/complior.se\/#organization","name":"Complior","url":"https:\/\/complior.se\/","logo":{"@type":"ImageObject","inLanguage":"en-GB","@id":"https:\/\/complior.se\/#\/schema\/logo\/image\/","url":"https:\/\/complior.se\/wp-content\/uploads\/2025\/06\/Complior_logo_dark-scaled.png","contentUrl":"https:\/\/complior.se\/wp-content\/uploads\/2025\/06\/Complior_logo_dark-scaled.png","width":2560,"height":960,"caption":"Complior"},"image":{"@id":"https:\/\/complior.se\/#\/schema\/logo\/image\/"}}]}},"uagb_featured_image_src":{"full":false,"thumbnail":false,"medium":false,"medium_large":false,"large":false,"1536x1536":false,"2048x2048":false,"trp-custom-language-flag":false},"uagb_author_info":{"display_name":"Johan Challita","author_link":"https:\/\/complior.se\/en\/author\/johan-challita\/"},"uagb_comment_info":0,"uagb_excerpt":"Vad inneb\u00e4r GDPR f\u00f6r din IT-milj\u00f6? Complior erbjuder inte juridisk r\u00e5dgivning eller DPO-tj\u00e4nster. Ist\u00e4llet fokuserar vi p\u00e5 det vi \u00e4r b\u00e4st p\u00e5: att leverera den tekniska plattform som g\u00f6r det m\u00f6jligt f\u00f6r er att f\u00f6lja regelverket i praktiken. Vi hj\u00e4lper er att st\u00e4nga gapet mellan juridiska krav och teknisk verklighet. Svensk Datasuver\u00e4nitet Genom att drifta&hellip;","_links":{"self":[{"href":"https:\/\/complior.se\/en\/wp-json\/wp\/v2\/pages\/74331","targetHints":{"allow":["GET"]}}],"collection":[{"href":"https:\/\/complior.se\/en\/wp-json\/wp\/v2\/pages"}],"about":[{"href":"https:\/\/complior.se\/en\/wp-json\/wp\/v2\/types\/page"}],"author":[{"embeddable":true,"href":"https:\/\/complior.se\/en\/wp-json\/wp\/v2\/users\/3"}],"replies":[{"embeddable":true,"href":"https:\/\/complior.se\/en\/wp-json\/wp\/v2\/comments?post=74331"}],"version-history":[{"count":283,"href":"https:\/\/complior.se\/en\/wp-json\/wp\/v2\/pages\/74331\/revisions"}],"predecessor-version":[{"id":79267,"href":"https:\/\/complior.se\/en\/wp-json\/wp\/v2\/pages\/74331\/revisions\/79267"}],"up":[{"embeddable":true,"href":"https:\/\/complior.se\/en\/wp-json\/wp\/v2\/pages\/74361"}],"wp:attachment":[{"href":"https:\/\/complior.se\/en\/wp-json\/wp\/v2\/media?parent=74331"}],"curies":[{"name":"wp","href":"https:\/\/api.w.org\/{rel}","templated":true}]}}