{"id":74361,"date":"2025-10-25T20:54:15","date_gmt":"2025-10-25T20:54:15","guid":{"rendered":"https:\/\/complior.se\/?page_id=74361"},"modified":"2026-01-20T01:48:49","modified_gmt":"2026-01-20T00:48:49","slug":"compliance","status":"publish","type":"page","link":"https:\/\/complior.se\/en\/compliance\/","title":{"rendered":"Compliance"},"content":{"rendered":"<div class=\"wp-block-cover is-light blockera-block blockera-block-l3kssh has-background\" style=\"background-color:#f9f9f9;min-height:237px;aspect-ratio:unset;\"><span aria-hidden=\"true\" class=\"wp-block-cover__background has-background-dim-0 has-background-dim has-background-gradient\" style=\"background:linear-gradient(135deg,rgb(242,242,242) 0%,rgb(250,250,250) 50%,rgb(230,230,230) 100%)\"><\/span><div class=\"wp-block-cover__inner-container is-layout-flow wp-block-cover-is-layout-flow\">\n<div class=\"wp-block-group blockera-block blockera-block-10o2u9q has-global-padding is-layout-constrained wp-container-core-group-is-layout-3aa98a73 wp-block-group-is-layout-constrained\" style=\"padding-top:40px;padding-bottom:40px\">\n<h1 class=\"kt-adv-heading74361_6820b7-9f wp-block-kadence-advancedheading\" data-kb-block=\"kb-adv-heading74361_6820b7-9f\">Compliance<\/h1>\n\n\n\n<div class=\"wp-block-group has-global-padding is-content-justification-left is-layout-constrained wp-container-core-group-is-layout-d73614d0 wp-block-group-is-layout-constrained\" style=\"border-left-color:#0d875c;border-left-width:6px;margin-top:var(--wp--preset--spacing--superbspacing-xsmall);margin-bottom:var(--wp--preset--spacing--superbspacing-xsmall);padding-top:1px;padding-right:var(--wp--preset--spacing--superbspacing-xsmall);padding-left:var(--wp--preset--spacing--superbspacing-xsmall)\">\n<p class=\"kt-adv-heading74361_103b7f-3f wp-block-kadence-advancedheading\" data-kb-block=\"kb-adv-heading74361_103b7f-3f\">Empower your company with a secure cloud platform. <br>\nFocus on your core business. We handle the rest.<\/p>\n<\/div>\n<\/div>\n<\/div><\/div>\n\n\n\n<div class=\"wp-block-group has-global-padding is-layout-constrained wp-block-group-is-layout-constrained\">\n<div class=\"wp-block-uagb-container uagb-block-45f950c0 alignfull uagb-is-root-container\"><div class=\"uagb-container-inner-blocks-wrap\">\n<div class=\"wp-block-uagb-container uagb-block-cea4b049\">\n<div class=\"wp-block-group has-global-padding is-layout-constrained wp-block-group-is-layout-constrained\">\n<h2 class=\"kt-adv-heading74361_7f449e-50 wp-block-kadence-advancedheading\" data-kb-block=\"kb-adv-heading74361_7f449e-50\">GDPR<\/h2>\n\n\n\n<p class=\"kt-adv-heading74361_40b562-22 wp-block-kadence-advancedheading\" data-kb-block=\"kb-adv-heading74361_40b562-22\">Sedan 25 maj 2018 g\u00e4ller GDPR, en lag som skyddar personuppgifter f\u00f6r EU\/EES-medborgare. Att f\u00f6lja reglerna kr\u00e4ver b\u00e5de juridisk, organisatorisk och teknisk kunskap.<strong>&nbsp;Complior<\/strong>&nbsp;har l\u00e5ng erfarenhet av att hj\u00e4lpa f\u00f6retag att uppfylla GDPR-kraven \u2013 vi kan st\u00f6tta dig med det mesta inom dataskydd!<br><a href=\"https:\/\/complior.se\/en\/compliance\/gdpr\/\"><\/a><\/p>\n<\/div>\n\n\n\n<div class=\"wp-block-uagb-buttons uagb-buttons__outer-wrap uagb-btn__default-btn uagb-btn-tablet__default-btn uagb-btn-mobile__default-btn uagb-block-6efe2da5\"><div class=\"uagb-buttons__wrap uagb-buttons-layout-wrap\">\n<div class=\"wp-block-uagb-buttons-child uagb-buttons__outer-wrap uagb-block-c78dc888 wp-block-button scale-hover\"><div class=\"uagb-button__wrapper\"><a class=\"uagb-buttons-repeater wp-block-button__link\" aria-label=\"\" href=\"https:\/\/complior.se\/en\/compliance\/gdpr\/\" rel=\"follow noopener\" target=\"_self\" role=\"button\"><div class=\"uagb-button__link\">L\u00e4s mer om GDPR<\/div><span class=\"uagb-button__icon uagb-button__icon-position-after\"><svg xmlns=\"https:\/\/www.w3.org\/2000\/svg\" viewbox=\"0 0 448 512\" aria-hidden=\"true\" focussable=\"false\"><path d=\"M438.6 278.6l-160 160C272.4 444.9 264.2 448 256 448s-16.38-3.125-22.62-9.375c-12.5-12.5-12.5-32.75 0-45.25L338.8 288H32C14.33 288 .0016 273.7 .0016 256S14.33 224 32 224h306.8l-105.4-105.4c-12.5-12.5-12.5-32.75 0-45.25s32.75-12.5 45.25 0l160 160C451.1 245.9 451.1 266.1 438.6 278.6z\"><\/path><\/svg><\/span><\/a><\/div><\/div>\n<\/div><\/div>\n<\/div>\n\n\n\n<div class=\"wp-block-uagb-container uagb-block-0c570455\">\n<figure class=\"wp-block-kadence-image kb-image74361_5ed778-62 size-full\"><img loading=\"lazy\" decoding=\"async\" width=\"800\" height=\"533\" src=\"https:\/\/complior.se\/wp-content\/uploads\/2025\/06\/hand-holding-cloud-system-with-data-protection-e1716464021195.webp\" alt=\"\" class=\"kb-img wp-image-21\" srcset=\"https:\/\/complior.se\/wp-content\/uploads\/2025\/06\/hand-holding-cloud-system-with-data-protection-e1716464021195.webp 800w, https:\/\/complior.se\/wp-content\/uploads\/2025\/06\/hand-holding-cloud-system-with-data-protection-e1716464021195-300x200.webp 300w, https:\/\/complior.se\/wp-content\/uploads\/2025\/06\/hand-holding-cloud-system-with-data-protection-e1716464021195-768x512.webp 768w\" sizes=\"auto, (max-width: 800px) 100vw, 800px\" \/><\/figure>\n<\/div>\n<\/div><\/div>\n\n\n\n<div class=\"wp-block-uagb-container uagb-block-c7db3602 alignfull uagb-is-root-container\"><div class=\"uagb-container-inner-blocks-wrap\">\n<div class=\"wp-block-uagb-container uagb-block-acc6bf89\">\n<div class=\"wp-block-group has-global-padding is-layout-constrained wp-block-group-is-layout-constrained\">\n<h2 class=\"kt-adv-heading74361_86ad5b-57 wp-block-kadence-advancedheading\" data-kb-block=\"kb-adv-heading74361_86ad5b-57\">NIS2<\/h2>\n\n\n\n<p class=\"kt-adv-heading74361_7015e5-a5 wp-block-kadence-advancedheading\" data-kb-block=\"kb-adv-heading74361_7015e5-a5\">EU har inf\u00f6rt det nya cybers\u00e4kerhetsdirektivet NIS2 f\u00f6r att st\u00e4rka motst\u00e5ndskraften mot cyberattacker och digitala s\u00e5rbarheter. Direktivet g\u00e4ller fr\u00e5n 16 januari 2023 och ska vara inf\u00f6rt i medlemsl\u00e4ndernas lagstiftning senast 18 oktober 2024. NIS2 ers\u00e4tter det tidigare NIS-direktivet fr\u00e5n 2016 och inneb\u00e4r ut\u00f6kade krav, fler omfattade sektorer och tydligare samarbete mellan medlemsl\u00e4nder.<br><a href=\"https:\/\/complior.se\/en\/compliance\/gdpr\/\"><\/a><\/p>\n<\/div>\n\n\n\n<div class=\"wp-block-uagb-buttons uagb-buttons__outer-wrap uagb-btn__default-btn uagb-btn-tablet__default-btn uagb-btn-mobile__default-btn uagb-block-79227dd3\"><div class=\"uagb-buttons__wrap uagb-buttons-layout-wrap\">\n<div class=\"wp-block-uagb-buttons-child uagb-buttons__outer-wrap uagb-block-6c9da37b wp-block-button scale-hover\"><div class=\"uagb-button__wrapper\"><a class=\"uagb-buttons-repeater wp-block-button__link\" aria-label=\"\" href=\"https:\/\/complior.se\/en\/compliance\/nis2\/\" rel=\"follow noopener\" target=\"_self\" role=\"button\"><div class=\"uagb-button__link\">L\u00e4s mer om NIS2<\/div><span class=\"uagb-button__icon uagb-button__icon-position-after\"><svg xmlns=\"https:\/\/www.w3.org\/2000\/svg\" viewbox=\"0 0 448 512\" aria-hidden=\"true\" focussable=\"false\"><path d=\"M438.6 278.6l-160 160C272.4 444.9 264.2 448 256 448s-16.38-3.125-22.62-9.375c-12.5-12.5-12.5-32.75 0-45.25L338.8 288H32C14.33 288 .0016 273.7 .0016 256S14.33 224 32 224h306.8l-105.4-105.4c-12.5-12.5-12.5-32.75 0-45.25s32.75-12.5 45.25 0l160 160C451.1 245.9 451.1 266.1 438.6 278.6z\"><\/path><\/svg><\/span><\/a><\/div><\/div>\n<\/div><\/div>\n<\/div>\n\n\n\n<div class=\"wp-block-uagb-container uagb-block-9dde6e31\">\n<figure class=\"wp-block-kadence-image kb-image74361_b6c841-fb size-large\"><img loading=\"lazy\" decoding=\"async\" width=\"1024\" height=\"581\" src=\"https:\/\/complior.se\/wp-content\/uploads\/2025\/11\/NIS2Image-1024x581.webp\" alt=\"\" class=\"kb-img wp-image-76274\" srcset=\"https:\/\/complior.se\/wp-content\/uploads\/2025\/11\/NIS2Image-1024x581.webp 1024w, https:\/\/complior.se\/wp-content\/uploads\/2025\/11\/NIS2Image-300x170.webp 300w, https:\/\/complior.se\/wp-content\/uploads\/2025\/11\/NIS2Image-768x436.webp 768w, https:\/\/complior.se\/wp-content\/uploads\/2025\/11\/NIS2Image-18x10.webp 18w, https:\/\/complior.se\/wp-content\/uploads\/2025\/11\/NIS2Image.webp 1110w\" sizes=\"auto, (max-width: 1024px) 100vw, 1024px\" \/><\/figure>\n<\/div>\n<\/div><\/div>\n\n\n\n<div class=\"wp-block-uagb-container uagb-block-6ef923e8 alignfull uagb-is-root-container\"><div class=\"uagb-container-inner-blocks-wrap\">\n<div class=\"wp-block-uagb-container uagb-block-4a6704ba\">\n<div class=\"wp-block-group has-global-padding is-layout-constrained wp-block-group-is-layout-constrained\">\n<h2 class=\"kt-adv-heading74361_6f2c2a-bf wp-block-kadence-advancedheading\" data-kb-block=\"kb-adv-heading74361_6f2c2a-bf\">DORA<\/h2>\n\n\n\n<p class=\"kt-adv-heading74361_ff562a-c3 wp-block-kadence-advancedheading\" data-kb-block=\"kb-adv-heading74361_ff562a-c3\">The financial sector within the EU faces increased demands on cyber security and business continuity. To meet these challenges, the European Union has introduced DORA. This regulatory framework aims to strengthen financial actors' ability to deal with cyber threats and ensure that their operations can continue to function even during digital disruptions. Starting on January 1, 2023, companies have until January 2025 to implement the measures to be fully compliant.<br><a href=\"https:\/\/complior.se\/en\/compliance\/gdpr\/\"><\/a><\/p>\n<\/div>\n\n\n\n<div class=\"wp-block-uagb-buttons uagb-buttons__outer-wrap uagb-btn__default-btn uagb-btn-tablet__default-btn uagb-btn-mobile__default-btn uagb-block-2fe581aa\"><div class=\"uagb-buttons__wrap uagb-buttons-layout-wrap\">\n<div class=\"wp-block-uagb-buttons-child uagb-buttons__outer-wrap uagb-block-91dc1653 wp-block-button scale-hover\"><div class=\"uagb-button__wrapper\"><a class=\"uagb-buttons-repeater wp-block-button__link\" aria-label=\"\" href=\"https:\/\/complior.se\/en\/compliance\/dora\/\" rel=\"follow noopener\" target=\"_self\" role=\"button\"><div class=\"uagb-button__link\">L\u00e4s mer om DORA<\/div><span class=\"uagb-button__icon uagb-button__icon-position-after\"><svg xmlns=\"https:\/\/www.w3.org\/2000\/svg\" viewbox=\"0 0 448 512\" aria-hidden=\"true\" focussable=\"false\"><path d=\"M438.6 278.6l-160 160C272.4 444.9 264.2 448 256 448s-16.38-3.125-22.62-9.375c-12.5-12.5-12.5-32.75 0-45.25L338.8 288H32C14.33 288 .0016 273.7 .0016 256S14.33 224 32 224h306.8l-105.4-105.4c-12.5-12.5-12.5-32.75 0-45.25s32.75-12.5 45.25 0l160 160C451.1 245.9 451.1 266.1 438.6 278.6z\"><\/path><\/svg><\/span><\/a><\/div><\/div>\n<\/div><\/div>\n<\/div>\n\n\n\n<div class=\"wp-block-uagb-container uagb-block-d79e5923\">\n<figure class=\"wp-block-kadence-image kb-image74361_60a825-b8 size-full\"><img loading=\"lazy\" decoding=\"async\" width=\"1580\" height=\"970\" src=\"https:\/\/complior.se\/wp-content\/uploads\/2025\/11\/DORAImage.webp\" alt=\"\" class=\"kb-img wp-image-75835\" srcset=\"https:\/\/complior.se\/wp-content\/uploads\/2025\/11\/DORAImage.webp 1580w, https:\/\/complior.se\/wp-content\/uploads\/2025\/11\/DORAImage-300x184.webp 300w, https:\/\/complior.se\/wp-content\/uploads\/2025\/11\/DORAImage-1024x629.webp 1024w, https:\/\/complior.se\/wp-content\/uploads\/2025\/11\/DORAImage-768x471.webp 768w, https:\/\/complior.se\/wp-content\/uploads\/2025\/11\/DORAImage-1536x943.webp 1536w, https:\/\/complior.se\/wp-content\/uploads\/2025\/11\/DORAImage-18x12.webp 18w\" sizes=\"auto, (max-width: 1580px) 100vw, 1580px\" \/><\/figure>\n<\/div>\n<\/div><\/div>\n\n\n\n<div class=\"wp-block-uagb-container uagb-block-236e358d alignfull uagb-is-root-container\"><div class=\"uagb-container-inner-blocks-wrap\">\n<div class=\"wp-block-uagb-container uagb-block-18795d8b\">\n<div class=\"wp-block-group has-global-padding is-layout-constrained wp-block-group-is-layout-constrained\">\n<h2 class=\"kt-adv-heading74361_eff432-fc wp-block-kadence-advancedheading\" data-kb-block=\"kb-adv-heading74361_eff432-fc\">PCI DSS<\/h2>\n\n\n\n<p class=\"kt-adv-heading74361_ec9c97-80 wp-block-kadence-advancedheading\" data-kb-block=\"kb-adv-heading74361_ec9c97-80\">PCI DSS (Payment Card Industry Data Security Standard) is a set of security standards designed to ensure that all companies that accept, process, store, or transmit credit card information maintain a secure environment.<br><a href=\"https:\/\/complior.se\/en\/compliance\/gdpr\/\"><\/a><\/p>\n<\/div>\n\n\n\n<div class=\"wp-block-uagb-buttons uagb-buttons__outer-wrap uagb-btn__default-btn uagb-btn-tablet__default-btn uagb-btn-mobile__default-btn uagb-block-466805e0\"><div class=\"uagb-buttons__wrap uagb-buttons-layout-wrap\">\n<div class=\"wp-block-uagb-buttons-child uagb-buttons__outer-wrap uagb-block-f6946816 wp-block-button scale-hover\"><div class=\"uagb-button__wrapper\"><a class=\"uagb-buttons-repeater wp-block-button__link\" aria-label=\"\" href=\"https:\/\/complior.se\/en\/compliance\/pci-dss\/\" rel=\"follow noopener\" target=\"_self\" role=\"button\"><div class=\"uagb-button__link\">L\u00e4s mer om PCI DSS<\/div><span class=\"uagb-button__icon uagb-button__icon-position-after\"><svg xmlns=\"https:\/\/www.w3.org\/2000\/svg\" viewbox=\"0 0 448 512\" aria-hidden=\"true\" focussable=\"false\"><path d=\"M438.6 278.6l-160 160C272.4 444.9 264.2 448 256 448s-16.38-3.125-22.62-9.375c-12.5-12.5-12.5-32.75 0-45.25L338.8 288H32C14.33 288 .0016 273.7 .0016 256S14.33 224 32 224h306.8l-105.4-105.4c-12.5-12.5-12.5-32.75 0-45.25s32.75-12.5 45.25 0l160 160C451.1 245.9 451.1 266.1 438.6 278.6z\"><\/path><\/svg><\/span><\/a><\/div><\/div>\n<\/div><\/div>\n<\/div>\n\n\n\n<div class=\"wp-block-uagb-container uagb-block-0ce48032\">\n<figure class=\"wp-block-kadence-image kb-image74361_b16437-da size-full\"><img loading=\"lazy\" decoding=\"async\" width=\"700\" height=\"467\" src=\"https:\/\/complior.se\/wp-content\/uploads\/2025\/06\/Shopping-1-1.jpeg\" alt=\"\" class=\"kb-img wp-image-73470\" srcset=\"https:\/\/complior.se\/wp-content\/uploads\/2025\/06\/Shopping-1-1.jpeg 700w, https:\/\/complior.se\/wp-content\/uploads\/2025\/06\/Shopping-1-1-300x200.jpeg 300w, https:\/\/complior.se\/wp-content\/uploads\/2025\/06\/Shopping-1-1-18x12.jpeg 18w\" sizes=\"auto, (max-width: 700px) 100vw, 700px\" \/><\/figure>\n<\/div>\n<\/div><\/div>\n<\/div>","protected":false},"excerpt":{"rendered":"<p>GDPR Sedan 25 maj 2018 g\u00e4ller GDPR, en lag som skyddar personuppgifter f\u00f6r EU\/EES-medborgare. Att f\u00f6lja reglerna kr\u00e4ver b\u00e5de juridisk, organisatorisk och teknisk kunskap.&nbsp;Complior&nbsp;har l\u00e5ng erfarenhet av att hj\u00e4lpa f\u00f6retag att uppfylla GDPR-kraven \u2013 vi kan st\u00f6tta dig med det mesta inom dataskydd! NIS2 EU har inf\u00f6rt det nya cybers\u00e4kerhetsdirektivet NIS2 f\u00f6r att st\u00e4rka motst\u00e5ndskraften [&hellip;]<\/p>\n","protected":false},"author":3,"featured_media":0,"parent":0,"menu_order":0,"comment_status":"closed","ping_status":"closed","template":"blank","meta":{"_editorskit_title_hidden":false,"_editorskit_reading_time":0,"_editorskit_is_block_options_detached":false,"_editorskit_block_options_position":"{}","_eb_attr":"","inline_featured_image":false,"_uag_custom_page_level_css":"","wpm_timeformat":"","_wpm_styles":"","footnotes":""},"class_list":["post-74361","page","type-page","status-publish","hentry"],"yoast_head":"<!-- This site is optimized with the Yoast SEO plugin v27.4 - https:\/\/yoast.com\/product\/yoast-seo-wordpress\/ -->\n<title>Compliance - Complior<\/title>\n<meta name=\"robots\" content=\"index, follow, max-snippet:-1, max-image-preview:large, max-video-preview:-1\" \/>\n<link rel=\"canonical\" href=\"https:\/\/complior.se\/en\/compliance\/\" \/>\n<meta property=\"og:locale\" content=\"en_GB\" \/>\n<meta property=\"og:type\" content=\"article\" \/>\n<meta property=\"og:title\" content=\"Compliance - Complior\" \/>\n<meta property=\"og:description\" content=\"GDPR Sedan 25 maj 2018 g\u00e4ller GDPR, en lag som skyddar personuppgifter f\u00f6r EU\/EES-medborgare. Att f\u00f6lja reglerna kr\u00e4ver b\u00e5de juridisk, organisatorisk och teknisk kunskap.&nbsp;Complior&nbsp;har l\u00e5ng erfarenhet av att hj\u00e4lpa f\u00f6retag att uppfylla GDPR-kraven \u2013 vi kan st\u00f6tta dig med det mesta inom dataskydd! NIS2 EU har inf\u00f6rt det nya cybers\u00e4kerhetsdirektivet NIS2 f\u00f6r att st\u00e4rka motst\u00e5ndskraften [&hellip;]\" \/>\n<meta property=\"og:url\" content=\"https:\/\/complior.se\/en\/compliance\/\" \/>\n<meta property=\"og:site_name\" content=\"Complior\" \/>\n<meta property=\"article:modified_time\" content=\"2026-01-20T00:48:49+00:00\" \/>\n<meta property=\"og:image\" content=\"https:\/\/complior.se\/wp-content\/uploads\/2025\/06\/hand-holding-cloud-system-with-data-protection-e1716464021195.webp\" \/>\n\t<meta property=\"og:image:width\" content=\"800\" \/>\n\t<meta property=\"og:image:height\" content=\"533\" \/>\n\t<meta property=\"og:image:type\" content=\"image\/webp\" \/>\n<meta name=\"twitter:card\" content=\"summary_large_image\" \/>\n<meta name=\"twitter:label1\" content=\"Estimated reading time\" \/>\n\t<meta name=\"twitter:data1\" content=\"2 minutes\" \/>\n<script type=\"application\/ld+json\" class=\"yoast-schema-graph\">{\"@context\":\"https:\\\/\\\/schema.org\",\"@graph\":[{\"@type\":\"WebPage\",\"@id\":\"https:\\\/\\\/complior.se\\\/compliance\\\/\",\"url\":\"https:\\\/\\\/complior.se\\\/compliance\\\/\",\"name\":\"Compliance - Complior\",\"isPartOf\":{\"@id\":\"https:\\\/\\\/complior.se\\\/#website\"},\"primaryImageOfPage\":{\"@id\":\"https:\\\/\\\/complior.se\\\/compliance\\\/#primaryimage\"},\"image\":{\"@id\":\"https:\\\/\\\/complior.se\\\/compliance\\\/#primaryimage\"},\"thumbnailUrl\":\"https:\\\/\\\/complior.se\\\/wp-content\\\/uploads\\\/2025\\\/06\\\/hand-holding-cloud-system-with-data-protection-e1716464021195.webp\",\"datePublished\":\"2025-10-25T20:54:15+00:00\",\"dateModified\":\"2026-01-20T00:48:49+00:00\",\"breadcrumb\":{\"@id\":\"https:\\\/\\\/complior.se\\\/compliance\\\/#breadcrumb\"},\"inLanguage\":\"en-GB\",\"potentialAction\":[{\"@type\":\"ReadAction\",\"target\":[\"https:\\\/\\\/complior.se\\\/compliance\\\/\"]}]},{\"@type\":\"ImageObject\",\"inLanguage\":\"en-GB\",\"@id\":\"https:\\\/\\\/complior.se\\\/compliance\\\/#primaryimage\",\"url\":\"https:\\\/\\\/complior.se\\\/wp-content\\\/uploads\\\/2025\\\/06\\\/hand-holding-cloud-system-with-data-protection-e1716464021195.webp\",\"contentUrl\":\"https:\\\/\\\/complior.se\\\/wp-content\\\/uploads\\\/2025\\\/06\\\/hand-holding-cloud-system-with-data-protection-e1716464021195.webp\"},{\"@type\":\"BreadcrumbList\",\"@id\":\"https:\\\/\\\/complior.se\\\/compliance\\\/#breadcrumb\",\"itemListElement\":[{\"@type\":\"ListItem\",\"position\":1,\"name\":\"Home\",\"item\":\"https:\\\/\\\/complior.se\\\/\"},{\"@type\":\"ListItem\",\"position\":2,\"name\":\"Compliance\"}]},{\"@type\":\"WebSite\",\"@id\":\"https:\\\/\\\/complior.se\\\/#website\",\"url\":\"https:\\\/\\\/complior.se\\\/\",\"name\":\"Complior\",\"description\":\"Security beyond compliance\",\"publisher\":{\"@id\":\"https:\\\/\\\/complior.se\\\/#organization\"},\"potentialAction\":[{\"@type\":\"SearchAction\",\"target\":{\"@type\":\"EntryPoint\",\"urlTemplate\":\"https:\\\/\\\/complior.se\\\/?s={search_term_string}\"},\"query-input\":{\"@type\":\"PropertyValueSpecification\",\"valueRequired\":true,\"valueName\":\"search_term_string\"}}],\"inLanguage\":\"en-GB\"},{\"@type\":\"Organization\",\"@id\":\"https:\\\/\\\/complior.se\\\/#organization\",\"name\":\"Complior\",\"url\":\"https:\\\/\\\/complior.se\\\/\",\"logo\":{\"@type\":\"ImageObject\",\"inLanguage\":\"en-GB\",\"@id\":\"https:\\\/\\\/complior.se\\\/#\\\/schema\\\/logo\\\/image\\\/\",\"url\":\"https:\\\/\\\/complior.se\\\/wp-content\\\/uploads\\\/2025\\\/06\\\/Complior_logo_dark-scaled.png\",\"contentUrl\":\"https:\\\/\\\/complior.se\\\/wp-content\\\/uploads\\\/2025\\\/06\\\/Complior_logo_dark-scaled.png\",\"width\":2560,\"height\":960,\"caption\":\"Complior\"},\"image\":{\"@id\":\"https:\\\/\\\/complior.se\\\/#\\\/schema\\\/logo\\\/image\\\/\"}}]}<\/script>\n<!-- \/ Yoast SEO plugin. -->","yoast_head_json":{"title":"Compliance - Complior","robots":{"index":"index","follow":"follow","max-snippet":"max-snippet:-1","max-image-preview":"max-image-preview:large","max-video-preview":"max-video-preview:-1"},"canonical":"https:\/\/complior.se\/en\/compliance\/","og_locale":"en_GB","og_type":"article","og_title":"Compliance - Complior","og_description":"GDPR Sedan 25 maj 2018 g\u00e4ller GDPR, en lag som skyddar personuppgifter f\u00f6r EU\/EES-medborgare. Att f\u00f6lja reglerna kr\u00e4ver b\u00e5de juridisk, organisatorisk och teknisk kunskap.&nbsp;Complior&nbsp;har l\u00e5ng erfarenhet av att hj\u00e4lpa f\u00f6retag att uppfylla GDPR-kraven \u2013 vi kan st\u00f6tta dig med det mesta inom dataskydd! NIS2 EU har inf\u00f6rt det nya cybers\u00e4kerhetsdirektivet NIS2 f\u00f6r att st\u00e4rka motst\u00e5ndskraften [&hellip;]","og_url":"https:\/\/complior.se\/en\/compliance\/","og_site_name":"Complior","article_modified_time":"2026-01-20T00:48:49+00:00","og_image":[{"width":800,"height":533,"url":"https:\/\/complior.se\/wp-content\/uploads\/2025\/06\/hand-holding-cloud-system-with-data-protection-e1716464021195.webp","type":"image\/webp"}],"twitter_card":"summary_large_image","twitter_misc":{"Estimated reading time":"2 minutes"},"schema":{"@context":"https:\/\/schema.org","@graph":[{"@type":"WebPage","@id":"https:\/\/complior.se\/compliance\/","url":"https:\/\/complior.se\/compliance\/","name":"Compliance - Complior","isPartOf":{"@id":"https:\/\/complior.se\/#website"},"primaryImageOfPage":{"@id":"https:\/\/complior.se\/compliance\/#primaryimage"},"image":{"@id":"https:\/\/complior.se\/compliance\/#primaryimage"},"thumbnailUrl":"https:\/\/complior.se\/wp-content\/uploads\/2025\/06\/hand-holding-cloud-system-with-data-protection-e1716464021195.webp","datePublished":"2025-10-25T20:54:15+00:00","dateModified":"2026-01-20T00:48:49+00:00","breadcrumb":{"@id":"https:\/\/complior.se\/compliance\/#breadcrumb"},"inLanguage":"en-GB","potentialAction":[{"@type":"ReadAction","target":["https:\/\/complior.se\/compliance\/"]}]},{"@type":"ImageObject","inLanguage":"en-GB","@id":"https:\/\/complior.se\/compliance\/#primaryimage","url":"https:\/\/complior.se\/wp-content\/uploads\/2025\/06\/hand-holding-cloud-system-with-data-protection-e1716464021195.webp","contentUrl":"https:\/\/complior.se\/wp-content\/uploads\/2025\/06\/hand-holding-cloud-system-with-data-protection-e1716464021195.webp"},{"@type":"BreadcrumbList","@id":"https:\/\/complior.se\/compliance\/#breadcrumb","itemListElement":[{"@type":"ListItem","position":1,"name":"Home","item":"https:\/\/complior.se\/"},{"@type":"ListItem","position":2,"name":"Compliance"}]},{"@type":"WebSite","@id":"https:\/\/complior.se\/#website","url":"https:\/\/complior.se\/","name":"Complior","description":"Security beyond compliance","publisher":{"@id":"https:\/\/complior.se\/#organization"},"potentialAction":[{"@type":"SearchAction","target":{"@type":"EntryPoint","urlTemplate":"https:\/\/complior.se\/?s={search_term_string}"},"query-input":{"@type":"PropertyValueSpecification","valueRequired":true,"valueName":"search_term_string"}}],"inLanguage":"en-GB"},{"@type":"Organization","@id":"https:\/\/complior.se\/#organization","name":"Complior","url":"https:\/\/complior.se\/","logo":{"@type":"ImageObject","inLanguage":"en-GB","@id":"https:\/\/complior.se\/#\/schema\/logo\/image\/","url":"https:\/\/complior.se\/wp-content\/uploads\/2025\/06\/Complior_logo_dark-scaled.png","contentUrl":"https:\/\/complior.se\/wp-content\/uploads\/2025\/06\/Complior_logo_dark-scaled.png","width":2560,"height":960,"caption":"Complior"},"image":{"@id":"https:\/\/complior.se\/#\/schema\/logo\/image\/"}}]}},"uagb_featured_image_src":{"full":false,"thumbnail":false,"medium":false,"medium_large":false,"large":false,"1536x1536":false,"2048x2048":false,"trp-custom-language-flag":false},"uagb_author_info":{"display_name":"Johan Challita","author_link":"https:\/\/complior.se\/en\/author\/johan-challita\/"},"uagb_comment_info":0,"uagb_excerpt":"GDPR Sedan 25 maj 2018 g\u00e4ller GDPR, en lag som skyddar personuppgifter f\u00f6r EU\/EES-medborgare. Att f\u00f6lja reglerna kr\u00e4ver b\u00e5de juridisk, organisatorisk och teknisk kunskap.&nbsp;Complior&nbsp;har l\u00e5ng erfarenhet av att hj\u00e4lpa f\u00f6retag att uppfylla GDPR-kraven \u2013 vi kan st\u00f6tta dig med det mesta inom dataskydd! NIS2 EU har inf\u00f6rt det nya cybers\u00e4kerhetsdirektivet NIS2 f\u00f6r att st\u00e4rka motst\u00e5ndskraften&hellip;","_links":{"self":[{"href":"https:\/\/complior.se\/en\/wp-json\/wp\/v2\/pages\/74361","targetHints":{"allow":["GET"]}}],"collection":[{"href":"https:\/\/complior.se\/en\/wp-json\/wp\/v2\/pages"}],"about":[{"href":"https:\/\/complior.se\/en\/wp-json\/wp\/v2\/types\/page"}],"author":[{"embeddable":true,"href":"https:\/\/complior.se\/en\/wp-json\/wp\/v2\/users\/3"}],"replies":[{"embeddable":true,"href":"https:\/\/complior.se\/en\/wp-json\/wp\/v2\/comments?post=74361"}],"version-history":[{"count":96,"href":"https:\/\/complior.se\/en\/wp-json\/wp\/v2\/pages\/74361\/revisions"}],"predecessor-version":[{"id":79194,"href":"https:\/\/complior.se\/en\/wp-json\/wp\/v2\/pages\/74361\/revisions\/79194"}],"wp:attachment":[{"href":"https:\/\/complior.se\/en\/wp-json\/wp\/v2\/media?parent=74361"}],"curies":[{"name":"wp","href":"https:\/\/api.w.org\/{rel}","templated":true}]}}