{"id":74369,"date":"2025-10-25T20:58:12","date_gmt":"2025-10-25T20:58:12","guid":{"rendered":"https:\/\/complior.se\/?page_id=74369"},"modified":"2026-01-20T01:56:36","modified_gmt":"2026-01-20T00:56:36","slug":"pci-dss","status":"publish","type":"page","link":"https:\/\/complior.se\/en\/compliance\/pci-dss\/","title":{"rendered":"PCI DSS"},"content":{"rendered":"<div class=\"wp-block-cover is-light\" style=\"margin-top:0;margin-bottom:0\"><span aria-hidden=\"true\" class=\"wp-block-cover__background has-background-dim-100 has-background-dim\" style=\"background-color:#f9f9f9\"><\/span><div class=\"wp-block-cover__inner-container has-global-padding is-layout-constrained wp-container-core-cover-is-layout-19c400f2 wp-block-cover-is-layout-constrained\">\n<div class=\"wp-block-columns alignwide blockera-block blockera-block-mcn0l9 is-layout-flex wp-container-core-columns-is-layout-bbbd7ad0 wp-block-columns-is-layout-flex\" style=\"margin-top:0;margin-bottom:0;padding-top:var(--wp--preset--spacing--superbspacing-xsmall);padding-bottom:var(--wp--preset--spacing--superbspacing-xsmall)\">\n<div class=\"wp-block-column is-vertically-aligned-center blockera-block blockera-block-35cxgf is-layout-flow wp-container-core-column-is-layout-a1628350 wp-block-column-is-layout-flow\" style=\"padding-top:0;padding-right:0;padding-bottom:0;padding-left:0;flex-basis:50%\">\n<div class=\"wp-block-group has-global-padding is-content-justification-left is-layout-constrained wp-container-core-group-is-layout-3540e7cd wp-block-group-is-layout-constrained\">\n<h1 class=\"kt-adv-heading74369_8281ad-7d wp-block-kadence-advancedheading\" data-kb-block=\"kb-adv-heading74369_8281ad-7d\">PCI DSS<\/h1>\n\n\n\n<div class=\"wp-block-group has-global-padding is-content-justification-left is-layout-constrained wp-container-core-group-is-layout-d73614d0 wp-block-group-is-layout-constrained\" style=\"border-left-color:#0d875c;border-left-width:6px;margin-top:var(--wp--preset--spacing--superbspacing-xsmall);margin-bottom:var(--wp--preset--spacing--superbspacing-xsmall);padding-top:1px;padding-right:var(--wp--preset--spacing--superbspacing-xsmall);padding-left:var(--wp--preset--spacing--superbspacing-xsmall)\">\n<p class=\"kt-adv-heading74369_3412a2-6e wp-block-kadence-advancedheading\" data-kb-block=\"kb-adv-heading74369_3412a2-6e\"><strong>Payment Card Industry Data Security Standard<\/strong><\/p>\n<\/div>\n\n\n\n<p class=\"kt-adv-heading74369_8e381e-83 wp-block-kadence-advancedheading\" data-kb-block=\"kb-adv-heading74369_8e381e-83\">PCI DSS (Payment Card Industry Data Security Standard) is a set of security standards designed to ensure that all companies that accept, process, store, or transmit credit card information maintain a secure environment.<\/p>\n<\/div>\n\n\n\n<div class=\"wp-block-uagb-buttons uagb-buttons__outer-wrap uagb-btn__default-btn uagb-btn-tablet__default-btn uagb-btn-mobile__default-btn uagb-block-b10e4784\"><div class=\"uagb-buttons__wrap uagb-buttons-layout-wrap\">\n<div class=\"wp-block-uagb-buttons-child uagb-buttons__outer-wrap uagb-block-e51d2f16 wp-block-button scale-hover\"><div class=\"uagb-button__wrapper\"><a class=\"uagb-buttons-repeater wp-block-button__link\" aria-label=\"\" href=\"http:\/\/complior.se\/en\/contact\/\" rel=\"follow noopener\" target=\"_self\" role=\"button\"><div class=\"uagb-button__link\">Contact us<\/div><span class=\"uagb-button__icon uagb-button__icon-position-after\"><svg xmlns=\"https:\/\/www.w3.org\/2000\/svg\" viewbox=\"0 0 448 512\" aria-hidden=\"true\" focussable=\"false\"><path d=\"M438.6 278.6l-160 160C272.4 444.9 264.2 448 256 448s-16.38-3.125-22.62-9.375c-12.5-12.5-12.5-32.75 0-45.25L338.8 288H32C14.33 288 .0016 273.7 .0016 256S14.33 224 32 224h306.8l-105.4-105.4c-12.5-12.5-12.5-32.75 0-45.25s32.75-12.5 45.25 0l160 160C451.1 245.9 451.1 266.1 438.6 278.6z\"><\/path><\/svg><\/span><\/a><\/div><\/div>\n<\/div><\/div>\n<\/div>\n\n\n\n<div class=\"wp-block-column blockera-block blockera-block-1sgmr1u is-horizontal is-content-justification-right is-layout-flow wp-container-core-column-is-layout-10b4d9ed wp-block-column-is-layout-flow\" style=\"padding-right:0;padding-bottom:0;padding-left:0\">\n<div class=\"wp-block-kadence-image kb-image74369_b7289d-e7\"><figure class=\"aligncenter size-full\"><img loading=\"lazy\" decoding=\"async\" width=\"700\" height=\"467\" src=\"https:\/\/complior.se\/wp-content\/uploads\/2025\/06\/Shopping-1-1.jpeg\" alt=\"\" class=\"kb-img wp-image-73470\" srcset=\"https:\/\/complior.se\/wp-content\/uploads\/2025\/06\/Shopping-1-1.jpeg 700w, https:\/\/complior.se\/wp-content\/uploads\/2025\/06\/Shopping-1-1-300x200.jpeg 300w, https:\/\/complior.se\/wp-content\/uploads\/2025\/06\/Shopping-1-1-18x12.jpeg 18w\" sizes=\"auto, (max-width: 700px) 100vw, 700px\" \/><\/figure><\/div>\n<\/div>\n<\/div>\n<\/div><\/div>\n\n\n\n<div class=\"wp-block-group blockera-block blockera-block-9iopq3 has-global-padding is-layout-constrained wp-container-core-group-is-layout-e555385e wp-block-group-is-layout-constrained\">\n<div class=\"wp-block-uagb-container uagb-block-7ffa5b03 alignfull uagb-is-root-container\"><div class=\"uagb-container-inner-blocks-wrap\">\n<div class=\"wp-block-group blockera-block blockera-block-rtt0aw editorskit-no-tablet editorskit-no-mobile is-content-justification-space-between is-nowrap is-layout-flex wp-container-core-group-is-layout-c1b358ba wp-block-group-is-layout-flex\" style=\"padding-right:0;padding-left:0\">\n<div class=\"wp-block-uagb-container uagb-block-4216e58c\">\n<div class=\"wp-block-group blockera-block blockera-block-ikrmwk has-global-padding is-content-justification-left is-layout-constrained wp-container-core-group-is-layout-b1ab7395 wp-block-group-is-layout-constrained\" style=\"padding-top:0;padding-bottom:0\">\n<h2 class=\"kt-adv-heading74369_969c9d-0b wp-block-kadence-advancedheading\" data-kb-block=\"kb-adv-heading74369_969c9d-0b\">PCI Standarder<\/h2>\n\n\n\n<p class=\"kt-adv-heading74369_283185-f0 wp-block-kadence-advancedheading\" data-kb-block=\"kb-adv-heading74369_283185-f0\">Dessa standarder har utvecklats av de stora betalkortsm\u00e4rkena (Visa, Mastercard, American Express, Discover och JCB) f\u00f6r att skydda kortinnehavare mot obeh\u00f6rigt avsl\u00f6jande av deras personliga och finansiella information. PCI DSS best\u00e5r av 12 krav som m\u00e5ste uppfyllas av alla f\u00f6retag som hanterar kreditkortsinformation.<\/p>\n<\/div>\n<\/div>\n\n\n\n<div class=\"wp-block-uagb-container uagb-block-33f61c9f\">\n<div class=\"wp-block-group is-vertical is-layout-flex wp-container-core-group-is-layout-13e57698 wp-block-group-is-layout-flex\" style=\"margin-top:0;margin-bottom:0;padding-top:0;padding-bottom:0\">\n<h2 class=\"kt-adv-heading74369_9f6b75-5e wp-block-kadence-advancedheading\" data-kb-block=\"kb-adv-heading74369_9f6b75-5e\">De 12 PCI DSS-kraven:<\/h2>\n\n\n\n<div class=\"wp-block-group has-global-padding is-content-justification-left is-layout-constrained wp-container-core-group-is-layout-a4818bd4 wp-block-group-is-layout-constrained\" style=\"margin-top:0;margin-bottom:0\"><p class=\"kt-adv-heading74369_5af701-c2 wp-block-kadence-advancedheading kt-adv-heading-has-icon\" data-kb-block=\"kb-adv-heading74369_5af701-c2\"><span class=\"kb-svg-icon-wrap kb-adv-heading-icon kb-svg-icon-fe_arrowRight kb-adv-heading-icon-side-left\"><svg viewbox=\"0 0 24 24\"  fill=\"none\" stroke=\"currentColor\" stroke-width=\"2\" stroke-linecap=\"round\" stroke-linejoin=\"round\" xmlns=\"http:\/\/www.w3.org\/2000\/svg\"  aria-hidden=\"true\"><line x1=\"5\" y1=\"12\" x2=\"19\" y2=\"12\"\/><polyline points=\"12 5 19 12 12 19\"\/><\/svg><\/span><span class=\"kb-adv-text-inner\">Building and maintaining a secure network<\/span><\/p>\n\n<p class=\"kt-adv-heading74369_370ddd-28 wp-block-kadence-advancedheading kt-adv-heading-has-icon\" data-kb-block=\"kb-adv-heading74369_370ddd-28\"><span class=\"kb-svg-icon-wrap kb-adv-heading-icon kb-svg-icon-fe_arrowRight kb-adv-heading-icon-side-left\"><svg viewbox=\"0 0 24 24\"  fill=\"none\" stroke=\"currentColor\" stroke-width=\"2\" stroke-linecap=\"round\" stroke-linejoin=\"round\" xmlns=\"http:\/\/www.w3.org\/2000\/svg\"  aria-hidden=\"true\"><line x1=\"5\" y1=\"12\" x2=\"19\" y2=\"12\"\/><polyline points=\"12 5 19 12 12 19\"\/><\/svg><\/span><span class=\"kb-adv-text-inner\">Protecting cardholder data<\/span><\/p>\n\n<p class=\"kt-adv-heading74369_d60102-80 wp-block-kadence-advancedheading kt-adv-heading-has-icon\" data-kb-block=\"kb-adv-heading74369_d60102-80\"><span class=\"kb-svg-icon-wrap kb-adv-heading-icon kb-svg-icon-fe_arrowRight kb-adv-heading-icon-side-left\"><svg viewbox=\"0 0 24 24\"  fill=\"none\" stroke=\"currentColor\" stroke-width=\"2\" stroke-linecap=\"round\" stroke-linejoin=\"round\" xmlns=\"http:\/\/www.w3.org\/2000\/svg\"  aria-hidden=\"true\"><line x1=\"5\" y1=\"12\" x2=\"19\" y2=\"12\"\/><polyline points=\"12 5 19 12 12 19\"\/><\/svg><\/span><span class=\"kb-adv-text-inner\">Maintaining a vulnerability management program<\/span><\/p>\n\n<p class=\"kt-adv-heading74369_0828e5-9e wp-block-kadence-advancedheading kt-adv-heading-has-icon\" data-kb-block=\"kb-adv-heading74369_0828e5-9e\"><span class=\"kb-svg-icon-wrap kb-adv-heading-icon kb-svg-icon-fe_arrowRight kb-adv-heading-icon-side-left\"><svg viewbox=\"0 0 24 24\"  fill=\"none\" stroke=\"currentColor\" stroke-width=\"2\" stroke-linecap=\"round\" stroke-linejoin=\"round\" xmlns=\"http:\/\/www.w3.org\/2000\/svg\"  aria-hidden=\"true\"><line x1=\"5\" y1=\"12\" x2=\"19\" y2=\"12\"\/><polyline points=\"12 5 19 12 12 19\"\/><\/svg><\/span><span class=\"kb-adv-text-inner\">Implementing strong access control measures<\/span><\/p>\n\n<p class=\"kt-adv-heading74369_cae758-5e wp-block-kadence-advancedheading kt-adv-heading-has-icon\" data-kb-block=\"kb-adv-heading74369_cae758-5e\"><span class=\"kb-svg-icon-wrap kb-adv-heading-icon kb-svg-icon-fe_arrowRight kb-adv-heading-icon-side-left\"><svg viewbox=\"0 0 24 24\"  fill=\"none\" stroke=\"currentColor\" stroke-width=\"2\" stroke-linecap=\"round\" stroke-linejoin=\"round\" xmlns=\"http:\/\/www.w3.org\/2000\/svg\"  aria-hidden=\"true\"><line x1=\"5\" y1=\"12\" x2=\"19\" y2=\"12\"\/><polyline points=\"12 5 19 12 12 19\"\/><\/svg><\/span><span class=\"kb-adv-text-inner\">Regularly monitoring and testing networks<\/span><\/p>\n\n<p class=\"kt-adv-heading74369_cbabb2-48 wp-block-kadence-advancedheading kt-adv-heading-has-icon\" data-kb-block=\"kb-adv-heading74369_cbabb2-48\"><span class=\"kb-svg-icon-wrap kb-adv-heading-icon kb-svg-icon-fe_arrowRight kb-adv-heading-icon-side-left\"><svg viewbox=\"0 0 24 24\"  fill=\"none\" stroke=\"currentColor\" stroke-width=\"2\" stroke-linecap=\"round\" stroke-linejoin=\"round\" xmlns=\"http:\/\/www.w3.org\/2000\/svg\"  aria-hidden=\"true\"><line x1=\"5\" y1=\"12\" x2=\"19\" y2=\"12\"\/><polyline points=\"12 5 19 12 12 19\"\/><\/svg><\/span><span class=\"kb-adv-text-inner\">Maintaining an information security policy<\/span><\/p><\/div>\n<\/div>\n<\/div>\n<\/div>\n<\/div><\/div>\n\n\n\n<div class=\"wp-block-uagb-container uagb-block-1ca4f0d8 alignfull uagb-is-root-container\"><div class=\"uagb-container-inner-blocks-wrap\">\n<div class=\"wp-block-uagb-container blockera-block blockera-block-evdfz2 uagb-block-3825ba5d\">\n<div class=\"wp-block-uagb-container uagb-block-b4a953c0\">\n<div class=\"wp-block-kadence-image kb-image74369_07fda0-13\"><figure class=\"alignleft size-full\"><img loading=\"lazy\" decoding=\"async\" width=\"1024\" height=\"1024\" src=\"https:\/\/complior.se\/wp-content\/uploads\/2024\/05\/photo-of-person-handing-card.webp\" alt=\"photo of person handing card\" class=\"kb-img wp-image-59816\" srcset=\"https:\/\/complior.se\/wp-content\/uploads\/2024\/05\/photo-of-person-handing-card.webp 1024w, https:\/\/complior.se\/wp-content\/uploads\/2024\/05\/photo-of-person-handing-card-300x300.webp 300w, https:\/\/complior.se\/wp-content\/uploads\/2024\/05\/photo-of-person-handing-card-150x150.webp 150w, https:\/\/complior.se\/wp-content\/uploads\/2024\/05\/photo-of-person-handing-card-768x768.webp 768w, https:\/\/complior.se\/wp-content\/uploads\/2024\/05\/photo-of-person-handing-card-12x12.webp 12w\" sizes=\"auto, (max-width: 1024px) 100vw, 1024px\" \/><\/figure><\/div>\n<\/div>\n\n\n\n<div class=\"wp-block-uagb-container uagb-block-bddd4cc0\">\n<div class=\"wp-block-group has-global-padding is-content-justification-left is-layout-constrained wp-container-core-group-is-layout-20cdeea1 wp-block-group-is-layout-constrained\" style=\"margin-top:0;margin-bottom:0\">\n<h1 class=\"kt-adv-heading74369_460d9b-63 wp-block-kadence-advancedheading\" data-kb-block=\"kb-adv-heading74369_460d9b-63\">PCI DSS och QSA: Nyckeln till s\u00e4kra betalningsprocesser<\/h1>\n\n\n\n<p class=\"kt-adv-heading74369_1bef67-8b wp-block-kadence-advancedheading\" data-kb-block=\"kb-adv-heading74369_1bef67-8b\">Meeting the PCI DSS requirements helps to prevent security breaches and protect against the loss of sensitive information. It also helps to ensure that companies can continue to accept credit card payments from their customers.<br><br>By implementing PCI DSS, companies can reduce the risk of data breaches and protect their customers\u2019 personal and financial information. This helps to build trust and maintain the integrity of the payment card industry.<br>QSA (Qualified Security Assessor) is a person or company that has been certified by the PCI Security Standards Council to assess organizations for compliance with PCI DSS. QSAs are responsible for conducting on-site assessments of a company\u2019s systems and processes to determine whether they meet the requirements of PCI DSS.<br><br>The relationship between PCI DSS and QSA is that companies must meet the requirements of PCI DSS to accept credit card payments from their customers. QSAs are the certified individuals or companies that assess whether a company is meeting these requirements. By working with a QSA, companies can ensure that they are compliant with PCI DSS and can continue to accept credit card payments securely.<\/p>\n<\/div>\n<\/div>\n<\/div>\n<\/div><\/div>\n<\/div>","protected":false},"excerpt":{"rendered":"<p>PCI Standarder Dessa standarder har utvecklats av de stora betalkortsm\u00e4rkena (Visa, Mastercard, American Express, Discover och JCB) f\u00f6r att skydda kortinnehavare mot obeh\u00f6rigt avsl\u00f6jande av deras personliga och finansiella information. PCI DSS best\u00e5r av 12 krav som m\u00e5ste uppfyllas av alla f\u00f6retag som hanterar kreditkortsinformation. De 12 PCI DSS-kraven: Bygga och underh\u00e5lla ett s\u00e4kert n\u00e4tverk [&hellip;]<\/p>\n","protected":false},"author":3,"featured_media":0,"parent":74361,"menu_order":0,"comment_status":"closed","ping_status":"closed","template":"blank","meta":{"_editorskit_title_hidden":false,"_editorskit_reading_time":0,"_editorskit_is_block_options_detached":false,"_editorskit_block_options_position":"{}","_eb_attr":"","inline_featured_image":false,"_uag_custom_page_level_css":"","wpm_timeformat":"","_wpm_styles":"","footnotes":""},"class_list":["post-74369","page","type-page","status-publish","hentry"],"yoast_head":"<!-- This site is optimized with the Yoast SEO plugin v27.4 - https:\/\/yoast.com\/product\/yoast-seo-wordpress\/ -->\n<title>PCI DSS - Complior<\/title>\n<meta name=\"robots\" content=\"index, follow, max-snippet:-1, max-image-preview:large, max-video-preview:-1\" \/>\n<link rel=\"canonical\" href=\"https:\/\/complior.se\/en\/compliance\/pci-dss\/\" \/>\n<meta property=\"og:locale\" content=\"en_GB\" \/>\n<meta property=\"og:type\" content=\"article\" \/>\n<meta property=\"og:title\" content=\"PCI DSS - Complior\" \/>\n<meta property=\"og:description\" content=\"PCI Standarder Dessa standarder har utvecklats av de stora betalkortsm\u00e4rkena (Visa, Mastercard, American Express, Discover och JCB) f\u00f6r att skydda kortinnehavare mot obeh\u00f6rigt avsl\u00f6jande av deras personliga och finansiella information. PCI DSS best\u00e5r av 12 krav som m\u00e5ste uppfyllas av alla f\u00f6retag som hanterar kreditkortsinformation. De 12 PCI DSS-kraven: Bygga och underh\u00e5lla ett s\u00e4kert n\u00e4tverk [&hellip;]\" \/>\n<meta property=\"og:url\" content=\"https:\/\/complior.se\/en\/compliance\/pci-dss\/\" \/>\n<meta property=\"og:site_name\" content=\"Complior\" \/>\n<meta property=\"article:modified_time\" content=\"2026-01-20T00:56:36+00:00\" \/>\n<meta property=\"og:image\" content=\"https:\/\/complior.se\/wp-content\/uploads\/2025\/06\/Shopping-1-1.jpeg\" \/>\n\t<meta property=\"og:image:width\" content=\"700\" \/>\n\t<meta property=\"og:image:height\" content=\"467\" \/>\n\t<meta property=\"og:image:type\" content=\"image\/jpeg\" \/>\n<meta name=\"twitter:card\" content=\"summary_large_image\" \/>\n<meta name=\"twitter:label1\" content=\"Estimated reading time\" \/>\n\t<meta name=\"twitter:data1\" content=\"2 minutes\" \/>\n<script type=\"application\/ld+json\" class=\"yoast-schema-graph\">{\"@context\":\"https:\\\/\\\/schema.org\",\"@graph\":[{\"@type\":\"WebPage\",\"@id\":\"https:\\\/\\\/complior.se\\\/compliance\\\/pci-dss\\\/\",\"url\":\"https:\\\/\\\/complior.se\\\/compliance\\\/pci-dss\\\/\",\"name\":\"PCI DSS - Complior\",\"isPartOf\":{\"@id\":\"https:\\\/\\\/complior.se\\\/#website\"},\"primaryImageOfPage\":{\"@id\":\"https:\\\/\\\/complior.se\\\/compliance\\\/pci-dss\\\/#primaryimage\"},\"image\":{\"@id\":\"https:\\\/\\\/complior.se\\\/compliance\\\/pci-dss\\\/#primaryimage\"},\"thumbnailUrl\":\"https:\\\/\\\/complior.se\\\/wp-content\\\/uploads\\\/2025\\\/06\\\/Shopping-1-1.jpeg\",\"datePublished\":\"2025-10-25T20:58:12+00:00\",\"dateModified\":\"2026-01-20T00:56:36+00:00\",\"breadcrumb\":{\"@id\":\"https:\\\/\\\/complior.se\\\/compliance\\\/pci-dss\\\/#breadcrumb\"},\"inLanguage\":\"en-GB\",\"potentialAction\":[{\"@type\":\"ReadAction\",\"target\":[\"https:\\\/\\\/complior.se\\\/compliance\\\/pci-dss\\\/\"]}]},{\"@type\":\"ImageObject\",\"inLanguage\":\"en-GB\",\"@id\":\"https:\\\/\\\/complior.se\\\/compliance\\\/pci-dss\\\/#primaryimage\",\"url\":\"https:\\\/\\\/complior.se\\\/wp-content\\\/uploads\\\/2025\\\/06\\\/Shopping-1-1.jpeg\",\"contentUrl\":\"https:\\\/\\\/complior.se\\\/wp-content\\\/uploads\\\/2025\\\/06\\\/Shopping-1-1.jpeg\"},{\"@type\":\"BreadcrumbList\",\"@id\":\"https:\\\/\\\/complior.se\\\/compliance\\\/pci-dss\\\/#breadcrumb\",\"itemListElement\":[{\"@type\":\"ListItem\",\"position\":1,\"name\":\"Home\",\"item\":\"https:\\\/\\\/complior.se\\\/\"},{\"@type\":\"ListItem\",\"position\":2,\"name\":\"Compliance\",\"item\":\"https:\\\/\\\/complior.se\\\/compliance\\\/\"},{\"@type\":\"ListItem\",\"position\":3,\"name\":\"PCI DSS\"}]},{\"@type\":\"WebSite\",\"@id\":\"https:\\\/\\\/complior.se\\\/#website\",\"url\":\"https:\\\/\\\/complior.se\\\/\",\"name\":\"Complior\",\"description\":\"Security beyond compliance\",\"publisher\":{\"@id\":\"https:\\\/\\\/complior.se\\\/#organization\"},\"potentialAction\":[{\"@type\":\"SearchAction\",\"target\":{\"@type\":\"EntryPoint\",\"urlTemplate\":\"https:\\\/\\\/complior.se\\\/?s={search_term_string}\"},\"query-input\":{\"@type\":\"PropertyValueSpecification\",\"valueRequired\":true,\"valueName\":\"search_term_string\"}}],\"inLanguage\":\"en-GB\"},{\"@type\":\"Organization\",\"@id\":\"https:\\\/\\\/complior.se\\\/#organization\",\"name\":\"Complior\",\"url\":\"https:\\\/\\\/complior.se\\\/\",\"logo\":{\"@type\":\"ImageObject\",\"inLanguage\":\"en-GB\",\"@id\":\"https:\\\/\\\/complior.se\\\/#\\\/schema\\\/logo\\\/image\\\/\",\"url\":\"https:\\\/\\\/complior.se\\\/wp-content\\\/uploads\\\/2025\\\/06\\\/Complior_logo_dark-scaled.png\",\"contentUrl\":\"https:\\\/\\\/complior.se\\\/wp-content\\\/uploads\\\/2025\\\/06\\\/Complior_logo_dark-scaled.png\",\"width\":2560,\"height\":960,\"caption\":\"Complior\"},\"image\":{\"@id\":\"https:\\\/\\\/complior.se\\\/#\\\/schema\\\/logo\\\/image\\\/\"}}]}<\/script>\n<!-- \/ Yoast SEO plugin. -->","yoast_head_json":{"title":"PCI DSS - Complior","robots":{"index":"index","follow":"follow","max-snippet":"max-snippet:-1","max-image-preview":"max-image-preview:large","max-video-preview":"max-video-preview:-1"},"canonical":"https:\/\/complior.se\/en\/compliance\/pci-dss\/","og_locale":"en_GB","og_type":"article","og_title":"PCI DSS - Complior","og_description":"PCI Standarder Dessa standarder har utvecklats av de stora betalkortsm\u00e4rkena (Visa, Mastercard, American Express, Discover och JCB) f\u00f6r att skydda kortinnehavare mot obeh\u00f6rigt avsl\u00f6jande av deras personliga och finansiella information. PCI DSS best\u00e5r av 12 krav som m\u00e5ste uppfyllas av alla f\u00f6retag som hanterar kreditkortsinformation. De 12 PCI DSS-kraven: Bygga och underh\u00e5lla ett s\u00e4kert n\u00e4tverk [&hellip;]","og_url":"https:\/\/complior.se\/en\/compliance\/pci-dss\/","og_site_name":"Complior","article_modified_time":"2026-01-20T00:56:36+00:00","og_image":[{"width":700,"height":467,"url":"https:\/\/complior.se\/wp-content\/uploads\/2025\/06\/Shopping-1-1.jpeg","type":"image\/jpeg"}],"twitter_card":"summary_large_image","twitter_misc":{"Estimated reading time":"2 minutes"},"schema":{"@context":"https:\/\/schema.org","@graph":[{"@type":"WebPage","@id":"https:\/\/complior.se\/compliance\/pci-dss\/","url":"https:\/\/complior.se\/compliance\/pci-dss\/","name":"PCI DSS - Complior","isPartOf":{"@id":"https:\/\/complior.se\/#website"},"primaryImageOfPage":{"@id":"https:\/\/complior.se\/compliance\/pci-dss\/#primaryimage"},"image":{"@id":"https:\/\/complior.se\/compliance\/pci-dss\/#primaryimage"},"thumbnailUrl":"https:\/\/complior.se\/wp-content\/uploads\/2025\/06\/Shopping-1-1.jpeg","datePublished":"2025-10-25T20:58:12+00:00","dateModified":"2026-01-20T00:56:36+00:00","breadcrumb":{"@id":"https:\/\/complior.se\/compliance\/pci-dss\/#breadcrumb"},"inLanguage":"en-GB","potentialAction":[{"@type":"ReadAction","target":["https:\/\/complior.se\/compliance\/pci-dss\/"]}]},{"@type":"ImageObject","inLanguage":"en-GB","@id":"https:\/\/complior.se\/compliance\/pci-dss\/#primaryimage","url":"https:\/\/complior.se\/wp-content\/uploads\/2025\/06\/Shopping-1-1.jpeg","contentUrl":"https:\/\/complior.se\/wp-content\/uploads\/2025\/06\/Shopping-1-1.jpeg"},{"@type":"BreadcrumbList","@id":"https:\/\/complior.se\/compliance\/pci-dss\/#breadcrumb","itemListElement":[{"@type":"ListItem","position":1,"name":"Home","item":"https:\/\/complior.se\/"},{"@type":"ListItem","position":2,"name":"Compliance","item":"https:\/\/complior.se\/compliance\/"},{"@type":"ListItem","position":3,"name":"PCI DSS"}]},{"@type":"WebSite","@id":"https:\/\/complior.se\/#website","url":"https:\/\/complior.se\/","name":"Complior","description":"Security beyond compliance","publisher":{"@id":"https:\/\/complior.se\/#organization"},"potentialAction":[{"@type":"SearchAction","target":{"@type":"EntryPoint","urlTemplate":"https:\/\/complior.se\/?s={search_term_string}"},"query-input":{"@type":"PropertyValueSpecification","valueRequired":true,"valueName":"search_term_string"}}],"inLanguage":"en-GB"},{"@type":"Organization","@id":"https:\/\/complior.se\/#organization","name":"Complior","url":"https:\/\/complior.se\/","logo":{"@type":"ImageObject","inLanguage":"en-GB","@id":"https:\/\/complior.se\/#\/schema\/logo\/image\/","url":"https:\/\/complior.se\/wp-content\/uploads\/2025\/06\/Complior_logo_dark-scaled.png","contentUrl":"https:\/\/complior.se\/wp-content\/uploads\/2025\/06\/Complior_logo_dark-scaled.png","width":2560,"height":960,"caption":"Complior"},"image":{"@id":"https:\/\/complior.se\/#\/schema\/logo\/image\/"}}]}},"uagb_featured_image_src":{"full":false,"thumbnail":false,"medium":false,"medium_large":false,"large":false,"1536x1536":false,"2048x2048":false,"trp-custom-language-flag":false},"uagb_author_info":{"display_name":"Johan Challita","author_link":"https:\/\/complior.se\/en\/author\/johan-challita\/"},"uagb_comment_info":0,"uagb_excerpt":"PCI Standarder Dessa standarder har utvecklats av de stora betalkortsm\u00e4rkena (Visa, Mastercard, American Express, Discover och JCB) f\u00f6r att skydda kortinnehavare mot obeh\u00f6rigt avsl\u00f6jande av deras personliga och finansiella information. PCI DSS best\u00e5r av 12 krav som m\u00e5ste uppfyllas av alla f\u00f6retag som hanterar kreditkortsinformation. De 12 PCI DSS-kraven: Bygga och underh\u00e5lla ett s\u00e4kert n\u00e4tverk&hellip;","_links":{"self":[{"href":"https:\/\/complior.se\/en\/wp-json\/wp\/v2\/pages\/74369","targetHints":{"allow":["GET"]}}],"collection":[{"href":"https:\/\/complior.se\/en\/wp-json\/wp\/v2\/pages"}],"about":[{"href":"https:\/\/complior.se\/en\/wp-json\/wp\/v2\/types\/page"}],"author":[{"embeddable":true,"href":"https:\/\/complior.se\/en\/wp-json\/wp\/v2\/users\/3"}],"replies":[{"embeddable":true,"href":"https:\/\/complior.se\/en\/wp-json\/wp\/v2\/comments?post=74369"}],"version-history":[{"count":94,"href":"https:\/\/complior.se\/en\/wp-json\/wp\/v2\/pages\/74369\/revisions"}],"predecessor-version":[{"id":79197,"href":"https:\/\/complior.se\/en\/wp-json\/wp\/v2\/pages\/74369\/revisions\/79197"}],"up":[{"embeddable":true,"href":"https:\/\/complior.se\/en\/wp-json\/wp\/v2\/pages\/74361"}],"wp:attachment":[{"href":"https:\/\/complior.se\/en\/wp-json\/wp\/v2\/media?parent=74369"}],"curies":[{"name":"wp","href":"https:\/\/api.w.org\/{rel}","templated":true}]}}