{"id":74376,"date":"2025-10-25T21:07:53","date_gmt":"2025-10-25T21:07:53","guid":{"rendered":"https:\/\/complior.se\/?page_id=74376"},"modified":"2025-11-22T17:11:00","modified_gmt":"2025-11-22T17:11:00","slug":"case-studies","status":"publish","type":"page","link":"https:\/\/complior.se\/en\/resources\/case-studies\/","title":{"rendered":"Success Stories"},"content":{"rendered":"<div class=\"cl-layout-container align\" style=\"--cl-layout-padding:0px;--cl-layout-margin:5px;\"><div  class=\"cl-layout cl-layout--grid  cl-layout--equal-rows  cl-layout--col-l-4 cl-layout--col-m-4 cl-layout--col-s-2 cl-layout--col-xs-1\"  style=\"--cl-layout-gap-c: 20px;--cl-layout-gap-r: 20px;\n\t\t\" ><div  class=\"cl-layout__item cl-layout__item--id-79938\" ><div  class=\"cl-template cl-template--post cl-template--id-75076 cl-template--image-top\" ><div class=\"cl-element cl-element-featured_media cl-element--instance-1005  cl-element-featured_media--sizing-aspect_ratio\"><a class=\"cl-element-featured_media__anchor\" href=\"https:\/\/complior.se\/en\/azure-encryption-keys-control\/\" title=\"S\u00e5 s\u00e4krar kommuner data i Azure \u2013 med full kontroll \u00f6ver krypteringsnycklar\"><div class=\"cl-element-featured_media__image\" style=\"background-image: url(https:\/\/complior.se\/wp-content\/uploads\/2026\/03\/1772543211353-300x169.png)\" role=\"img\" aria-label=\"Illustration av en svensk kommun som lagrar data i Microsoft Azure med extern nyckelhantering och full kontroll \u00f6ver krypteringsnycklar\"><\/div><\/a><\/div><div class=\"cl-element cl-element-section cl-element--instance-1006 \"><div class=\"cl-element cl-element-taxonomy cl-element--instance-1001 \"><div\t\t\t class=\"cl-element-taxonomy__term\" \t\t\t>\n\t\t\t\tKundcase\t\t\t<\/div><\/div><h4 class=\"cl-element cl-element-title cl-element--instance-1002 \"><a class=\"cl-element-title__anchor\" href=\"https:\/\/complior.se\/en\/azure-encryption-keys-control\/\" target=\"_blank\">S\u00e5 s\u00e4krar kommuner data i Azure \u2013 med full kontroll \u00f6ver krypteringsnycklar<\/a><\/h4><div class=\"cl-element cl-element-excerpt cl-element--instance-1003 \">Kundcase S\u00e5 s\u00e4krar kommuner data i Azure \u2013 med full kontroll \u00f6ver krypteringsnycklar 5 min [\u2026]<\/div><div class=\"cl-element cl-element-link cl-element--instance-1004 \"><a class=\"cl-element-link__anchor\" href=\"https:\/\/complior.se\/en\/azure-encryption-keys-control\/\">L\u00e4s mer \u203a<\/a><\/div><\/div><\/div><\/div><div  class=\"cl-layout__item cl-layout__item--id-67021\" ><div  class=\"cl-template cl-template--post cl-template--id-75076 cl-template--image-top\" ><div class=\"cl-element cl-element-featured_media cl-element--instance-1005  cl-element-featured_media--sizing-aspect_ratio\"><a class=\"cl-element-featured_media__anchor\" href=\"https:\/\/complior.se\/en\/kundcase-travel-clearing\/\" title=\"Travel Clearing\"><div class=\"cl-element-featured_media__image\" style=\"background-image: url(https:\/\/complior.se\/wp-content\/uploads\/2024\/03\/9707-300x200.jpg)\" role=\"img\"><\/div><\/a><\/div><div class=\"cl-element cl-element-section cl-element--instance-1006 \"><div class=\"cl-element cl-element-taxonomy cl-element--instance-1001 \"><div\t\t\t class=\"cl-element-taxonomy__term\" \t\t\t>\n\t\t\t\tKundcase\t\t\t<\/div><\/div><h4 class=\"cl-element cl-element-title cl-element--instance-1002 \"><a class=\"cl-element-title__anchor\" href=\"https:\/\/complior.se\/en\/kundcase-travel-clearing\/\" target=\"_blank\">Travel Clearing<\/a><\/h4><div class=\"cl-element cl-element-excerpt cl-element--instance-1003 \">Travel Clearing f\u00f6rb\u00e4ttrar betalningar med Complior&#8217;s PCI-certifierade hosting f\u00f6r \u00f6kad s\u00e4kerhet och automatisering.<\/div><div class=\"cl-element cl-element-link cl-element--instance-1004 \"><a class=\"cl-element-link__anchor\" href=\"https:\/\/complior.se\/en\/kundcase-travel-clearing\/\">L\u00e4s mer \u203a<\/a><\/div><\/div><\/div><\/div><div  class=\"cl-layout__item cl-layout__item--id-57917\" ><div  class=\"cl-template cl-template--post cl-template--id-75076 cl-template--image-top\" ><div class=\"cl-element cl-element-featured_media cl-element--instance-1005  cl-element-featured_media--sizing-aspect_ratio\"><a class=\"cl-element-featured_media__anchor\" href=\"https:\/\/complior.se\/en\/fallstudie\/\" title=\"Scrive\"><div class=\"cl-element-featured_media__image\" style=\"background-image: url(https:\/\/complior.se\/wp-content\/uploads\/2024\/03\/A-stylized-image-of-the-Earth-with-network-lines-and-dots-representing-global-presence-prominently-in-the-background-300x300.webp)\" role=\"img\" aria-label=\"A stylized image of the Earth with network lines and dots representing global presence, prominently in the background\"><\/div><\/a><\/div><div class=\"cl-element cl-element-section cl-element--instance-1006 \"><div class=\"cl-element cl-element-taxonomy cl-element--instance-1001 \"><div\t\t\t class=\"cl-element-taxonomy__term\" \t\t\t>\n\t\t\t\tKundcase\t\t\t<\/div><\/div><h4 class=\"cl-element cl-element-title cl-element--instance-1002 \"><a class=\"cl-element-title__anchor\" href=\"https:\/\/complior.se\/en\/fallstudie\/\" target=\"_blank\">Scrive<\/a><\/h4><div class=\"cl-element cl-element-excerpt cl-element--instance-1003 \">Hur en organisation framg\u00e5ngsrikt kombinerade digitaliseringsinnovation med strikt efterlevnadav dataskyddsregleringar s\u00e5som GDPR.<\/div><div class=\"cl-element cl-element-link cl-element--instance-1004 \"><a class=\"cl-element-link__anchor\" href=\"https:\/\/complior.se\/en\/fallstudie\/\">L\u00e4s mer \u203a<\/a><\/div><\/div><\/div><\/div><div  class=\"cl-layout__item cl-layout__item--id-706\" ><div  class=\"cl-template cl-template--post cl-template--id-75076 cl-template--image-top\" ><div class=\"cl-element cl-element-featured_media cl-element--instance-1005  cl-element-featured_media--sizing-aspect_ratio\"><a class=\"cl-element-featured_media__anchor\" href=\"https:\/\/complior.se\/en\/replior\/\" title=\"Replior\"><div class=\"cl-element-featured_media__image\" style=\"background-image: url(https:\/\/complior.se\/wp-content\/uploads\/2024\/03\/gxp-header-300x181.webp)\" role=\"img\" aria-label=\"Laptop and medical equipment on a table\"><\/div><\/a><\/div><div class=\"cl-element cl-element-section cl-element--instance-1006 \"><div class=\"cl-element cl-element-taxonomy cl-element--instance-1001 \"><div\t\t\t class=\"cl-element-taxonomy__term\" \t\t\t>\n\t\t\t\tKundcase\t\t\t<\/div><\/div><h4 class=\"cl-element cl-element-title cl-element--instance-1002 \"><a class=\"cl-element-title__anchor\" href=\"https:\/\/complior.se\/en\/replior\/\" target=\"_blank\">Replior<\/a><\/h4><div class=\"cl-element cl-element-excerpt cl-element--instance-1003 \">L\u00e4r dig om Repliors unika relation med Complior<\/div><div class=\"cl-element cl-element-link cl-element--instance-1004 \"><a class=\"cl-element-link__anchor\" href=\"https:\/\/complior.se\/en\/replior\/\">L\u00e4s mer \u203a<\/a><\/div><\/div><\/div><\/div><div  class=\"cl-layout__item cl-layout__item--id-49034\" ><div  class=\"cl-template cl-template--post cl-template--id-75076 cl-template--image-top\" ><div class=\"cl-element cl-element-featured_media cl-element--instance-1005  cl-element-featured_media--sizing-aspect_ratio\"><a class=\"cl-element-featured_media__anchor\" href=\"https:\/\/complior.se\/en\/ebuilder\/\" title=\"eBuilder\"><div class=\"cl-element-featured_media__image\" style=\"background-image: url(https:\/\/complior.se\/wp-content\/uploads\/2025\/06\/cyber-security-data-protection-businessman-using-laptop-computer-protecting-business-scaled-1-1-300x120.jpg)\" role=\"img\"><\/div><\/a><\/div><div class=\"cl-element cl-element-section cl-element--instance-1006 \"><div class=\"cl-element cl-element-taxonomy cl-element--instance-1001 \"><div\t\t\t class=\"cl-element-taxonomy__term\" \t\t\t>\n\t\t\t\tKundcase\t\t\t<\/div><\/div><h4 class=\"cl-element cl-element-title cl-element--instance-1002 \"><a class=\"cl-element-title__anchor\" href=\"https:\/\/complior.se\/en\/ebuilder\/\" target=\"_blank\">eBuilder<\/a><\/h4><div class=\"cl-element cl-element-excerpt cl-element--instance-1003 \">Varf\u00f6r eBuilder \u00e4r en v\u00e4letablerad leverant\u00f6r av SaaS\/BPaaS valde att arbeta med Complior<\/div><div class=\"cl-element cl-element-link cl-element--instance-1004 \"><a class=\"cl-element-link__anchor\" href=\"https:\/\/complior.se\/en\/ebuilder\/\">L\u00e4s mer \u203a<\/a><\/div><\/div><\/div><\/div><div  class=\"cl-layout__item cl-layout__item--id-12309\" ><div  class=\"cl-template cl-template--post cl-template--id-75076 cl-template--image-top\" ><div class=\"cl-element cl-element-featured_media cl-element--instance-1005  cl-element-featured_media--sizing-aspect_ratio\"><a class=\"cl-element-featured_media__anchor\" href=\"https:\/\/complior.se\/en\/casestudy-tictac-mobile\/\" title=\"TicTac Mobile\"><div class=\"cl-element-featured_media__image\" style=\"background-image: url(https:\/\/complior.se\/wp-content\/uploads\/2021\/01\/people-working-together-on-a-laptop-300x191.webp)\" role=\"img\" aria-label=\"people working together on a laptop, one is pointing a pencil to show something\"><\/div><\/a><\/div><div class=\"cl-element cl-element-section cl-element--instance-1006 \"><div class=\"cl-element cl-element-taxonomy cl-element--instance-1001 \"><div\t\t\t class=\"cl-element-taxonomy__term\" \t\t\t>\n\t\t\t\tKundcase\t\t\t<\/div><\/div><h4 class=\"cl-element cl-element-title cl-element--instance-1002 \"><a class=\"cl-element-title__anchor\" href=\"https:\/\/complior.se\/en\/casestudy-tictac-mobile\/\" target=\"_blank\">TicTac Mobile<\/a><\/h4><div class=\"cl-element cl-element-excerpt cl-element--instance-1003 \">Som ett framg\u00e5ngsrikt, v\u00e4xande, familjef\u00f6retag ins\u00e5g teamet p\u00e5 TicTac att de beh\u00f6vde hitta en partner som kunde g\u00f6ra mer \u00e4n bara tillhandah\u00e5lla servrar.<\/div><div class=\"cl-element cl-element-link cl-element--instance-1004 \"><a class=\"cl-element-link__anchor\" href=\"https:\/\/complior.se\/en\/casestudy-tictac-mobile\/\">L\u00e4s mer \u203a<\/a><\/div><\/div><\/div><\/div><div  class=\"cl-layout__item cl-layout__item--id-11154\" ><div  class=\"cl-template cl-template--post cl-template--id-75076 cl-template--image-top\" ><div class=\"cl-element cl-element-featured_media cl-element--instance-1005  cl-element-featured_media--sizing-aspect_ratio\"><a class=\"cl-element-featured_media__anchor\" href=\"https:\/\/complior.se\/en\/casestudy-meawallet\/\" title=\"MeaWallet\"><div class=\"cl-element-featured_media__image\" style=\"background-image: url(https:\/\/complior.se\/wp-content\/uploads\/2020\/09\/guyd-looking-at-phone--300x281.webp)\" role=\"img\" aria-label=\"guy looking at phone on the street\"><\/div><\/a><\/div><div class=\"cl-element cl-element-section cl-element--instance-1006 \"><div class=\"cl-element cl-element-taxonomy cl-element--instance-1001 \"><div\t\t\t class=\"cl-element-taxonomy__term\" \t\t\t>\n\t\t\t\tKundcase\t\t\t<\/div><\/div><h4 class=\"cl-element cl-element-title cl-element--instance-1002 \"><a class=\"cl-element-title__anchor\" href=\"https:\/\/complior.se\/en\/casestudy-meawallet\/\" target=\"_blank\">MeaWallet<\/a><\/h4><div class=\"cl-element cl-element-excerpt cl-element--instance-1003 \">Varf\u00f6r MeaWallet v\u00e4ljer Complior som partner<\/div><div class=\"cl-element cl-element-link cl-element--instance-1004 \"><a class=\"cl-element-link__anchor\" href=\"https:\/\/complior.se\/en\/casestudy-meawallet\/\">L\u00e4s mer \u203a<\/a><\/div><\/div><\/div><\/div><div  class=\"cl-layout__item cl-layout__item--id-5410\" ><div  class=\"cl-template cl-template--post cl-template--id-75076 cl-template--image-top\" ><div class=\"cl-element cl-element-featured_media cl-element--instance-1005  cl-element-featured_media--sizing-aspect_ratio\"><a class=\"cl-element-featured_media__anchor\" href=\"https:\/\/complior.se\/en\/secure-hosting-of-a-revolutionary-psd2-solution\/\" title=\"Case: PSD2\"><div class=\"cl-element-featured_media__image\" style=\"background-image: url(https:\/\/complior.se\/wp-content\/uploads\/2019\/03\/credit-card-data-scaled-1-300x186.webp)\" role=\"img\" aria-label=\"credit card data security\"><\/div><\/a><\/div><div class=\"cl-element cl-element-section cl-element--instance-1006 \"><div class=\"cl-element cl-element-taxonomy cl-element--instance-1001 \"><div\t\t\t class=\"cl-element-taxonomy__term\" \t\t\t>\n\t\t\t\tKundcase\t\t\t<\/div><\/div><h4 class=\"cl-element cl-element-title cl-element--instance-1002 \"><a class=\"cl-element-title__anchor\" href=\"https:\/\/complior.se\/en\/secure-hosting-of-a-revolutionary-psd2-solution\/\" target=\"_blank\">Case: PSD2<\/a><\/h4><div class=\"cl-element cl-element-excerpt cl-element--instance-1003 \">S\u00e4ker v\u00e4rd f\u00f6r en revolutionerande PSD2-l\u00f6sning<\/div><div class=\"cl-element cl-element-link cl-element--instance-1004 \"><a class=\"cl-element-link__anchor\" href=\"https:\/\/complior.se\/en\/secure-hosting-of-a-revolutionary-psd2-solution\/\">L\u00e4s mer \u203a<\/a><\/div><\/div><\/div><\/div><\/div><div class=\"cl-pagination\"><span aria-current=\"page\" class=\"page-numbers current\">1<\/span>\n<a class=\"page-numbers\" href=\"https:\/\/complior.se\/en\/wp-json\/wp\/v2\/pages\/2\/\">2<\/a>\n<a class=\"next page-numbers\" href=\"https:\/\/complior.se\/en\/wp-json\/wp\/v2\/pages\/2\/\">Next &raquo;<\/a><\/div><\/div>","protected":false},"excerpt":{"rendered":"","protected":false},"author":3,"featured_media":0,"parent":74404,"menu_order":0,"comment_status":"closed","ping_status":"closed","template":"wp-custom-template-resources","meta":{"_editorskit_title_hidden":false,"_editorskit_reading_time":0,"_editorskit_is_block_options_detached":false,"_editorskit_block_options_position":"{}","_eb_attr":"","inline_featured_image":false,"_uag_custom_page_level_css":"","wpm_timeformat":"","_wpm_styles":"","footnotes":""},"class_list":["post-74376","page","type-page","status-publish","hentry"],"yoast_head":"<!-- This site is optimized with the Yoast SEO plugin v27.4 - https:\/\/yoast.com\/product\/yoast-seo-wordpress\/ -->\n<title>Kundcase - Complior<\/title>\n<meta name=\"robots\" content=\"index, follow, max-snippet:-1, max-image-preview:large, max-video-preview:-1\" \/>\n<link rel=\"canonical\" href=\"https:\/\/complior.se\/en\/resources\/case-studies\/\" \/>\n<meta property=\"og:locale\" content=\"en_GB\" \/>\n<meta property=\"og:type\" content=\"article\" \/>\n<meta property=\"og:title\" content=\"Kundcase - Complior\" \/>\n<meta property=\"og:url\" content=\"https:\/\/complior.se\/en\/resources\/case-studies\/\" \/>\n<meta property=\"og:site_name\" content=\"Complior\" \/>\n<meta property=\"article:modified_time\" content=\"2025-11-22T17:11:00+00:00\" \/>\n<meta name=\"twitter:card\" content=\"summary_large_image\" \/>\n<meta name=\"twitter:label1\" content=\"Estimated reading time\" \/>\n\t<meta name=\"twitter:data1\" content=\"1 minute\" \/>\n<script type=\"application\/ld+json\" class=\"yoast-schema-graph\">{\"@context\":\"https:\\\/\\\/schema.org\",\"@graph\":[{\"@type\":\"WebPage\",\"@id\":\"https:\\\/\\\/complior.se\\\/resources\\\/case-studies\\\/\",\"url\":\"https:\\\/\\\/complior.se\\\/resources\\\/case-studies\\\/\",\"name\":\"Kundcase - Complior\",\"isPartOf\":{\"@id\":\"https:\\\/\\\/complior.se\\\/#website\"},\"datePublished\":\"2025-10-25T21:07:53+00:00\",\"dateModified\":\"2025-11-22T17:11:00+00:00\",\"breadcrumb\":{\"@id\":\"https:\\\/\\\/complior.se\\\/resources\\\/case-studies\\\/#breadcrumb\"},\"inLanguage\":\"en-GB\",\"potentialAction\":[{\"@type\":\"ReadAction\",\"target\":[\"https:\\\/\\\/complior.se\\\/resources\\\/case-studies\\\/\"]}]},{\"@type\":\"BreadcrumbList\",\"@id\":\"https:\\\/\\\/complior.se\\\/resources\\\/case-studies\\\/#breadcrumb\",\"itemListElement\":[{\"@type\":\"ListItem\",\"position\":1,\"name\":\"Home\",\"item\":\"https:\\\/\\\/complior.se\\\/\"},{\"@type\":\"ListItem\",\"position\":2,\"name\":\"Resurser\",\"item\":\"https:\\\/\\\/complior.se\\\/resources\\\/\"},{\"@type\":\"ListItem\",\"position\":3,\"name\":\"Kundcase\"}]},{\"@type\":\"WebSite\",\"@id\":\"https:\\\/\\\/complior.se\\\/#website\",\"url\":\"https:\\\/\\\/complior.se\\\/\",\"name\":\"Complior\",\"description\":\"Security beyond compliance\",\"publisher\":{\"@id\":\"https:\\\/\\\/complior.se\\\/#organization\"},\"potentialAction\":[{\"@type\":\"SearchAction\",\"target\":{\"@type\":\"EntryPoint\",\"urlTemplate\":\"https:\\\/\\\/complior.se\\\/?s={search_term_string}\"},\"query-input\":{\"@type\":\"PropertyValueSpecification\",\"valueRequired\":true,\"valueName\":\"search_term_string\"}}],\"inLanguage\":\"en-GB\"},{\"@type\":\"Organization\",\"@id\":\"https:\\\/\\\/complior.se\\\/#organization\",\"name\":\"Complior\",\"url\":\"https:\\\/\\\/complior.se\\\/\",\"logo\":{\"@type\":\"ImageObject\",\"inLanguage\":\"en-GB\",\"@id\":\"https:\\\/\\\/complior.se\\\/#\\\/schema\\\/logo\\\/image\\\/\",\"url\":\"https:\\\/\\\/complior.se\\\/wp-content\\\/uploads\\\/2025\\\/06\\\/Complior_logo_dark-scaled.png\",\"contentUrl\":\"https:\\\/\\\/complior.se\\\/wp-content\\\/uploads\\\/2025\\\/06\\\/Complior_logo_dark-scaled.png\",\"width\":2560,\"height\":960,\"caption\":\"Complior\"},\"image\":{\"@id\":\"https:\\\/\\\/complior.se\\\/#\\\/schema\\\/logo\\\/image\\\/\"}}]}<\/script>\n<!-- \/ Yoast SEO plugin. -->","yoast_head_json":{"title":"Kundcase - Complior","robots":{"index":"index","follow":"follow","max-snippet":"max-snippet:-1","max-image-preview":"max-image-preview:large","max-video-preview":"max-video-preview:-1"},"canonical":"https:\/\/complior.se\/en\/resources\/case-studies\/","og_locale":"en_GB","og_type":"article","og_title":"Kundcase - Complior","og_url":"https:\/\/complior.se\/en\/resources\/case-studies\/","og_site_name":"Complior","article_modified_time":"2025-11-22T17:11:00+00:00","twitter_card":"summary_large_image","twitter_misc":{"Estimated reading time":"1 minute"},"schema":{"@context":"https:\/\/schema.org","@graph":[{"@type":"WebPage","@id":"https:\/\/complior.se\/resources\/case-studies\/","url":"https:\/\/complior.se\/resources\/case-studies\/","name":"Kundcase - Complior","isPartOf":{"@id":"https:\/\/complior.se\/#website"},"datePublished":"2025-10-25T21:07:53+00:00","dateModified":"2025-11-22T17:11:00+00:00","breadcrumb":{"@id":"https:\/\/complior.se\/resources\/case-studies\/#breadcrumb"},"inLanguage":"en-GB","potentialAction":[{"@type":"ReadAction","target":["https:\/\/complior.se\/resources\/case-studies\/"]}]},{"@type":"BreadcrumbList","@id":"https:\/\/complior.se\/resources\/case-studies\/#breadcrumb","itemListElement":[{"@type":"ListItem","position":1,"name":"Home","item":"https:\/\/complior.se\/"},{"@type":"ListItem","position":2,"name":"Resurser","item":"https:\/\/complior.se\/resources\/"},{"@type":"ListItem","position":3,"name":"Kundcase"}]},{"@type":"WebSite","@id":"https:\/\/complior.se\/#website","url":"https:\/\/complior.se\/","name":"Complior","description":"Security beyond compliance","publisher":{"@id":"https:\/\/complior.se\/#organization"},"potentialAction":[{"@type":"SearchAction","target":{"@type":"EntryPoint","urlTemplate":"https:\/\/complior.se\/?s={search_term_string}"},"query-input":{"@type":"PropertyValueSpecification","valueRequired":true,"valueName":"search_term_string"}}],"inLanguage":"en-GB"},{"@type":"Organization","@id":"https:\/\/complior.se\/#organization","name":"Complior","url":"https:\/\/complior.se\/","logo":{"@type":"ImageObject","inLanguage":"en-GB","@id":"https:\/\/complior.se\/#\/schema\/logo\/image\/","url":"https:\/\/complior.se\/wp-content\/uploads\/2025\/06\/Complior_logo_dark-scaled.png","contentUrl":"https:\/\/complior.se\/wp-content\/uploads\/2025\/06\/Complior_logo_dark-scaled.png","width":2560,"height":960,"caption":"Complior"},"image":{"@id":"https:\/\/complior.se\/#\/schema\/logo\/image\/"}}]}},"uagb_featured_image_src":{"full":false,"thumbnail":false,"medium":false,"medium_large":false,"large":false,"1536x1536":false,"2048x2048":false,"trp-custom-language-flag":false},"uagb_author_info":{"display_name":"Johan Challita","author_link":"https:\/\/complior.se\/en\/author\/johan-challita\/"},"uagb_comment_info":0,"uagb_excerpt":null,"_links":{"self":[{"href":"https:\/\/complior.se\/en\/wp-json\/wp\/v2\/pages\/74376","targetHints":{"allow":["GET"]}}],"collection":[{"href":"https:\/\/complior.se\/en\/wp-json\/wp\/v2\/pages"}],"about":[{"href":"https:\/\/complior.se\/en\/wp-json\/wp\/v2\/types\/page"}],"author":[{"embeddable":true,"href":"https:\/\/complior.se\/en\/wp-json\/wp\/v2\/users\/3"}],"replies":[{"embeddable":true,"href":"https:\/\/complior.se\/en\/wp-json\/wp\/v2\/comments?post=74376"}],"version-history":[{"count":7,"href":"https:\/\/complior.se\/en\/wp-json\/wp\/v2\/pages\/74376\/revisions"}],"predecessor-version":[{"id":75258,"href":"https:\/\/complior.se\/en\/wp-json\/wp\/v2\/pages\/74376\/revisions\/75258"}],"up":[{"embeddable":true,"href":"https:\/\/complior.se\/en\/wp-json\/wp\/v2\/pages\/74404"}],"wp:attachment":[{"href":"https:\/\/complior.se\/en\/wp-json\/wp\/v2\/media?parent=74376"}],"curies":[{"name":"wp","href":"https:\/\/api.w.org\/{rel}","templated":true}]}}