{"id":74378,"date":"2025-10-25T21:08:52","date_gmt":"2025-10-25T21:08:52","guid":{"rendered":"https:\/\/complior.se\/?page_id=74378"},"modified":"2025-11-10T22:06:11","modified_gmt":"2025-11-10T22:06:11","slug":"guides","status":"publish","type":"page","link":"https:\/\/complior.se\/en\/resources\/guides\/","title":{"rendered":"Guides and Whitepapers"},"content":{"rendered":"<div class=\"cl-layout-container align\" style=\"--cl-layout-padding:0px;--cl-layout-margin:5px;\"><div  class=\"cl-layout cl-layout--grid  cl-layout--equal-rows  cl-layout--col-l-4 cl-layout--col-m-4 cl-layout--col-s-2 cl-layout--col-xs-1\"  style=\"--cl-layout-gap-c: 20px;--cl-layout-gap-r: 20px;\n\t\t\" ><div  class=\"cl-layout__item cl-layout__item--id-79968\" ><div  class=\"cl-template cl-template--post cl-template--id-75076 cl-template--image-top\" ><div class=\"cl-element cl-element-featured_media cl-element--instance-1005  cl-element-featured_media--sizing-aspect_ratio\"><a class=\"cl-element-featured_media__anchor\" href=\"https:\/\/complior.se\/en\/cybersecurity-law-sweden-requirements\/\" title=\"S\u00e5 m\u00f6ter du cybers\u00e4kerhetslagen med svenska s\u00e4kerhetstj\u00e4nster\"><div class=\"cl-element-featured_media__image\" style=\"background-image: url(https:\/\/complior.se\/wp-content\/uploads\/2026\/03\/testfar-300x169.jpg)\" role=\"img\" aria-label=\"Illustration av cybers\u00e4kerhetslagen i Sverige med s\u00e4kerhetstj\u00e4nster som skyddar data och uppfyller NIS2-krav\"><\/div><\/a><\/div><div class=\"cl-element cl-element-section cl-element--instance-1006 \"><div class=\"cl-element cl-element-taxonomy cl-element--instance-1001 \"><div\t\t\t class=\"cl-element-taxonomy__term\" \t\t\t>\n\t\t\t\tGuides\t\t\t<\/div><\/div><h4 class=\"cl-element cl-element-title cl-element--instance-1002 \"><a class=\"cl-element-title__anchor\" href=\"https:\/\/complior.se\/en\/cybersecurity-law-sweden-requirements\/\" target=\"_blank\">S\u00e5 m\u00f6ter du cybers\u00e4kerhetslagen med svenska s\u00e4kerhetstj\u00e4nster<\/a><\/h4><div class=\"cl-element cl-element-excerpt cl-element--instance-1003 \">Guider S\u00e5 m\u00f6ter du cybers\u00e4kerhetslagen med svenska s\u00e4kerhetstj\u00e4nster 6 min Du beh\u00f6ver inte byta ut [\u2026]<\/div><div class=\"cl-element cl-element-link cl-element--instance-1004 \"><a class=\"cl-element-link__anchor\" href=\"https:\/\/complior.se\/en\/cybersecurity-law-sweden-requirements\/\">L\u00e4s mer \u203a<\/a><\/div><\/div><\/div><\/div><div  class=\"cl-layout__item cl-layout__item--id-65074\" ><div  class=\"cl-template cl-template--post cl-template--id-75076 cl-template--image-top\" ><div class=\"cl-element cl-element-featured_media cl-element--instance-1005  cl-element-featured_media--sizing-aspect_ratio\"><a class=\"cl-element-featured_media__anchor\" href=\"https:\/\/complior.se\/en\/ebook-saker-lagring\/\" title=\"Gratis nedladdning eBook: S\u00e4ker Lagring\"><div class=\"cl-element-featured_media__image\" style=\"background-image: url(https:\/\/complior.se\/wp-content\/uploads\/2024\/03\/document-management-300x169.jpg)\" role=\"img\" aria-label=\"Document Management System (DMS) being setup by IT consultant working on laptop computer in office. Software for archiving, searching and managing corporate files and information\"><\/div><\/a><\/div><div class=\"cl-element cl-element-section cl-element--instance-1006 \"><div class=\"cl-element cl-element-taxonomy cl-element--instance-1001 \"><div\t\t\t class=\"cl-element-taxonomy__term\" \t\t\t>\n\t\t\t\tGuides\t\t\t<\/div><div\t\t\t class=\"cl-element-taxonomy__term\" \t\t\t>\n\t\t\t\tKunskapscenter\t\t\t<\/div><\/div><h4 class=\"cl-element cl-element-title cl-element--instance-1002 \"><a class=\"cl-element-title__anchor\" href=\"https:\/\/complior.se\/en\/ebook-saker-lagring\/\" target=\"_blank\">Gratis nedladdning eBook: S\u00e4ker Lagring<\/a><\/h4><div class=\"cl-element cl-element-excerpt cl-element--instance-1003 \">S\u00e4ker lagring \u00e4r en viktig strategi f\u00f6r s\u00e4kerhetsmedvetna kommuner och f\u00f6retag. <\/div><div class=\"cl-element cl-element-link cl-element--instance-1004 \"><a class=\"cl-element-link__anchor\" href=\"https:\/\/complior.se\/en\/ebook-saker-lagring\/\">L\u00e4s mer \u203a<\/a><\/div><\/div><\/div><\/div><div  class=\"cl-layout__item cl-layout__item--id-11135\" ><div  class=\"cl-template cl-template--post cl-template--id-75076 cl-template--image-top\" ><div class=\"cl-element cl-element-featured_media cl-element--instance-1005  cl-element-featured_media--sizing-aspect_ratio\"><a class=\"cl-element-featured_media__anchor\" href=\"https:\/\/complior.se\/en\/product-guide-tokenization-service\/\" title=\"Product Guide: Tokenization Service\"><div class=\"cl-element-featured_media__image\" style=\"background-image: url(https:\/\/complior.se\/wp-content\/uploads\/2024\/05\/Payment-card-and-machine-e1716464214879-300x202.webp)\" role=\"img\" aria-label=\"Payment card and machine\"><\/div><\/a><\/div><div class=\"cl-element cl-element-section cl-element--instance-1006 \"><div class=\"cl-element cl-element-taxonomy cl-element--instance-1001 \"><div\t\t\t class=\"cl-element-taxonomy__term\" \t\t\t>\n\t\t\t\tGuides\t\t\t<\/div><div\t\t\t class=\"cl-element-taxonomy__term\" \t\t\t>\n\t\t\t\tKunskapscenter\t\t\t<\/div><\/div><h4 class=\"cl-element cl-element-title cl-element--instance-1002 \"><a class=\"cl-element-title__anchor\" href=\"https:\/\/complior.se\/en\/product-guide-tokenization-service\/\" target=\"_blank\">Product Guide: Tokenization Service<\/a><\/h4><div class=\"cl-element cl-element-excerpt cl-element--instance-1003 \">Guider &amp; Wallpapers Product Guide: Tokenization Service 2 min Tokeniseringstj\u00e4nst \u00c4r du tr\u00f6tt p\u00e5 att [\u2026]<\/div><div class=\"cl-element cl-element-link cl-element--instance-1004 \"><a class=\"cl-element-link__anchor\" href=\"https:\/\/complior.se\/en\/product-guide-tokenization-service\/\">L\u00e4s mer \u203a<\/a><\/div><\/div><\/div><\/div><div  class=\"cl-layout__item cl-layout__item--id-5625\" ><div  class=\"cl-template cl-template--post cl-template--id-75076 cl-template--image-top\" ><div class=\"cl-element cl-element-featured_media cl-element--instance-1005  cl-element-featured_media--sizing-aspect_ratio\"><a class=\"cl-element-featured_media__anchor\" href=\"https:\/\/complior.se\/en\/pci-dss-workflow\/\" title=\"PCI DSS Arbetsfl\u00f6de\"><div class=\"cl-element-featured_media__image\" style=\"background-image: url(https:\/\/complior.se\/wp-content\/uploads\/2024\/05\/close-up-of-man-using-laptop-e1716464006836-300x200.webp)\" role=\"img\" aria-label=\"close up of man using laptop\"><\/div><\/a><\/div><div class=\"cl-element cl-element-section cl-element--instance-1006 \"><div class=\"cl-element cl-element-taxonomy cl-element--instance-1001 \"><div\t\t\t class=\"cl-element-taxonomy__term\" \t\t\t>\n\t\t\t\tGuides\t\t\t<\/div><div\t\t\t class=\"cl-element-taxonomy__term\" \t\t\t>\n\t\t\t\tKunskapscenter\t\t\t<\/div><\/div><h4 class=\"cl-element cl-element-title cl-element--instance-1002 \"><a class=\"cl-element-title__anchor\" href=\"https:\/\/complior.se\/en\/pci-dss-workflow\/\" target=\"_blank\">PCI DSS Arbetsfl\u00f6de<\/a><\/h4><div class=\"cl-element cl-element-excerpt cl-element--instance-1003 \">Achieving PCI DSS compliance involves several steps. Click to see the workflow in a visual overview and learn more about the process<\/div><div class=\"cl-element cl-element-link cl-element--instance-1004 \"><a class=\"cl-element-link__anchor\" href=\"https:\/\/complior.se\/en\/pci-dss-workflow\/\">L\u00e4s mer \u203a<\/a><\/div><\/div><\/div><\/div><div  class=\"cl-layout__item cl-layout__item--id-4325\" ><div  class=\"cl-template cl-template--post cl-template--id-75076 cl-template--image-top\" ><div class=\"cl-element cl-element-featured_media cl-element--instance-1005  cl-element-featured_media--sizing-aspect_ratio\"><a class=\"cl-element-featured_media__anchor\" href=\"https:\/\/complior.se\/en\/free-gdpr-guide\/\" title=\"GDPR guide\"><div class=\"cl-element-featured_media__image\" style=\"background-image: url(https:\/\/complior.se\/wp-content\/uploads\/2019\/03\/close-up-male-hands-using-laptop-home-300x200.jpg)\" role=\"img\"><\/div><\/a><\/div><div class=\"cl-element cl-element-section cl-element--instance-1006 \"><div class=\"cl-element cl-element-taxonomy cl-element--instance-1001 \"><div\t\t\t class=\"cl-element-taxonomy__term\" \t\t\t>\n\t\t\t\tGuides\t\t\t<\/div><div\t\t\t class=\"cl-element-taxonomy__term\" \t\t\t>\n\t\t\t\tKunskapscenter\t\t\t<\/div><\/div><h4 class=\"cl-element cl-element-title cl-element--instance-1002 \"><a class=\"cl-element-title__anchor\" href=\"https:\/\/complior.se\/en\/free-gdpr-guide\/\" target=\"_blank\">GDPR guide<\/a><\/h4><div class=\"cl-element cl-element-excerpt cl-element--instance-1003 \">Guider &amp; Wallpapers GDPR guide 1 min GDPR-guide \u2013 vad betyder allt egentligen? Den nya [\u2026]<\/div><div class=\"cl-element cl-element-link cl-element--instance-1004 \"><a class=\"cl-element-link__anchor\" href=\"https:\/\/complior.se\/en\/free-gdpr-guide\/\">L\u00e4s mer \u203a<\/a><\/div><\/div><\/div><\/div><\/div><div class=\"cl-pagination\"><\/div><\/div>\n\n\n<p><\/p>\n","protected":false},"excerpt":{"rendered":"","protected":false},"author":3,"featured_media":0,"parent":74404,"menu_order":0,"comment_status":"closed","ping_status":"closed","template":"wp-custom-template-resources","meta":{"_editorskit_title_hidden":false,"_editorskit_reading_time":0,"_editorskit_is_block_options_detached":false,"_editorskit_block_options_position":"{}","_eb_attr":"","inline_featured_image":false,"_uag_custom_page_level_css":"","wpm_timeformat":"","_wpm_styles":"","footnotes":""},"class_list":["post-74378","page","type-page","status-publish","hentry"],"yoast_head":"<!-- This site is optimized with the Yoast SEO plugin v27.4 - https:\/\/yoast.com\/product\/yoast-seo-wordpress\/ -->\n<title>Guider och whitepapers - Complior<\/title>\n<meta name=\"robots\" content=\"index, follow, max-snippet:-1, max-image-preview:large, max-video-preview:-1\" \/>\n<link rel=\"canonical\" href=\"https:\/\/complior.se\/en\/resources\/guides\/\" \/>\n<meta property=\"og:locale\" content=\"en_GB\" \/>\n<meta property=\"og:type\" content=\"article\" \/>\n<meta property=\"og:title\" content=\"Guider och whitepapers - Complior\" \/>\n<meta property=\"og:url\" content=\"https:\/\/complior.se\/en\/resources\/guides\/\" \/>\n<meta property=\"og:site_name\" content=\"Complior\" \/>\n<meta property=\"article:modified_time\" content=\"2025-11-10T22:06:11+00:00\" \/>\n<meta name=\"twitter:card\" content=\"summary_large_image\" \/>\n<script type=\"application\/ld+json\" class=\"yoast-schema-graph\">{\"@context\":\"https:\\\/\\\/schema.org\",\"@graph\":[{\"@type\":\"WebPage\",\"@id\":\"https:\\\/\\\/complior.se\\\/resources\\\/guides\\\/\",\"url\":\"https:\\\/\\\/complior.se\\\/resources\\\/guides\\\/\",\"name\":\"Guider och whitepapers - Complior\",\"isPartOf\":{\"@id\":\"https:\\\/\\\/complior.se\\\/#website\"},\"datePublished\":\"2025-10-25T21:08:52+00:00\",\"dateModified\":\"2025-11-10T22:06:11+00:00\",\"breadcrumb\":{\"@id\":\"https:\\\/\\\/complior.se\\\/resources\\\/guides\\\/#breadcrumb\"},\"inLanguage\":\"en-GB\",\"potentialAction\":[{\"@type\":\"ReadAction\",\"target\":[\"https:\\\/\\\/complior.se\\\/resources\\\/guides\\\/\"]}]},{\"@type\":\"BreadcrumbList\",\"@id\":\"https:\\\/\\\/complior.se\\\/resources\\\/guides\\\/#breadcrumb\",\"itemListElement\":[{\"@type\":\"ListItem\",\"position\":1,\"name\":\"Home\",\"item\":\"https:\\\/\\\/complior.se\\\/\"},{\"@type\":\"ListItem\",\"position\":2,\"name\":\"Resurser\",\"item\":\"https:\\\/\\\/complior.se\\\/resources\\\/\"},{\"@type\":\"ListItem\",\"position\":3,\"name\":\"Guider och whitepapers\"}]},{\"@type\":\"WebSite\",\"@id\":\"https:\\\/\\\/complior.se\\\/#website\",\"url\":\"https:\\\/\\\/complior.se\\\/\",\"name\":\"Complior\",\"description\":\"Security beyond compliance\",\"publisher\":{\"@id\":\"https:\\\/\\\/complior.se\\\/#organization\"},\"potentialAction\":[{\"@type\":\"SearchAction\",\"target\":{\"@type\":\"EntryPoint\",\"urlTemplate\":\"https:\\\/\\\/complior.se\\\/?s={search_term_string}\"},\"query-input\":{\"@type\":\"PropertyValueSpecification\",\"valueRequired\":true,\"valueName\":\"search_term_string\"}}],\"inLanguage\":\"en-GB\"},{\"@type\":\"Organization\",\"@id\":\"https:\\\/\\\/complior.se\\\/#organization\",\"name\":\"Complior\",\"url\":\"https:\\\/\\\/complior.se\\\/\",\"logo\":{\"@type\":\"ImageObject\",\"inLanguage\":\"en-GB\",\"@id\":\"https:\\\/\\\/complior.se\\\/#\\\/schema\\\/logo\\\/image\\\/\",\"url\":\"https:\\\/\\\/complior.se\\\/wp-content\\\/uploads\\\/2025\\\/06\\\/Complior_logo_dark-scaled.png\",\"contentUrl\":\"https:\\\/\\\/complior.se\\\/wp-content\\\/uploads\\\/2025\\\/06\\\/Complior_logo_dark-scaled.png\",\"width\":2560,\"height\":960,\"caption\":\"Complior\"},\"image\":{\"@id\":\"https:\\\/\\\/complior.se\\\/#\\\/schema\\\/logo\\\/image\\\/\"}}]}<\/script>\n<!-- \/ Yoast SEO plugin. -->","yoast_head_json":{"title":"Guider och whitepapers - Complior","robots":{"index":"index","follow":"follow","max-snippet":"max-snippet:-1","max-image-preview":"max-image-preview:large","max-video-preview":"max-video-preview:-1"},"canonical":"https:\/\/complior.se\/en\/resources\/guides\/","og_locale":"en_GB","og_type":"article","og_title":"Guider och whitepapers - Complior","og_url":"https:\/\/complior.se\/en\/resources\/guides\/","og_site_name":"Complior","article_modified_time":"2025-11-10T22:06:11+00:00","twitter_card":"summary_large_image","schema":{"@context":"https:\/\/schema.org","@graph":[{"@type":"WebPage","@id":"https:\/\/complior.se\/resources\/guides\/","url":"https:\/\/complior.se\/resources\/guides\/","name":"Guider och whitepapers - Complior","isPartOf":{"@id":"https:\/\/complior.se\/#website"},"datePublished":"2025-10-25T21:08:52+00:00","dateModified":"2025-11-10T22:06:11+00:00","breadcrumb":{"@id":"https:\/\/complior.se\/resources\/guides\/#breadcrumb"},"inLanguage":"en-GB","potentialAction":[{"@type":"ReadAction","target":["https:\/\/complior.se\/resources\/guides\/"]}]},{"@type":"BreadcrumbList","@id":"https:\/\/complior.se\/resources\/guides\/#breadcrumb","itemListElement":[{"@type":"ListItem","position":1,"name":"Home","item":"https:\/\/complior.se\/"},{"@type":"ListItem","position":2,"name":"Resurser","item":"https:\/\/complior.se\/resources\/"},{"@type":"ListItem","position":3,"name":"Guider och whitepapers"}]},{"@type":"WebSite","@id":"https:\/\/complior.se\/#website","url":"https:\/\/complior.se\/","name":"Complior","description":"Security beyond compliance","publisher":{"@id":"https:\/\/complior.se\/#organization"},"potentialAction":[{"@type":"SearchAction","target":{"@type":"EntryPoint","urlTemplate":"https:\/\/complior.se\/?s={search_term_string}"},"query-input":{"@type":"PropertyValueSpecification","valueRequired":true,"valueName":"search_term_string"}}],"inLanguage":"en-GB"},{"@type":"Organization","@id":"https:\/\/complior.se\/#organization","name":"Complior","url":"https:\/\/complior.se\/","logo":{"@type":"ImageObject","inLanguage":"en-GB","@id":"https:\/\/complior.se\/#\/schema\/logo\/image\/","url":"https:\/\/complior.se\/wp-content\/uploads\/2025\/06\/Complior_logo_dark-scaled.png","contentUrl":"https:\/\/complior.se\/wp-content\/uploads\/2025\/06\/Complior_logo_dark-scaled.png","width":2560,"height":960,"caption":"Complior"},"image":{"@id":"https:\/\/complior.se\/#\/schema\/logo\/image\/"}}]}},"uagb_featured_image_src":{"full":false,"thumbnail":false,"medium":false,"medium_large":false,"large":false,"1536x1536":false,"2048x2048":false,"trp-custom-language-flag":false},"uagb_author_info":{"display_name":"Johan Challita","author_link":"https:\/\/complior.se\/en\/author\/johan-challita\/"},"uagb_comment_info":0,"uagb_excerpt":null,"_links":{"self":[{"href":"https:\/\/complior.se\/en\/wp-json\/wp\/v2\/pages\/74378","targetHints":{"allow":["GET"]}}],"collection":[{"href":"https:\/\/complior.se\/en\/wp-json\/wp\/v2\/pages"}],"about":[{"href":"https:\/\/complior.se\/en\/wp-json\/wp\/v2\/types\/page"}],"author":[{"embeddable":true,"href":"https:\/\/complior.se\/en\/wp-json\/wp\/v2\/users\/3"}],"replies":[{"embeddable":true,"href":"https:\/\/complior.se\/en\/wp-json\/wp\/v2\/comments?post=74378"}],"version-history":[{"count":10,"href":"https:\/\/complior.se\/en\/wp-json\/wp\/v2\/pages\/74378\/revisions"}],"predecessor-version":[{"id":75260,"href":"https:\/\/complior.se\/en\/wp-json\/wp\/v2\/pages\/74378\/revisions\/75260"}],"up":[{"embeddable":true,"href":"https:\/\/complior.se\/en\/wp-json\/wp\/v2\/pages\/74404"}],"wp:attachment":[{"href":"https:\/\/complior.se\/en\/wp-json\/wp\/v2\/media?parent=74378"}],"curies":[{"name":"wp","href":"https:\/\/api.w.org\/{rel}","templated":true}]}}