{"id":74379,"date":"2025-10-25T21:10:18","date_gmt":"2025-10-25T21:10:18","guid":{"rendered":"https:\/\/complior.se\/?page_id=74379"},"modified":"2025-11-10T22:07:58","modified_gmt":"2025-11-10T22:07:58","slug":"events","status":"publish","type":"page","link":"https:\/\/complior.se\/en\/resources\/events\/","title":{"rendered":"Events and Webinars"},"content":{"rendered":"<div class=\"cl-layout-container align\" style=\"--cl-layout-padding:0px;--cl-layout-margin:5px;\"><div  class=\"cl-layout cl-layout--grid  cl-layout--equal-rows  cl-layout--col-l-4 cl-layout--col-m-4 cl-layout--col-s-2 cl-layout--col-xs-1\"  style=\"--cl-layout-gap-c: 20px;--cl-layout-gap-r: 20px;\t\t\" ><div  class=\"cl-layout__item cl-layout__item--id-63669\" ><div  class=\"cl-template cl-template--post cl-template--id-75076 cl-template--image-top\" ><div class=\"cl-element cl-element-featured_media cl-element--instance-1005  cl-element-featured_media--sizing-aspect_ratio\"><a class=\"cl-element-featured_media__anchor\" href=\"https:\/\/complior.se\/en\/kommits-it-dagarna\/\" title=\"KommITS, IT-dagarna\"><div class=\"custom-layouts-svg-template\" aria-hidden=\"true\" style=\"display: none;\"><svg id=\"cl-svg-image-placeholder\"  xmlns=\"http:\/\/www.w3.org\/2000\/svg\" viewbox=\"0 0 24 24\"><path d=\"M19 5v14H5V5h14m0-2H5c-1.1 0-2 .9-2 2v14c0 1.1.9 2 2 2h14c1.1 0 2-.9 2-2V5c0-1.1-.9-2-2-2zm-4.86 8.86l-3 3.87L9 13.14 6 17h12l-3.86-5.14z\"\/><\/svg><\/div><svg class=\"cl-element-featured_media__placeholder-image\"><use xlink:href=\"#cl-svg-image-placeholder\" \/><\/svg><\/a><\/div><div class=\"cl-element cl-element-section cl-element--instance-1006\"><div class=\"cl-element cl-element-taxonomy cl-element--instance-1001\"><div\t\t\t class=\"cl-element-taxonomy__term\" \t\t\t>\n\t\t\t\tEvents and conferences\t\t\t<\/div><\/div><h4 class=\"cl-element cl-element-title cl-element--instance-1002\"><a class=\"cl-element-title__anchor\" href=\"https:\/\/complior.se\/en\/kommits-it-dagarna\/\" target=\"_blank\">KommITS, IT-dagarna<\/a><\/h4><div class=\"cl-element cl-element-excerpt cl-element--instance-1003\">Boka in h\u00f6stens IT-dagar 7-8 november i Stockholm, konferensen utg\u00e5r ifr\u00e5n att cyberhot ocks\u00e5 kan skapa m\u00f6jligheter till b\u00e4ttre arbetss\u00e4tt, b\u00e4ttre l\u00f6sningar och mer samarbete\/samproduktion.\n\n<b>Datum: 7-8 November 2024\n\nPlats: Fotografisk, Stockholm<\/b><\/div><div class=\"cl-element cl-element-link cl-element--instance-1004\"><a class=\"cl-element-link__anchor\" href=\"https:\/\/complior.se\/en\/kommits-it-dagarna\/\">L\u00e4s mer \u203a<\/a><\/div><\/div><\/div><\/div><\/div><div class=\"cl-pagination\"><\/div><\/div>","protected":false},"excerpt":{"rendered":"","protected":false},"author":3,"featured_media":0,"parent":74404,"menu_order":0,"comment_status":"closed","ping_status":"closed","template":"wp-custom-template-resources","meta":{"_editorskit_title_hidden":false,"_editorskit_reading_time":0,"_editorskit_is_block_options_detached":false,"_editorskit_block_options_position":"{}","_eb_attr":"","inline_featured_image":false,"_uag_custom_page_level_css":"","wpm_timeformat":"","_wpm_styles":"","footnotes":""},"class_list":["post-74379","page","type-page","status-publish","hentry"],"yoast_head":"<!-- This site is optimized with the Yoast SEO plugin v27.4 - https:\/\/yoast.com\/product\/yoast-seo-wordpress\/ -->\n<title>Event och Webbinarier - Complior<\/title>\n<meta name=\"robots\" content=\"index, follow, max-snippet:-1, max-image-preview:large, max-video-preview:-1\" \/>\n<link rel=\"canonical\" href=\"https:\/\/complior.se\/en\/resources\/events\/\" \/>\n<meta property=\"og:locale\" content=\"en_GB\" \/>\n<meta property=\"og:type\" content=\"article\" \/>\n<meta property=\"og:title\" content=\"Event och Webbinarier - Complior\" \/>\n<meta property=\"og:url\" content=\"https:\/\/complior.se\/en\/resources\/events\/\" \/>\n<meta property=\"og:site_name\" content=\"Complior\" \/>\n<meta property=\"article:modified_time\" content=\"2025-11-10T22:07:58+00:00\" \/>\n<meta name=\"twitter:card\" content=\"summary_large_image\" \/>\n<script type=\"application\/ld+json\" class=\"yoast-schema-graph\">{\"@context\":\"https:\\\/\\\/schema.org\",\"@graph\":[{\"@type\":\"WebPage\",\"@id\":\"https:\\\/\\\/complior.se\\\/resources\\\/events\\\/\",\"url\":\"https:\\\/\\\/complior.se\\\/resources\\\/events\\\/\",\"name\":\"Event och Webbinarier - Complior\",\"isPartOf\":{\"@id\":\"https:\\\/\\\/complior.se\\\/#website\"},\"datePublished\":\"2025-10-25T21:10:18+00:00\",\"dateModified\":\"2025-11-10T22:07:58+00:00\",\"breadcrumb\":{\"@id\":\"https:\\\/\\\/complior.se\\\/resources\\\/events\\\/#breadcrumb\"},\"inLanguage\":\"en-GB\",\"potentialAction\":[{\"@type\":\"ReadAction\",\"target\":[\"https:\\\/\\\/complior.se\\\/resources\\\/events\\\/\"]}]},{\"@type\":\"BreadcrumbList\",\"@id\":\"https:\\\/\\\/complior.se\\\/resources\\\/events\\\/#breadcrumb\",\"itemListElement\":[{\"@type\":\"ListItem\",\"position\":1,\"name\":\"Home\",\"item\":\"https:\\\/\\\/complior.se\\\/\"},{\"@type\":\"ListItem\",\"position\":2,\"name\":\"Resurser\",\"item\":\"https:\\\/\\\/complior.se\\\/resources\\\/\"},{\"@type\":\"ListItem\",\"position\":3,\"name\":\"Event och Webbinarier\"}]},{\"@type\":\"WebSite\",\"@id\":\"https:\\\/\\\/complior.se\\\/#website\",\"url\":\"https:\\\/\\\/complior.se\\\/\",\"name\":\"Complior\",\"description\":\"Security beyond compliance\",\"publisher\":{\"@id\":\"https:\\\/\\\/complior.se\\\/#organization\"},\"potentialAction\":[{\"@type\":\"SearchAction\",\"target\":{\"@type\":\"EntryPoint\",\"urlTemplate\":\"https:\\\/\\\/complior.se\\\/?s={search_term_string}\"},\"query-input\":{\"@type\":\"PropertyValueSpecification\",\"valueRequired\":true,\"valueName\":\"search_term_string\"}}],\"inLanguage\":\"en-GB\"},{\"@type\":\"Organization\",\"@id\":\"https:\\\/\\\/complior.se\\\/#organization\",\"name\":\"Complior\",\"url\":\"https:\\\/\\\/complior.se\\\/\",\"logo\":{\"@type\":\"ImageObject\",\"inLanguage\":\"en-GB\",\"@id\":\"https:\\\/\\\/complior.se\\\/#\\\/schema\\\/logo\\\/image\\\/\",\"url\":\"https:\\\/\\\/complior.se\\\/wp-content\\\/uploads\\\/2025\\\/06\\\/Complior_logo_dark-scaled.png\",\"contentUrl\":\"https:\\\/\\\/complior.se\\\/wp-content\\\/uploads\\\/2025\\\/06\\\/Complior_logo_dark-scaled.png\",\"width\":2560,\"height\":960,\"caption\":\"Complior\"},\"image\":{\"@id\":\"https:\\\/\\\/complior.se\\\/#\\\/schema\\\/logo\\\/image\\\/\"}}]}<\/script>\n<!-- \/ Yoast SEO plugin. -->","yoast_head_json":{"title":"Event och Webbinarier - Complior","robots":{"index":"index","follow":"follow","max-snippet":"max-snippet:-1","max-image-preview":"max-image-preview:large","max-video-preview":"max-video-preview:-1"},"canonical":"https:\/\/complior.se\/en\/resources\/events\/","og_locale":"en_GB","og_type":"article","og_title":"Event och Webbinarier - Complior","og_url":"https:\/\/complior.se\/en\/resources\/events\/","og_site_name":"Complior","article_modified_time":"2025-11-10T22:07:58+00:00","twitter_card":"summary_large_image","schema":{"@context":"https:\/\/schema.org","@graph":[{"@type":"WebPage","@id":"https:\/\/complior.se\/resources\/events\/","url":"https:\/\/complior.se\/resources\/events\/","name":"Event och Webbinarier - Complior","isPartOf":{"@id":"https:\/\/complior.se\/#website"},"datePublished":"2025-10-25T21:10:18+00:00","dateModified":"2025-11-10T22:07:58+00:00","breadcrumb":{"@id":"https:\/\/complior.se\/resources\/events\/#breadcrumb"},"inLanguage":"en-GB","potentialAction":[{"@type":"ReadAction","target":["https:\/\/complior.se\/resources\/events\/"]}]},{"@type":"BreadcrumbList","@id":"https:\/\/complior.se\/resources\/events\/#breadcrumb","itemListElement":[{"@type":"ListItem","position":1,"name":"Home","item":"https:\/\/complior.se\/"},{"@type":"ListItem","position":2,"name":"Resurser","item":"https:\/\/complior.se\/resources\/"},{"@type":"ListItem","position":3,"name":"Event och Webbinarier"}]},{"@type":"WebSite","@id":"https:\/\/complior.se\/#website","url":"https:\/\/complior.se\/","name":"Complior","description":"Security beyond compliance","publisher":{"@id":"https:\/\/complior.se\/#organization"},"potentialAction":[{"@type":"SearchAction","target":{"@type":"EntryPoint","urlTemplate":"https:\/\/complior.se\/?s={search_term_string}"},"query-input":{"@type":"PropertyValueSpecification","valueRequired":true,"valueName":"search_term_string"}}],"inLanguage":"en-GB"},{"@type":"Organization","@id":"https:\/\/complior.se\/#organization","name":"Complior","url":"https:\/\/complior.se\/","logo":{"@type":"ImageObject","inLanguage":"en-GB","@id":"https:\/\/complior.se\/#\/schema\/logo\/image\/","url":"https:\/\/complior.se\/wp-content\/uploads\/2025\/06\/Complior_logo_dark-scaled.png","contentUrl":"https:\/\/complior.se\/wp-content\/uploads\/2025\/06\/Complior_logo_dark-scaled.png","width":2560,"height":960,"caption":"Complior"},"image":{"@id":"https:\/\/complior.se\/#\/schema\/logo\/image\/"}}]}},"uagb_featured_image_src":{"full":false,"thumbnail":false,"medium":false,"medium_large":false,"large":false,"1536x1536":false,"2048x2048":false,"trp-custom-language-flag":false},"uagb_author_info":{"display_name":"Johan Challita","author_link":"https:\/\/complior.se\/en\/author\/johan-challita\/"},"uagb_comment_info":0,"uagb_excerpt":null,"_links":{"self":[{"href":"https:\/\/complior.se\/en\/wp-json\/wp\/v2\/pages\/74379","targetHints":{"allow":["GET"]}}],"collection":[{"href":"https:\/\/complior.se\/en\/wp-json\/wp\/v2\/pages"}],"about":[{"href":"https:\/\/complior.se\/en\/wp-json\/wp\/v2\/types\/page"}],"author":[{"embeddable":true,"href":"https:\/\/complior.se\/en\/wp-json\/wp\/v2\/users\/3"}],"replies":[{"embeddable":true,"href":"https:\/\/complior.se\/en\/wp-json\/wp\/v2\/comments?post=74379"}],"version-history":[{"count":7,"href":"https:\/\/complior.se\/en\/wp-json\/wp\/v2\/pages\/74379\/revisions"}],"predecessor-version":[{"id":75261,"href":"https:\/\/complior.se\/en\/wp-json\/wp\/v2\/pages\/74379\/revisions\/75261"}],"up":[{"embeddable":true,"href":"https:\/\/complior.se\/en\/wp-json\/wp\/v2\/pages\/74404"}],"wp:attachment":[{"href":"https:\/\/complior.se\/en\/wp-json\/wp\/v2\/media?parent=74379"}],"curies":[{"name":"wp","href":"https:\/\/api.w.org\/{rel}","templated":true}]}}