{"id":74386,"date":"2025-10-25T21:17:08","date_gmt":"2025-10-25T21:17:08","guid":{"rendered":"https:\/\/complior.se\/?page_id=74386"},"modified":"2026-01-19T20:36:36","modified_gmt":"2026-01-19T19:36:36","slug":"trust","status":"publish","type":"page","link":"https:\/\/complior.se\/en\/trust\/","title":{"rendered":"Our Commitment"},"content":{"rendered":"<div class=\"wp-block-cover is-light blockera-block blockera-block-1m300ds has-background\" style=\"background-color:#f9f9f9;min-height:237px;aspect-ratio:unset;\"><span aria-hidden=\"true\" class=\"wp-block-cover__background has-background-dim-0 has-background-dim has-background-gradient\" style=\"background:linear-gradient(135deg,rgb(242,242,242) 0%,rgb(250,250,250) 50%,rgb(230,230,230) 100%)\"><\/span><div class=\"wp-block-cover__inner-container is-layout-flow wp-block-cover-is-layout-flow\">\n<div class=\"wp-block-group blockera-block blockera-block-14xfvtg has-global-padding is-layout-constrained wp-container-core-group-is-layout-3aa98a73 wp-block-group-is-layout-constrained\" style=\"padding-top:40px;padding-bottom:40px\">\n<h1 class=\"kt-adv-heading74386_88e578-5e wp-block-kadence-advancedheading\" data-kb-block=\"kb-adv-heading74386_88e578-5e\">Our Commitment<\/h1>\n\n\n\n<div class=\"wp-block-group has-global-padding is-content-justification-left is-layout-constrained wp-container-core-group-is-layout-d73614d0 wp-block-group-is-layout-constrained\" style=\"border-left-color:#0d875c;border-left-width:6px;margin-top:var(--wp--preset--spacing--superbspacing-xsmall);margin-bottom:var(--wp--preset--spacing--superbspacing-xsmall);padding-top:1px;padding-right:var(--wp--preset--spacing--superbspacing-xsmall);padding-left:var(--wp--preset--spacing--superbspacing-xsmall)\">\n<p class=\"kt-adv-heading74386_6db6e9-48 wp-block-kadence-advancedheading\" data-kb-block=\"kb-adv-heading74386_6db6e9-48\">Empower your company with a secure cloud platform. <br>\nFocus on your core business. We handle the rest.<\/p>\n<\/div>\n<\/div>\n<\/div><\/div>\n\n\n\n<div class=\"wp-block-group has-global-padding is-layout-constrained wp-block-group-is-layout-constrained\">\n<div class=\"wp-block-uagb-container uagb-block-f9ae4945 alignfull uagb-is-root-container\"><div class=\"uagb-container-inner-blocks-wrap\">\n<div class=\"wp-block-group has-global-padding is-content-justification-left is-layout-constrained wp-container-core-group-is-layout-12dd3699 wp-block-group-is-layout-constrained\">\n<h1 class=\"kt-adv-heading74386_d40b28-8b wp-block-kadence-advancedheading\" data-kb-block=\"kb-adv-heading74386_d40b28-8b\">Integritetspolicy<\/h1>\n\n\n\n<p class=\"kt-adv-heading74386_4ba919-72 wp-block-kadence-advancedheading\" data-kb-block=\"kb-adv-heading74386_4ba919-72\">Complior samlar in och behandlar personuppgifter n\u00e4r du anv\u00e4nder webbplatsen eller kontaktar dem. Uppgifterna anv\u00e4nds f\u00f6r att tillhandah\u00e5lla och f\u00f6rb\u00e4ttra tj\u00e4nster, ge support, s\u00e4kerst\u00e4lla webbplatsens funktion samt uppfylla lagliga krav. Behandlingen sker med st\u00f6d av samtycke, avtal, r\u00e4ttslig f\u00f6rpliktelse eller ber\u00e4ttigat intresse. Personuppgifter sparas endast s\u00e5 l\u00e4nge det \u00e4r n\u00f6dv\u00e4ndigt och delas inte i on\u00f6dan eller s\u00e4ljs till tredje part. Du har r\u00e4tt att ta del av, r\u00e4tta eller radera dina uppgifter samt inv\u00e4nda mot behandlingen. Webbplatsen anv\u00e4nder cookies, och du kan n\u00e4r som helst \u00e4ndra eller \u00e5terkalla ditt samtycke.<br><a href=\"https:\/\/complior.se\/en\/compliance\/gdpr\/\"><\/a><\/p>\n<\/div>\n\n\n\n<div class=\"wp-block-uagb-buttons uagb-buttons__outer-wrap uagb-btn__default-btn uagb-btn-tablet__default-btn uagb-btn-mobile__default-btn uagb-block-6efe2da5\"><div class=\"uagb-buttons__wrap uagb-buttons-layout-wrap\">\n<div class=\"wp-block-uagb-buttons-child uagb-buttons__outer-wrap uagb-block-c78dc888 wp-block-button scale-hover\"><div class=\"uagb-button__wrapper\"><a class=\"uagb-buttons-repeater wp-block-button__link\" aria-label=\"\" href=\"https:\/\/complior.se\/en\/trust\/policies\/\" rel=\"follow noopener\" target=\"_self\" role=\"button\"><div class=\"uagb-button__link\">L\u00e4s mer om v\u00e5r policy<\/div><span class=\"uagb-button__icon uagb-button__icon-position-after\"><svg xmlns=\"https:\/\/www.w3.org\/2000\/svg\" viewbox=\"0 0 448 512\" aria-hidden=\"true\" focussable=\"false\"><path d=\"M438.6 278.6l-160 160C272.4 444.9 264.2 448 256 448s-16.38-3.125-22.62-9.375c-12.5-12.5-12.5-32.75 0-45.25L338.8 288H32C14.33 288 .0016 273.7 .0016 256S14.33 224 32 224h306.8l-105.4-105.4c-12.5-12.5-12.5-32.75 0-45.25s32.75-12.5 45.25 0l160 160C451.1 245.9 451.1 266.1 438.6 278.6z\"><\/path><\/svg><\/span><\/a><\/div><\/div>\n<\/div><\/div>\n<\/div><\/div>\n\n\n\n<div class=\"wp-block-uagb-container uagb-block-1c661e3c alignfull uagb-is-root-container\"><div class=\"uagb-container-inner-blocks-wrap\">\n<h1 class=\"kt-adv-heading74386_b48bcb-d1 wp-block-kadence-advancedheading\" data-kb-block=\"kb-adv-heading74386_b48bcb-d1\">Certifieringar<\/h1>\n\n\n\n<div class=\"wp-block-group blockera-block blockera-block-h8c9pw is-vertical is-content-justification-left is-nowrap is-layout-flex wp-container-core-group-is-layout-f061e94d wp-block-group-is-layout-flex\">\n<div class=\"wp-block-group blockera-block blockera-block-sb2o19 is-horizontal is-content-justification-left is-nowrap is-layout-flex wp-container-core-group-is-layout-59ded2f9 wp-block-group-is-layout-flex\">\n<figure class=\"wp-block-kadence-image kb-image74386_f8cf35-5d size-full\"><img loading=\"lazy\" decoding=\"async\" width=\"330\" height=\"213\" src=\"https:\/\/complior.se\/wp-content\/uploads\/2025\/12\/Certified-01-e1765205516335.png\" alt=\"\" class=\"kb-img wp-image-77587\" srcset=\"https:\/\/complior.se\/wp-content\/uploads\/2025\/12\/Certified-01-e1765205516335.png 330w, https:\/\/complior.se\/wp-content\/uploads\/2025\/12\/Certified-01-e1765205516335-300x194.png 300w, https:\/\/complior.se\/wp-content\/uploads\/2025\/12\/Certified-01-e1765205516335-18x12.png 18w\" sizes=\"auto, (max-width: 330px) 100vw, 330px\" \/><\/figure>\n\n\n\n<div class=\"wp-block-group blockera-block blockera-block-fb0uel is-vertical is-content-justification-left is-layout-flex wp-container-core-group-is-layout-33343cd8 wp-block-group-is-layout-flex\" style=\"padding-left:30px\">\n<h2 class=\"kt-adv-heading74386_730b6f-27 wp-block-kadence-advancedheading\" data-kb-block=\"kb-adv-heading74386_730b6f-27\">PCI DSS v4.0.1<\/h2>\n\n\n\n<p class=\"kt-adv-heading74386_6fc5f0-f5 wp-block-kadence-advancedheading\" data-kb-block=\"kb-adv-heading74386_6fc5f0-f5\">The PCI-DSS (Payment Card Industry Data Security Standard) is an information security standard for organizations that handle cardholder information and data. Complior has been certified as a Level 1 Service Provider (the top level) by the Security Standards Council.<\/p>\n<\/div>\n<\/div>\n\n\n\n<div class=\"wp-block-group blockera-block blockera-block-sb2o19 is-horizontal is-content-justification-left is-nowrap is-layout-flex wp-container-core-group-is-layout-59ded2f9 wp-block-group-is-layout-flex\">\n<figure class=\"wp-block-kadence-image kb-image74386_eba376-10\"><img loading=\"lazy\" decoding=\"async\" width=\"330\" height=\"330\" src=\"https:\/\/complior.se\/wp-content\/uploads\/2025\/06\/Certified-02.png\" alt=\"\" class=\"kb-img wp-image-27\" srcset=\"https:\/\/complior.se\/wp-content\/uploads\/2025\/06\/Certified-02.png 330w, https:\/\/complior.se\/wp-content\/uploads\/2025\/06\/Certified-02-300x300.png 300w, https:\/\/complior.se\/wp-content\/uploads\/2025\/06\/Certified-02-150x150.png 150w\" sizes=\"auto, (max-width: 330px) 100vw, 330px\" \/><\/figure>\n\n\n\n<div class=\"wp-block-group blockera-block blockera-block-120vf7v is-vertical is-content-justification-left is-layout-flex wp-container-core-group-is-layout-cafc89ff wp-block-group-is-layout-flex\" style=\"padding-left:50px\">\n<h2 class=\"kt-adv-heading74386_bb2ceb-2b wp-block-kadence-advancedheading\" data-kb-block=\"kb-adv-heading74386_bb2ceb-2b\">ISO 9001<\/h2>\n\n\n\n<p class=\"kt-adv-heading74386_ffa0bd-0e wp-block-kadence-advancedheading\" data-kb-block=\"kb-adv-heading74386_ffa0bd-0e\">ISO 9001 sets out the criteria for a quality management system based on a number of quality management principles including a strong customer focus, the motivation and implication of top management, the process approach, and continual improvement.<\/p>\n<\/div>\n<\/div>\n\n\n\n<div class=\"wp-block-group blockera-block blockera-block-sb2o19 is-horizontal is-content-justification-left is-nowrap is-layout-flex wp-container-core-group-is-layout-59ded2f9 wp-block-group-is-layout-flex\">\n<figure class=\"wp-block-kadence-image kb-image74386_43b97a-a3\"><img decoding=\"async\" src=\"https:\/\/complior.se\/wp-content\/uploads\/2025\/06\/Certified-04.png\" alt=\"\" class=\"kb-img wp-image-28\"\/><\/figure>\n\n\n\n<div class=\"wp-block-group blockera-block blockera-block-120vf7v is-vertical is-content-justification-left is-layout-flex wp-container-core-group-is-layout-cafc89ff wp-block-group-is-layout-flex\" style=\"padding-left:50px\">\n<h2 class=\"kt-adv-heading74386_ff5f83-e6 wp-block-kadence-advancedheading\" data-kb-block=\"kb-adv-heading74386_ff5f83-e6\">ISO 14001<\/h2>\n\n\n\n<p class=\"kt-adv-heading74386_c05154-ca wp-block-kadence-advancedheading\" data-kb-block=\"kb-adv-heading74386_c05154-ca\">ISO 14001 sets out the criteria for an environmental management system that maps out a framework for a company or organization to follow so that environmental impact is being measured and improved.<\/p>\n<\/div>\n<\/div>\n\n\n\n<div class=\"wp-block-group blockera-block blockera-block-1xhmyte is-horizontal is-content-justification-left is-nowrap is-layout-flex wp-container-core-group-is-layout-c9f30c72 wp-block-group-is-layout-flex\">\n<figure class=\"wp-block-kadence-image kb-image74386_4816e9-af\"><img loading=\"lazy\" decoding=\"async\" width=\"330\" height=\"330\" src=\"https:\/\/complior.se\/wp-content\/uploads\/2025\/06\/Certified-03.png\" alt=\"\" class=\"kb-img wp-image-26\" srcset=\"https:\/\/complior.se\/wp-content\/uploads\/2025\/06\/Certified-03.png 330w, https:\/\/complior.se\/wp-content\/uploads\/2025\/06\/Certified-03-300x300.png 300w, https:\/\/complior.se\/wp-content\/uploads\/2025\/06\/Certified-03-150x150.png 150w\" sizes=\"auto, (max-width: 330px) 100vw, 330px\" \/><\/figure>\n\n\n\n<div class=\"wp-block-group blockera-block blockera-block-120vf7v is-vertical is-content-justification-left is-layout-flex wp-container-core-group-is-layout-cafc89ff wp-block-group-is-layout-flex\" style=\"padding-left:50px\">\n<h2 class=\"kt-adv-heading74386_b1b957-2b wp-block-kadence-advancedheading\" data-kb-block=\"kb-adv-heading74386_b1b957-2b\">ISO 27001<\/h2>\n\n\n\n<p class=\"kt-adv-heading74386_b63731-97 wp-block-kadence-advancedheading\" data-kb-block=\"kb-adv-heading74386_b63731-97\">ISO 27001 specifies the requirements for establishing, implementing, maintaining and continually improving an information security management system within the context of the organization. It also includes requirements for the assessment and treatment of information security risks tailored to the needs of the organization.<\/p>\n<\/div>\n<\/div>\n<\/div>\n<\/div><\/div>\n\n\n\n<div class=\"wp-block-uagb-container uagb-block-c6adbac6 alignfull uagb-is-root-container\"><div class=\"uagb-container-inner-blocks-wrap\">\n<div class=\"wp-block-group has-global-padding is-content-justification-left is-layout-constrained wp-container-core-group-is-layout-12dd3699 wp-block-group-is-layout-constrained\">\n<h1 class=\"kt-adv-heading74386_77e395-db wp-block-kadence-advancedheading\" data-kb-block=\"kb-adv-heading74386_77e395-db\">Datasuver\u00e4nitet<\/h1>\n\n\n\n<p class=\"kt-adv-heading74386_59265f-5f wp-block-kadence-advancedheading\" data-kb-block=\"kb-adv-heading74386_59265f-5f\">Vi lagrar och behandlar all v\u00e5r data i Sverige och i enlighet med svensk lagstiftning samt EU:s dataskyddsf\u00f6rordning (GDPR). Detta inneb\u00e4r att vi har full kontroll \u00f6ver v\u00e5ra data och att ingen information \u00f6verf\u00f6rs till l\u00e4nder utanf\u00f6r EU\/EES utan laglig grund och l\u00e4mpliga skydds\u00e5tg\u00e4rder.<br><a href=\"https:\/\/complior.se\/en\/compliance\/gdpr\/\"><\/a><\/p>\n<\/div>\n<\/div><\/div>\n<\/div>","protected":false},"excerpt":{"rendered":"<p>Integritetspolicy Complior samlar in och behandlar personuppgifter n\u00e4r du anv\u00e4nder webbplatsen eller kontaktar dem. Uppgifterna anv\u00e4nds f\u00f6r att tillhandah\u00e5lla och f\u00f6rb\u00e4ttra tj\u00e4nster, ge support, s\u00e4kerst\u00e4lla webbplatsens funktion samt uppfylla lagliga krav. Behandlingen sker med st\u00f6d av samtycke, avtal, r\u00e4ttslig f\u00f6rpliktelse eller ber\u00e4ttigat intresse. Personuppgifter sparas endast s\u00e5 l\u00e4nge det \u00e4r n\u00f6dv\u00e4ndigt och delas inte i [&hellip;]<\/p>\n","protected":false},"author":3,"featured_media":0,"parent":0,"menu_order":0,"comment_status":"closed","ping_status":"closed","template":"blank","meta":{"_editorskit_title_hidden":false,"_editorskit_reading_time":0,"_editorskit_is_block_options_detached":false,"_editorskit_block_options_position":"{}","_eb_attr":"","inline_featured_image":false,"_uag_custom_page_level_css":"","wpm_timeformat":"","_wpm_styles":"","footnotes":""},"class_list":["post-74386","page","type-page","status-publish","hentry"],"yoast_head":"<!-- This site is optimized with the Yoast SEO plugin v27.4 - https:\/\/yoast.com\/product\/yoast-seo-wordpress\/ -->\n<title>V\u00e5rt \u00e5tagande - Complior<\/title>\n<meta name=\"robots\" content=\"index, follow, max-snippet:-1, max-image-preview:large, max-video-preview:-1\" \/>\n<link rel=\"canonical\" href=\"https:\/\/complior.se\/en\/trust\/\" \/>\n<meta property=\"og:locale\" content=\"en_GB\" \/>\n<meta property=\"og:type\" content=\"article\" \/>\n<meta property=\"og:title\" content=\"V\u00e5rt \u00e5tagande - Complior\" \/>\n<meta property=\"og:description\" content=\"Integritetspolicy Complior samlar in och behandlar personuppgifter n\u00e4r du anv\u00e4nder webbplatsen eller kontaktar dem. Uppgifterna anv\u00e4nds f\u00f6r att tillhandah\u00e5lla och f\u00f6rb\u00e4ttra tj\u00e4nster, ge support, s\u00e4kerst\u00e4lla webbplatsens funktion samt uppfylla lagliga krav. Behandlingen sker med st\u00f6d av samtycke, avtal, r\u00e4ttslig f\u00f6rpliktelse eller ber\u00e4ttigat intresse. Personuppgifter sparas endast s\u00e5 l\u00e4nge det \u00e4r n\u00f6dv\u00e4ndigt och delas inte i [&hellip;]\" \/>\n<meta property=\"og:url\" content=\"https:\/\/complior.se\/en\/trust\/\" \/>\n<meta property=\"og:site_name\" content=\"Complior\" \/>\n<meta property=\"article:modified_time\" content=\"2026-01-19T19:36:36+00:00\" \/>\n<meta property=\"og:image\" content=\"https:\/\/complior.se\/wp-content\/uploads\/2025\/12\/Certified-01-e1765205516335.png\" \/>\n\t<meta property=\"og:image:width\" content=\"330\" \/>\n\t<meta property=\"og:image:height\" content=\"213\" \/>\n\t<meta property=\"og:image:type\" content=\"image\/png\" \/>\n<meta name=\"twitter:card\" content=\"summary_large_image\" \/>\n<meta name=\"twitter:label1\" content=\"Estimated reading time\" \/>\n\t<meta name=\"twitter:data1\" content=\"3 minutes\" \/>\n<script type=\"application\/ld+json\" class=\"yoast-schema-graph\">{\"@context\":\"https:\\\/\\\/schema.org\",\"@graph\":[{\"@type\":\"WebPage\",\"@id\":\"https:\\\/\\\/complior.se\\\/trust\\\/\",\"url\":\"https:\\\/\\\/complior.se\\\/trust\\\/\",\"name\":\"V\u00e5rt \u00e5tagande - Complior\",\"isPartOf\":{\"@id\":\"https:\\\/\\\/complior.se\\\/#website\"},\"primaryImageOfPage\":{\"@id\":\"https:\\\/\\\/complior.se\\\/trust\\\/#primaryimage\"},\"image\":{\"@id\":\"https:\\\/\\\/complior.se\\\/trust\\\/#primaryimage\"},\"thumbnailUrl\":\"https:\\\/\\\/complior.se\\\/wp-content\\\/uploads\\\/2025\\\/12\\\/Certified-01-e1765205516335.png\",\"datePublished\":\"2025-10-25T21:17:08+00:00\",\"dateModified\":\"2026-01-19T19:36:36+00:00\",\"breadcrumb\":{\"@id\":\"https:\\\/\\\/complior.se\\\/trust\\\/#breadcrumb\"},\"inLanguage\":\"en-GB\",\"potentialAction\":[{\"@type\":\"ReadAction\",\"target\":[\"https:\\\/\\\/complior.se\\\/trust\\\/\"]}]},{\"@type\":\"ImageObject\",\"inLanguage\":\"en-GB\",\"@id\":\"https:\\\/\\\/complior.se\\\/trust\\\/#primaryimage\",\"url\":\"https:\\\/\\\/complior.se\\\/wp-content\\\/uploads\\\/2025\\\/12\\\/Certified-01-e1765205516335.png\",\"contentUrl\":\"https:\\\/\\\/complior.se\\\/wp-content\\\/uploads\\\/2025\\\/12\\\/Certified-01-e1765205516335.png\"},{\"@type\":\"BreadcrumbList\",\"@id\":\"https:\\\/\\\/complior.se\\\/trust\\\/#breadcrumb\",\"itemListElement\":[{\"@type\":\"ListItem\",\"position\":1,\"name\":\"Home\",\"item\":\"https:\\\/\\\/complior.se\\\/\"},{\"@type\":\"ListItem\",\"position\":2,\"name\":\"V\u00e5rt \u00e5tagande\"}]},{\"@type\":\"WebSite\",\"@id\":\"https:\\\/\\\/complior.se\\\/#website\",\"url\":\"https:\\\/\\\/complior.se\\\/\",\"name\":\"Complior\",\"description\":\"Security beyond compliance\",\"publisher\":{\"@id\":\"https:\\\/\\\/complior.se\\\/#organization\"},\"potentialAction\":[{\"@type\":\"SearchAction\",\"target\":{\"@type\":\"EntryPoint\",\"urlTemplate\":\"https:\\\/\\\/complior.se\\\/?s={search_term_string}\"},\"query-input\":{\"@type\":\"PropertyValueSpecification\",\"valueRequired\":true,\"valueName\":\"search_term_string\"}}],\"inLanguage\":\"en-GB\"},{\"@type\":\"Organization\",\"@id\":\"https:\\\/\\\/complior.se\\\/#organization\",\"name\":\"Complior\",\"url\":\"https:\\\/\\\/complior.se\\\/\",\"logo\":{\"@type\":\"ImageObject\",\"inLanguage\":\"en-GB\",\"@id\":\"https:\\\/\\\/complior.se\\\/#\\\/schema\\\/logo\\\/image\\\/\",\"url\":\"https:\\\/\\\/complior.se\\\/wp-content\\\/uploads\\\/2025\\\/06\\\/Complior_logo_dark-scaled.png\",\"contentUrl\":\"https:\\\/\\\/complior.se\\\/wp-content\\\/uploads\\\/2025\\\/06\\\/Complior_logo_dark-scaled.png\",\"width\":2560,\"height\":960,\"caption\":\"Complior\"},\"image\":{\"@id\":\"https:\\\/\\\/complior.se\\\/#\\\/schema\\\/logo\\\/image\\\/\"}}]}<\/script>\n<!-- \/ Yoast SEO plugin. -->","yoast_head_json":{"title":"V\u00e5rt \u00e5tagande - Complior","robots":{"index":"index","follow":"follow","max-snippet":"max-snippet:-1","max-image-preview":"max-image-preview:large","max-video-preview":"max-video-preview:-1"},"canonical":"https:\/\/complior.se\/en\/trust\/","og_locale":"en_GB","og_type":"article","og_title":"V\u00e5rt \u00e5tagande - Complior","og_description":"Integritetspolicy Complior samlar in och behandlar personuppgifter n\u00e4r du anv\u00e4nder webbplatsen eller kontaktar dem. Uppgifterna anv\u00e4nds f\u00f6r att tillhandah\u00e5lla och f\u00f6rb\u00e4ttra tj\u00e4nster, ge support, s\u00e4kerst\u00e4lla webbplatsens funktion samt uppfylla lagliga krav. Behandlingen sker med st\u00f6d av samtycke, avtal, r\u00e4ttslig f\u00f6rpliktelse eller ber\u00e4ttigat intresse. Personuppgifter sparas endast s\u00e5 l\u00e4nge det \u00e4r n\u00f6dv\u00e4ndigt och delas inte i [&hellip;]","og_url":"https:\/\/complior.se\/en\/trust\/","og_site_name":"Complior","article_modified_time":"2026-01-19T19:36:36+00:00","og_image":[{"width":330,"height":213,"url":"https:\/\/complior.se\/wp-content\/uploads\/2025\/12\/Certified-01-e1765205516335.png","type":"image\/png"}],"twitter_card":"summary_large_image","twitter_misc":{"Estimated reading time":"3 minutes"},"schema":{"@context":"https:\/\/schema.org","@graph":[{"@type":"WebPage","@id":"https:\/\/complior.se\/trust\/","url":"https:\/\/complior.se\/trust\/","name":"V\u00e5rt \u00e5tagande - Complior","isPartOf":{"@id":"https:\/\/complior.se\/#website"},"primaryImageOfPage":{"@id":"https:\/\/complior.se\/trust\/#primaryimage"},"image":{"@id":"https:\/\/complior.se\/trust\/#primaryimage"},"thumbnailUrl":"https:\/\/complior.se\/wp-content\/uploads\/2025\/12\/Certified-01-e1765205516335.png","datePublished":"2025-10-25T21:17:08+00:00","dateModified":"2026-01-19T19:36:36+00:00","breadcrumb":{"@id":"https:\/\/complior.se\/trust\/#breadcrumb"},"inLanguage":"en-GB","potentialAction":[{"@type":"ReadAction","target":["https:\/\/complior.se\/trust\/"]}]},{"@type":"ImageObject","inLanguage":"en-GB","@id":"https:\/\/complior.se\/trust\/#primaryimage","url":"https:\/\/complior.se\/wp-content\/uploads\/2025\/12\/Certified-01-e1765205516335.png","contentUrl":"https:\/\/complior.se\/wp-content\/uploads\/2025\/12\/Certified-01-e1765205516335.png"},{"@type":"BreadcrumbList","@id":"https:\/\/complior.se\/trust\/#breadcrumb","itemListElement":[{"@type":"ListItem","position":1,"name":"Home","item":"https:\/\/complior.se\/"},{"@type":"ListItem","position":2,"name":"V\u00e5rt \u00e5tagande"}]},{"@type":"WebSite","@id":"https:\/\/complior.se\/#website","url":"https:\/\/complior.se\/","name":"Complior","description":"Security beyond compliance","publisher":{"@id":"https:\/\/complior.se\/#organization"},"potentialAction":[{"@type":"SearchAction","target":{"@type":"EntryPoint","urlTemplate":"https:\/\/complior.se\/?s={search_term_string}"},"query-input":{"@type":"PropertyValueSpecification","valueRequired":true,"valueName":"search_term_string"}}],"inLanguage":"en-GB"},{"@type":"Organization","@id":"https:\/\/complior.se\/#organization","name":"Complior","url":"https:\/\/complior.se\/","logo":{"@type":"ImageObject","inLanguage":"en-GB","@id":"https:\/\/complior.se\/#\/schema\/logo\/image\/","url":"https:\/\/complior.se\/wp-content\/uploads\/2025\/06\/Complior_logo_dark-scaled.png","contentUrl":"https:\/\/complior.se\/wp-content\/uploads\/2025\/06\/Complior_logo_dark-scaled.png","width":2560,"height":960,"caption":"Complior"},"image":{"@id":"https:\/\/complior.se\/#\/schema\/logo\/image\/"}}]}},"uagb_featured_image_src":{"full":false,"thumbnail":false,"medium":false,"medium_large":false,"large":false,"1536x1536":false,"2048x2048":false,"trp-custom-language-flag":false},"uagb_author_info":{"display_name":"Johan Challita","author_link":"https:\/\/complior.se\/en\/author\/johan-challita\/"},"uagb_comment_info":0,"uagb_excerpt":"Integritetspolicy Complior samlar in och behandlar personuppgifter n\u00e4r du anv\u00e4nder webbplatsen eller kontaktar dem. Uppgifterna anv\u00e4nds f\u00f6r att tillhandah\u00e5lla och f\u00f6rb\u00e4ttra tj\u00e4nster, ge support, s\u00e4kerst\u00e4lla webbplatsens funktion samt uppfylla lagliga krav. Behandlingen sker med st\u00f6d av samtycke, avtal, r\u00e4ttslig f\u00f6rpliktelse eller ber\u00e4ttigat intresse. Personuppgifter sparas endast s\u00e5 l\u00e4nge det \u00e4r n\u00f6dv\u00e4ndigt och delas inte i&hellip;","_links":{"self":[{"href":"https:\/\/complior.se\/en\/wp-json\/wp\/v2\/pages\/74386","targetHints":{"allow":["GET"]}}],"collection":[{"href":"https:\/\/complior.se\/en\/wp-json\/wp\/v2\/pages"}],"about":[{"href":"https:\/\/complior.se\/en\/wp-json\/wp\/v2\/types\/page"}],"author":[{"embeddable":true,"href":"https:\/\/complior.se\/en\/wp-json\/wp\/v2\/users\/3"}],"replies":[{"embeddable":true,"href":"https:\/\/complior.se\/en\/wp-json\/wp\/v2\/comments?post=74386"}],"version-history":[{"count":24,"href":"https:\/\/complior.se\/en\/wp-json\/wp\/v2\/pages\/74386\/revisions"}],"predecessor-version":[{"id":79147,"href":"https:\/\/complior.se\/en\/wp-json\/wp\/v2\/pages\/74386\/revisions\/79147"}],"wp:attachment":[{"href":"https:\/\/complior.se\/en\/wp-json\/wp\/v2\/media?parent=74386"}],"curies":[{"name":"wp","href":"https:\/\/api.w.org\/{rel}","templated":true}]}}