{"id":74404,"date":"2025-10-25T21:46:24","date_gmt":"2025-10-25T21:46:24","guid":{"rendered":"https:\/\/complior.se\/?page_id=74404"},"modified":"2026-01-10T17:46:17","modified_gmt":"2026-01-10T16:46:17","slug":"resources","status":"publish","type":"page","link":"https:\/\/complior.se\/en\/resources\/","title":{"rendered":"Resources"},"content":{"rendered":"<div class=\"cl-layout-container align\" style=\"--cl-layout-padding:0px;--cl-layout-margin:0px;\"><div  class=\"cl-layout cl-layout--grid  cl-layout--equal-rows  cl-layout--col-l-4 cl-layout--col-m-4 cl-layout--col-s-2 cl-layout--col-xs-1\"  style=\"--cl-layout-gap-c: 20px;--cl-layout-gap-r: 20px;\n\t\t\" ><div  class=\"cl-layout__item cl-layout__item--id-79968\" ><div  class=\"cl-template cl-template--post cl-template--id-75076 cl-template--image-top\" ><div class=\"cl-element cl-element-featured_media cl-element--instance-1005  cl-element-featured_media--sizing-aspect_ratio\"><a class=\"cl-element-featured_media__anchor\" href=\"https:\/\/complior.se\/en\/cybersecurity-law-sweden-requirements\/\" title=\"S\u00e5 m\u00f6ter du cybers\u00e4kerhetslagen med svenska s\u00e4kerhetstj\u00e4nster\"><div class=\"cl-element-featured_media__image\" style=\"background-image: url(https:\/\/complior.se\/wp-content\/uploads\/2026\/03\/testfar-300x169.jpg)\" role=\"img\" aria-label=\"Illustration av cybers\u00e4kerhetslagen i Sverige med s\u00e4kerhetstj\u00e4nster som skyddar data och uppfyller NIS2-krav\"><\/div><\/a><\/div><div class=\"cl-element cl-element-section cl-element--instance-1006 \"><div class=\"cl-element cl-element-taxonomy cl-element--instance-1001 \"><div\t\t\t class=\"cl-element-taxonomy__term\" \t\t\t>\n\t\t\t\tGuides\t\t\t<\/div><\/div><h4 class=\"cl-element cl-element-title cl-element--instance-1002 \"><a class=\"cl-element-title__anchor\" href=\"https:\/\/complior.se\/en\/cybersecurity-law-sweden-requirements\/\" target=\"_blank\">S\u00e5 m\u00f6ter du cybers\u00e4kerhetslagen med svenska s\u00e4kerhetstj\u00e4nster<\/a><\/h4><div class=\"cl-element cl-element-excerpt cl-element--instance-1003 \">Guider S\u00e5 m\u00f6ter du cybers\u00e4kerhetslagen med svenska s\u00e4kerhetstj\u00e4nster 6 min Du beh\u00f6ver inte byta ut [\u2026]<\/div><div class=\"cl-element cl-element-link cl-element--instance-1004 \"><a class=\"cl-element-link__anchor\" href=\"https:\/\/complior.se\/en\/cybersecurity-law-sweden-requirements\/\">L\u00e4s mer \u203a<\/a><\/div><\/div><\/div><\/div><div  class=\"cl-layout__item cl-layout__item--id-79938\" ><div  class=\"cl-template cl-template--post cl-template--id-75076 cl-template--image-top\" ><div class=\"cl-element cl-element-featured_media cl-element--instance-1005  cl-element-featured_media--sizing-aspect_ratio\"><a class=\"cl-element-featured_media__anchor\" href=\"https:\/\/complior.se\/en\/azure-encryption-keys-control\/\" title=\"S\u00e5 s\u00e4krar kommuner data i Azure \u2013 med full kontroll \u00f6ver krypteringsnycklar\"><div class=\"cl-element-featured_media__image\" style=\"background-image: url(https:\/\/complior.se\/wp-content\/uploads\/2026\/03\/1772543211353-300x169.png)\" role=\"img\" aria-label=\"Illustration av en svensk kommun som lagrar data i Microsoft Azure med extern nyckelhantering och full kontroll \u00f6ver krypteringsnycklar\"><\/div><\/a><\/div><div class=\"cl-element cl-element-section cl-element--instance-1006 \"><div class=\"cl-element cl-element-taxonomy cl-element--instance-1001 \"><div\t\t\t class=\"cl-element-taxonomy__term\" \t\t\t>\n\t\t\t\tKundcase\t\t\t<\/div><\/div><h4 class=\"cl-element cl-element-title cl-element--instance-1002 \"><a class=\"cl-element-title__anchor\" href=\"https:\/\/complior.se\/en\/azure-encryption-keys-control\/\" target=\"_blank\">S\u00e5 s\u00e4krar kommuner data i Azure \u2013 med full kontroll \u00f6ver krypteringsnycklar<\/a><\/h4><div class=\"cl-element cl-element-excerpt cl-element--instance-1003 \">Kundcase S\u00e5 s\u00e4krar kommuner data i Azure \u2013 med full kontroll \u00f6ver krypteringsnycklar 5 min [\u2026]<\/div><div class=\"cl-element cl-element-link cl-element--instance-1004 \"><a class=\"cl-element-link__anchor\" href=\"https:\/\/complior.se\/en\/azure-encryption-keys-control\/\">L\u00e4s mer \u203a<\/a><\/div><\/div><\/div><\/div><div  class=\"cl-layout__item cl-layout__item--id-45002\" ><div  class=\"cl-template cl-template--post cl-template--id-75076 cl-template--image-top\" ><div class=\"cl-element cl-element-featured_media cl-element--instance-1005  cl-element-featured_media--sizing-aspect_ratio\"><a class=\"cl-element-featured_media__anchor\" href=\"https:\/\/complior.se\/en\/merry-christmas-2025\/\" title=\"Merry Christmas 2025\"><div class=\"cl-element-featured_media__image\" style=\"background-image: url(https:\/\/complior.se\/wp-content\/uploads\/2023\/03\/Complior-Christmas-2022-02-300x157.png)\" role=\"img\"><\/div><\/a><\/div><div class=\"cl-element cl-element-section cl-element--instance-1006 \"><div class=\"cl-element cl-element-taxonomy cl-element--instance-1001 \"><div\t\t\t class=\"cl-element-taxonomy__term\" \t\t\t>\n\t\t\t\tBlogg\t\t\t<\/div><\/div><h4 class=\"cl-element cl-element-title cl-element--instance-1002 \"><a class=\"cl-element-title__anchor\" href=\"https:\/\/complior.se\/en\/merry-christmas-2025\/\" target=\"_blank\">Merry Christmas 2025<\/a><\/h4><div class=\"cl-element cl-element-excerpt cl-element--instance-1003 \">As the holiday season approaches, we wanted to take a moment to thank you for your support and loyalty during 2025<\/div><div class=\"cl-element cl-element-link cl-element--instance-1004 \"><a class=\"cl-element-link__anchor\" href=\"https:\/\/complior.se\/en\/merry-christmas-2025\/\">L\u00e4s mer \u203a<\/a><\/div><\/div><\/div><\/div><div  class=\"cl-layout__item cl-layout__item--id-73123\" ><div  class=\"cl-template cl-template--post cl-template--id-75076 cl-template--image-top\" ><div class=\"cl-element cl-element-featured_media cl-element--instance-1005  cl-element-featured_media--sizing-aspect_ratio\"><a class=\"cl-element-featured_media__anchor\" href=\"https:\/\/complior.se\/en\/flytta-in-i-nasta-generations-compliant-cloud\/\" title=\"Flytta in i n\u00e4sta generations Compliant Cloud!\"><div class=\"cl-element-featured_media__image\" style=\"background-image: url(https:\/\/complior.se\/wp-content\/uploads\/2024\/03\/Model-e1742825457459-300x246.png)\" role=\"img\" aria-label=\"A stylized image of the Earth with network lines and dots representing global presence, prominently in the background\"><\/div><\/a><\/div><div class=\"cl-element cl-element-section cl-element--instance-1006 \"><div class=\"cl-element cl-element-taxonomy cl-element--instance-1001 \"><div\t\t\t class=\"cl-element-taxonomy__term\" \t\t\t>\n\t\t\t\tNyheter\t\t\t<\/div><\/div><h4 class=\"cl-element cl-element-title cl-element--instance-1002 \"><a class=\"cl-element-title__anchor\" href=\"https:\/\/complior.se\/en\/flytta-in-i-nasta-generations-compliant-cloud\/\" target=\"_blank\">Flytta in i n\u00e4sta generations Compliant Cloud!<\/a><\/h4><div class=\"cl-element cl-element-excerpt cl-element--instance-1003 \">Vi \u00e4r stolta \u00f6ver att presentera en uppgraderad molnplattform som s\u00e4tter en ny standard f\u00f6r s\u00e4kra molntj\u00e4nster i Sverige<\/div><div class=\"cl-element cl-element-link cl-element--instance-1004 \"><a class=\"cl-element-link__anchor\" href=\"https:\/\/complior.se\/en\/flytta-in-i-nasta-generations-compliant-cloud\/\">L\u00e4s mer \u203a<\/a><\/div><\/div><\/div><\/div><div  class=\"cl-layout__item cl-layout__item--id-67021\" ><div  class=\"cl-template cl-template--post cl-template--id-75076 cl-template--image-top\" ><div class=\"cl-element cl-element-featured_media cl-element--instance-1005  cl-element-featured_media--sizing-aspect_ratio\"><a class=\"cl-element-featured_media__anchor\" href=\"https:\/\/complior.se\/en\/kundcase-travel-clearing\/\" title=\"Travel Clearing\"><div class=\"cl-element-featured_media__image\" style=\"background-image: url(https:\/\/complior.se\/wp-content\/uploads\/2024\/03\/9707-300x200.jpg)\" role=\"img\"><\/div><\/a><\/div><div class=\"cl-element cl-element-section cl-element--instance-1006 \"><div class=\"cl-element cl-element-taxonomy cl-element--instance-1001 \"><div\t\t\t class=\"cl-element-taxonomy__term\" \t\t\t>\n\t\t\t\tKundcase\t\t\t<\/div><\/div><h4 class=\"cl-element cl-element-title cl-element--instance-1002 \"><a class=\"cl-element-title__anchor\" href=\"https:\/\/complior.se\/en\/kundcase-travel-clearing\/\" target=\"_blank\">Travel Clearing<\/a><\/h4><div class=\"cl-element cl-element-excerpt cl-element--instance-1003 \">Travel Clearing f\u00f6rb\u00e4ttrar betalningar med Complior&#8217;s PCI-certifierade hosting f\u00f6r \u00f6kad s\u00e4kerhet och automatisering.<\/div><div class=\"cl-element cl-element-link cl-element--instance-1004 \"><a class=\"cl-element-link__anchor\" href=\"https:\/\/complior.se\/en\/kundcase-travel-clearing\/\">L\u00e4s mer \u203a<\/a><\/div><\/div><\/div><\/div><div  class=\"cl-layout__item cl-layout__item--id-65074\" ><div  class=\"cl-template cl-template--post cl-template--id-75076 cl-template--image-top\" ><div class=\"cl-element cl-element-featured_media cl-element--instance-1005  cl-element-featured_media--sizing-aspect_ratio\"><a class=\"cl-element-featured_media__anchor\" href=\"https:\/\/complior.se\/en\/ebook-saker-lagring\/\" title=\"Gratis nedladdning eBook: S\u00e4ker Lagring\"><div class=\"cl-element-featured_media__image\" style=\"background-image: url(https:\/\/complior.se\/wp-content\/uploads\/2024\/03\/document-management-300x169.jpg)\" role=\"img\" aria-label=\"Document Management System (DMS) being setup by IT consultant working on laptop computer in office. Software for archiving, searching and managing corporate files and information\"><\/div><\/a><\/div><div class=\"cl-element cl-element-section cl-element--instance-1006 \"><div class=\"cl-element cl-element-taxonomy cl-element--instance-1001 \"><div\t\t\t class=\"cl-element-taxonomy__term\" \t\t\t>\n\t\t\t\tGuides\t\t\t<\/div><div\t\t\t class=\"cl-element-taxonomy__term\" \t\t\t>\n\t\t\t\tKunskapscenter\t\t\t<\/div><\/div><h4 class=\"cl-element cl-element-title cl-element--instance-1002 \"><a class=\"cl-element-title__anchor\" href=\"https:\/\/complior.se\/en\/ebook-saker-lagring\/\" target=\"_blank\">Gratis nedladdning eBook: S\u00e4ker Lagring<\/a><\/h4><div class=\"cl-element cl-element-excerpt cl-element--instance-1003 \">S\u00e4ker lagring \u00e4r en viktig strategi f\u00f6r s\u00e4kerhetsmedvetna kommuner och f\u00f6retag. <\/div><div class=\"cl-element cl-element-link cl-element--instance-1004 \"><a class=\"cl-element-link__anchor\" href=\"https:\/\/complior.se\/en\/ebook-saker-lagring\/\">L\u00e4s mer \u203a<\/a><\/div><\/div><\/div><\/div><div  class=\"cl-layout__item cl-layout__item--id-64702\" ><div  class=\"cl-template cl-template--post cl-template--id-75076 cl-template--image-top\" ><div class=\"cl-element cl-element-featured_media cl-element--instance-1005  cl-element-featured_media--sizing-aspect_ratio\"><a class=\"cl-element-featured_media__anchor\" href=\"https:\/\/complior.se\/en\/saker-lagring-del-4\/\" title=\"S\u00e4ker lagring: Del 4\"><div class=\"cl-element-featured_media__image\" style=\"background-image: url(https:\/\/complior.se\/wp-content\/uploads\/2024\/03\/folder-sharing-online-300x179.jpg)\" role=\"img\" aria-label=\"Person working on laptop and looking at online secure file sharing and inspection\"><\/div><\/a><\/div><div class=\"cl-element cl-element-section cl-element--instance-1006 \"><div class=\"cl-element cl-element-taxonomy cl-element--instance-1001 \"><div\t\t\t class=\"cl-element-taxonomy__term\" \t\t\t>\n\t\t\t\tBlogg\t\t\t<\/div><\/div><h4 class=\"cl-element cl-element-title cl-element--instance-1002 \"><a class=\"cl-element-title__anchor\" href=\"https:\/\/complior.se\/en\/saker-lagring-del-4\/\" target=\"_blank\">S\u00e4ker lagring: Del 4<\/a><\/h4><div class=\"cl-element cl-element-excerpt cl-element--instance-1003 \">Tydlig sp\u00e5rbarhet genom loggning av alla \u00e5tkomstf\u00f6rs\u00f6k och datatransaktioner \u00e4r en avg\u00f6randekomponent f\u00f6r att f\u00f6rhindra s\u00e4kerhetsincidenter.<\/div><div class=\"cl-element cl-element-link cl-element--instance-1004 \"><a class=\"cl-element-link__anchor\" href=\"https:\/\/complior.se\/en\/saker-lagring-del-4\/\">L\u00e4s mer \u203a<\/a><\/div><\/div><\/div><\/div><div  class=\"cl-layout__item cl-layout__item--id-64692\" ><div  class=\"cl-template cl-template--post cl-template--id-75076 cl-template--image-top\" ><div class=\"cl-element cl-element-featured_media cl-element--instance-1005  cl-element-featured_media--sizing-aspect_ratio\"><a class=\"cl-element-featured_media__anchor\" href=\"https:\/\/complior.se\/en\/saker-lagring-del-3\/\" title=\"S\u00e4ker lagring: Del 3\"><div class=\"cl-element-featured_media__image\" style=\"background-image: url(https:\/\/complior.se\/wp-content\/uploads\/2024\/03\/File-sharing-online-300x200.jpg)\" role=\"img\" aria-label=\"Person working on laptop and looking at online secure file sharing\"><\/div><\/a><\/div><div class=\"cl-element cl-element-section cl-element--instance-1006 \"><div class=\"cl-element cl-element-taxonomy cl-element--instance-1001 \"><div\t\t\t class=\"cl-element-taxonomy__term\" \t\t\t>\n\t\t\t\tBlogg\t\t\t<\/div><\/div><h4 class=\"cl-element cl-element-title cl-element--instance-1002 \"><a class=\"cl-element-title__anchor\" href=\"https:\/\/complior.se\/en\/saker-lagring-del-3\/\" target=\"_blank\">S\u00e4ker lagring: Del 3<\/a><\/h4><div class=\"cl-element cl-element-excerpt cl-element--instance-1003 \">Att kunna dela information s\u00e4kert \u00e4r en kritisk funktion f\u00f6r m\u00e5nga organisationer, s\u00e4rskilt de somarbetar i projekt med externa partners<\/div><div class=\"cl-element cl-element-link cl-element--instance-1004 \"><a class=\"cl-element-link__anchor\" href=\"https:\/\/complior.se\/en\/saker-lagring-del-3\/\">L\u00e4s mer \u203a<\/a><\/div><\/div><\/div><\/div><\/div><div class=\"cl-pagination\"><span aria-current=\"page\" class=\"page-numbers current\">1<\/span>\n<a class=\"page-numbers\" href=\"https:\/\/complior.se\/en\/wp-json\/wp\/v2\/pages\/2\/\">2<\/a>\n<a class=\"page-numbers\" href=\"https:\/\/complior.se\/en\/wp-json\/wp\/v2\/pages\/3\/\">3<\/a>\n<span class=\"page-numbers dots\">&hellip;<\/span>\n<a class=\"page-numbers\" href=\"https:\/\/complior.se\/en\/wp-json\/wp\/v2\/pages\/18\/\">18<\/a>\n<a class=\"next page-numbers\" href=\"https:\/\/complior.se\/en\/wp-json\/wp\/v2\/pages\/2\/\">Next &raquo;<\/a><\/div><\/div>","protected":false},"excerpt":{"rendered":"","protected":false},"author":3,"featured_media":0,"parent":0,"menu_order":0,"comment_status":"closed","ping_status":"closed","template":"wp-custom-template-resources","meta":{"_editorskit_title_hidden":true,"_editorskit_reading_time":0,"_editorskit_is_block_options_detached":false,"_editorskit_block_options_position":"{}","_eb_attr":"","inline_featured_image":false,"_uag_custom_page_level_css":"","wpm_timeformat":"","_wpm_styles":"","footnotes":""},"class_list":["post-74404","page","type-page","status-publish","hentry"],"yoast_head":"<!-- This site is optimized with the Yoast SEO plugin v27.4 - https:\/\/yoast.com\/product\/yoast-seo-wordpress\/ -->\n<title>Resurser - Complior<\/title>\n<meta name=\"robots\" content=\"index, follow, max-snippet:-1, max-image-preview:large, max-video-preview:-1\" \/>\n<link rel=\"canonical\" href=\"https:\/\/complior.se\/en\/resources\/\" \/>\n<meta property=\"og:locale\" content=\"en_GB\" \/>\n<meta property=\"og:type\" content=\"article\" \/>\n<meta property=\"og:title\" content=\"Resurser - Complior\" \/>\n<meta property=\"og:url\" content=\"https:\/\/complior.se\/en\/resources\/\" \/>\n<meta property=\"og:site_name\" content=\"Complior\" \/>\n<meta property=\"article:modified_time\" content=\"2026-01-10T16:46:17+00:00\" \/>\n<meta name=\"twitter:card\" content=\"summary_large_image\" \/>\n<meta name=\"twitter:label1\" content=\"Estimated reading time\" \/>\n\t<meta name=\"twitter:data1\" content=\"1 minute\" \/>\n<script type=\"application\/ld+json\" class=\"yoast-schema-graph\">{\"@context\":\"https:\\\/\\\/schema.org\",\"@graph\":[{\"@type\":\"WebPage\",\"@id\":\"https:\\\/\\\/complior.se\\\/resources\\\/\",\"url\":\"https:\\\/\\\/complior.se\\\/resources\\\/\",\"name\":\"Resurser - Complior\",\"isPartOf\":{\"@id\":\"https:\\\/\\\/complior.se\\\/#website\"},\"datePublished\":\"2025-10-25T21:46:24+00:00\",\"dateModified\":\"2026-01-10T16:46:17+00:00\",\"breadcrumb\":{\"@id\":\"https:\\\/\\\/complior.se\\\/resources\\\/#breadcrumb\"},\"inLanguage\":\"en-GB\",\"potentialAction\":[{\"@type\":\"ReadAction\",\"target\":[\"https:\\\/\\\/complior.se\\\/resources\\\/\"]}]},{\"@type\":\"BreadcrumbList\",\"@id\":\"https:\\\/\\\/complior.se\\\/resources\\\/#breadcrumb\",\"itemListElement\":[{\"@type\":\"ListItem\",\"position\":1,\"name\":\"Home\",\"item\":\"https:\\\/\\\/complior.se\\\/\"},{\"@type\":\"ListItem\",\"position\":2,\"name\":\"Resurser\"}]},{\"@type\":\"WebSite\",\"@id\":\"https:\\\/\\\/complior.se\\\/#website\",\"url\":\"https:\\\/\\\/complior.se\\\/\",\"name\":\"Complior\",\"description\":\"Security beyond compliance\",\"publisher\":{\"@id\":\"https:\\\/\\\/complior.se\\\/#organization\"},\"potentialAction\":[{\"@type\":\"SearchAction\",\"target\":{\"@type\":\"EntryPoint\",\"urlTemplate\":\"https:\\\/\\\/complior.se\\\/?s={search_term_string}\"},\"query-input\":{\"@type\":\"PropertyValueSpecification\",\"valueRequired\":true,\"valueName\":\"search_term_string\"}}],\"inLanguage\":\"en-GB\"},{\"@type\":\"Organization\",\"@id\":\"https:\\\/\\\/complior.se\\\/#organization\",\"name\":\"Complior\",\"url\":\"https:\\\/\\\/complior.se\\\/\",\"logo\":{\"@type\":\"ImageObject\",\"inLanguage\":\"en-GB\",\"@id\":\"https:\\\/\\\/complior.se\\\/#\\\/schema\\\/logo\\\/image\\\/\",\"url\":\"https:\\\/\\\/complior.se\\\/wp-content\\\/uploads\\\/2025\\\/06\\\/Complior_logo_dark-scaled.png\",\"contentUrl\":\"https:\\\/\\\/complior.se\\\/wp-content\\\/uploads\\\/2025\\\/06\\\/Complior_logo_dark-scaled.png\",\"width\":2560,\"height\":960,\"caption\":\"Complior\"},\"image\":{\"@id\":\"https:\\\/\\\/complior.se\\\/#\\\/schema\\\/logo\\\/image\\\/\"}}]}<\/script>\n<!-- \/ Yoast SEO plugin. -->","yoast_head_json":{"title":"Resurser - Complior","robots":{"index":"index","follow":"follow","max-snippet":"max-snippet:-1","max-image-preview":"max-image-preview:large","max-video-preview":"max-video-preview:-1"},"canonical":"https:\/\/complior.se\/en\/resources\/","og_locale":"en_GB","og_type":"article","og_title":"Resurser - Complior","og_url":"https:\/\/complior.se\/en\/resources\/","og_site_name":"Complior","article_modified_time":"2026-01-10T16:46:17+00:00","twitter_card":"summary_large_image","twitter_misc":{"Estimated reading time":"1 minute"},"schema":{"@context":"https:\/\/schema.org","@graph":[{"@type":"WebPage","@id":"https:\/\/complior.se\/resources\/","url":"https:\/\/complior.se\/resources\/","name":"Resurser - Complior","isPartOf":{"@id":"https:\/\/complior.se\/#website"},"datePublished":"2025-10-25T21:46:24+00:00","dateModified":"2026-01-10T16:46:17+00:00","breadcrumb":{"@id":"https:\/\/complior.se\/resources\/#breadcrumb"},"inLanguage":"en-GB","potentialAction":[{"@type":"ReadAction","target":["https:\/\/complior.se\/resources\/"]}]},{"@type":"BreadcrumbList","@id":"https:\/\/complior.se\/resources\/#breadcrumb","itemListElement":[{"@type":"ListItem","position":1,"name":"Home","item":"https:\/\/complior.se\/"},{"@type":"ListItem","position":2,"name":"Resurser"}]},{"@type":"WebSite","@id":"https:\/\/complior.se\/#website","url":"https:\/\/complior.se\/","name":"Complior","description":"Security beyond compliance","publisher":{"@id":"https:\/\/complior.se\/#organization"},"potentialAction":[{"@type":"SearchAction","target":{"@type":"EntryPoint","urlTemplate":"https:\/\/complior.se\/?s={search_term_string}"},"query-input":{"@type":"PropertyValueSpecification","valueRequired":true,"valueName":"search_term_string"}}],"inLanguage":"en-GB"},{"@type":"Organization","@id":"https:\/\/complior.se\/#organization","name":"Complior","url":"https:\/\/complior.se\/","logo":{"@type":"ImageObject","inLanguage":"en-GB","@id":"https:\/\/complior.se\/#\/schema\/logo\/image\/","url":"https:\/\/complior.se\/wp-content\/uploads\/2025\/06\/Complior_logo_dark-scaled.png","contentUrl":"https:\/\/complior.se\/wp-content\/uploads\/2025\/06\/Complior_logo_dark-scaled.png","width":2560,"height":960,"caption":"Complior"},"image":{"@id":"https:\/\/complior.se\/#\/schema\/logo\/image\/"}}]}},"uagb_featured_image_src":{"full":false,"thumbnail":false,"medium":false,"medium_large":false,"large":false,"1536x1536":false,"2048x2048":false,"trp-custom-language-flag":false},"uagb_author_info":{"display_name":"Johan Challita","author_link":"https:\/\/complior.se\/en\/author\/johan-challita\/"},"uagb_comment_info":0,"uagb_excerpt":null,"_links":{"self":[{"href":"https:\/\/complior.se\/en\/wp-json\/wp\/v2\/pages\/74404","targetHints":{"allow":["GET"]}}],"collection":[{"href":"https:\/\/complior.se\/en\/wp-json\/wp\/v2\/pages"}],"about":[{"href":"https:\/\/complior.se\/en\/wp-json\/wp\/v2\/types\/page"}],"author":[{"embeddable":true,"href":"https:\/\/complior.se\/en\/wp-json\/wp\/v2\/users\/3"}],"replies":[{"embeddable":true,"href":"https:\/\/complior.se\/en\/wp-json\/wp\/v2\/comments?post=74404"}],"version-history":[{"count":27,"href":"https:\/\/complior.se\/en\/wp-json\/wp\/v2\/pages\/74404\/revisions"}],"predecessor-version":[{"id":75257,"href":"https:\/\/complior.se\/en\/wp-json\/wp\/v2\/pages\/74404\/revisions\/75257"}],"wp:attachment":[{"href":"https:\/\/complior.se\/en\/wp-json\/wp\/v2\/media?parent=74404"}],"curies":[{"name":"wp","href":"https:\/\/api.w.org\/{rel}","templated":true}]}}